{"id":10327,"date":"2024-07-26T07:41:57","date_gmt":"2024-07-26T07:41:57","guid":{"rendered":"https:\/\/baltics.buysteelgrit.com\/terms-of-service\/"},"modified":"2024-07-26T08:27:27","modified_gmt":"2024-07-26T08:27:27","slug":"terms-of-service","status":"publish","type":"page","link":"https:\/\/baltics.buysteelgrit.com\/lt\/terms-of-service\/","title":{"rendered":"Paslaug\u0173 teikimo s\u0105lygos"},"content":{"rendered":"\n<p><strong>AP\u017dVALGA<\/strong><\/p>\n\n\n\n<p>\u0160i svetain\u0117 yra valdomos Abrasive. Visame svetain\u0117s turinyje terminai \u201emes\u201c, \u201emums\u201c ir \u201em\u016bs\u0173\u201c rei\u0161kia Abrasive komand\u0105. Si\u016blome \u0161i\u0105 svetain\u0119, \u012fskaitant vis\u0105 informacij\u0105, \u012frankius ir paslaugas, prieinamas i\u0161 \u0161ios svetain\u0117s jums, vartotojui, pagal j\u016bs\u0173 sutikim\u0105 su visomis s\u0105lygomis, taisykl\u0117mis, politikomis ir prane\u0161imais, nurodytais \u010dia.<\/p>\n\n\n\n<p>Apsilankydami m\u016bs\u0173 svetain\u0117je ir\/arba \u012fsigydami k\u0105 nors i\u0161 m\u016bs\u0173, j\u016bs \u012fsitraukiate \u012f m\u016bs\u0173 \u201ePaslaug\u0105\u201c ir sutinkate laikytis \u0161i\u0173 s\u0105lyg\u0173 (\u201ePaslaug\u0173 teikimo s\u0105lygos\u201c, \u201eS\u0105lygos\u201c), \u012fskaitant papildomas s\u0105lygas ir politik\u0105, nurodytas \u010dia ir\/arba prieinamas per nuorodas. \u0160ios Paslaug\u0173 teikimo s\u0105lygos taikomos visiems svetain\u0117s vartotojams, \u012fskaitant, bet neapsiribojant, vartotojus, kurie yra nar\u0161ytojai, pardav\u0117jai, klientai, prekybininkai ir\/arba turinio teik\u0117jai.<\/p>\n\n\n\n<p>Pra\u0161ome atid\u017eiai perskaityti \u0161ias Paslaug\u0173 teikimo s\u0105lygas prie\u0161 prieidami prie svetain\u0117s arba j\u0105 naudodami. Apsilankydami ar naudodami bet kuri\u0105 svetain\u0117s dal\u012f, j\u016bs sutinkate laikytis \u0161i\u0173 Paslaug\u0173 teikimo s\u0105lyg\u0173. Jei nesutinkate su visomis \u0161io susitarimo s\u0105lygomis, negalite pasiekti svetain\u0117s ar naudoti joki\u0173 paslaug\u0173. Jei \u0161ios Paslaug\u0173 teikimo s\u0105lygos laikomos pasi\u016blymu, pri\u0117mimas ai\u0161kiai ribojamas \u0161iomis Paslaug\u0173 teikimo s\u0105lygomis.<\/p>\n\n\n\n<p>Bet kokios naujos funkcijos ar \u012frankiai, prid\u0117ti prie esamos parduotuv\u0117s, taip pat bus taikomi \u0161ios Paslaug\u0173 teikimo s\u0105lygoms. Galite per\u017ei\u016br\u0117ti dabartin\u0119 \u0161i\u0173 Paslaug\u0173 teikimo s\u0105lyg\u0173 versij\u0105 bet kuriuo metu \u0161ioje puslapyje. Pasiliekame teis\u0119 atnaujinti, keisti ar pakeisti bet kuri\u0105 \u0161i\u0173 Paslaug\u0173 teikimo s\u0105lyg\u0173 dal\u012f, paskelbdami atnaujinimus ir\/arba pakeitimus m\u016bs\u0173 svetain\u0117je. J\u016bs\u0173 atsakomyb\u0117 yra reguliariai tikrinti \u0161\u012f puslap\u012f d\u0117l pakeitim\u0173. J\u016bs\u0173 tolesnis svetain\u0117s naudojimas arba prieiga po bet koki\u0173 pakeitim\u0173 paskelbimo rei\u0161kia, kad sutinkate su tais pakeitimais.<\/p>\n\n\n\n<p>M\u016bs\u0173 parduotuv\u0117 yra talpinama \u201eShopify Inc.\u201c, kurie suteikia mums internetin\u0119 e-komercijos platform\u0105, leid\u017eian\u010di\u0105 mums parduoti m\u016bs\u0173 produktus ir paslaugas jums.<\/p>\n\n\n\n<p><strong>1 SKYRIUS &#8211; INTERNETIN\u0116S PARDUOTUV\u0116S S\u0104LYGOS<\/strong><\/p>\n\n\n\n<p>Sutikdami su \u0161iomis Paslaug\u0173 teikimo s\u0105lygomis, j\u016bs patvirtinate, kad esate bent jau pilnametis savo valstijoje ar provincijoje, arba kad esate pilnametis savo valstijoje ar provincijoje ir suteik\u0117te mums savo sutikim\u0105 leisti bet kuriam j\u016bs\u0173 nepilname\u010diam priklausomam asmeniui naudotis \u0161ia svetaine.<\/p>\n\n\n\n<p>Negalite naudoti m\u016bs\u0173 produkt\u0173 jokioms neteis\u0117toms ar neleistinoms paskirtims, taip pat negalite, naudodami Paslaug\u0105, pa\u017eeisti joki\u0173 \u012fstatym\u0173 j\u016bs\u0173 jurisdikcijoje (\u012fskaitant, bet neapsiribojant, autori\u0173 teisi\u0173 \u012fstatymais).<\/p>\n\n\n\n<p>J\u016bs neturite perduoti jokio kenk\u0117ji\u0161ko kodo ar virus\u0173.<\/p>\n\n\n\n<p>Kiekvienas pa\u017eeidimas ar \u0161i\u0173 s\u0105lyg\u0173 pa\u017eeidimas lemia j\u016bs\u0173 Paslaug\u0173 nutraukim\u0105.<\/p>\n\n\n\n<p><strong>2 SKYRIUS &#8211; BENDROSIOS S\u0104LYGOS<\/strong><\/p>\n\n\n\n<p>Pasiliekame teis\u0119 atsisakyti paslaugos bet kam d\u0117l bet kokios prie\u017easties bet kuriuo metu.<\/p>\n\n\n\n<p>J\u016bs suprantate, kad j\u016bs\u0173 turinys (ne\u012fskaitant kredito kortel\u0117s informacijos) gali b\u016bti perduotas ne\u0161ifruotai ir gali apimti (a) perdavimus per \u012fvairias tinkl\u0173 sistemas; ir (b) pakeitimus, kad atitikt\u0173 ir prisitaikyt\u0173 prie technini\u0173 reikalavim\u0173, susijusi\u0173 su tinkl\u0173 ar \u012frengini\u0173 jungtimis. Kredito kortel\u0117s informacija visada yra \u0161ifruojama per tinklus.<\/p>\n\n\n\n<p>Sutinkate, kad nereprodukuosite, nedublikuosite, nekopijuosite, neparduosite, neperparduosite ar kitaip nei\u0161naudosite jokios Paslaugos dalies, Paslaugos naudojimo ar prieigos prie Paslaugos ar bet kurio svetain\u0117je esan\u010dio kontakto, per kur\u012f teikiama paslauga, be m\u016bs\u0173 i\u0161ankstinio ra\u0161ti\u0161ko leidimo.<\/p>\n\n\n\n<p>\u0160io susitarimo antra\u0161t\u0117s pateikiamos tik patogumui ir neapriboja \u0161i\u0173 S\u0105lyg\u0173 galiojimo.<\/p>\n\n\n\n<p><strong>3 SKYRIUS &#8211; INFORMACIJOS TIKSLUMAS, I\u0160SAMUMAS IR LAIKYMASIS<\/strong><\/p>\n\n\n\n<p>Mes nesame atsakingi, jei svetain\u0117je pateikta informacija n\u0117ra tiksli, i\u0161sami ar atnaujinta. Svetain\u0117je pateiktas turinys yra skirtas tik bendram informacijai ir netur\u0117t\u0173 b\u016bti naudojamas kaip vienintelis sprendimo pagrindas be konsultacijos su pagrindiniais, tikslesniais, i\u0161samesniais ar laiku pateiktais informacijos \u0161altiniais. Pasikliauti svetain\u0117je pateiktu turiniu yra j\u016bs\u0173 pa\u010di\u0173 rizika.<\/p>\n\n\n\n<p>\u0160ioje svetain\u0117je gali b\u016bti tam tikra istorin\u0117 informacija. Istorin\u0117 informacija, savaime suprantama, n\u0117ra aktuali ir pateikiama tik j\u016bs\u0173 nuorodai. Pasiliekame teis\u0119 bet kuriuo metu keisti \u0161ios svetain\u0117s turin\u012f, ta\u010diau neturime \u012fsipareigojimo atnaujinti jokios informacijos m\u016bs\u0173 svetain\u0117je. Sutinkate, kad jums priklauso atsakomyb\u0117 steb\u0117ti m\u016bs\u0173 svetain\u0117s poky\u010dius.<\/p>\n\n\n\n<p><strong>4 SKYRIUS &#8211; PASLAUG\u0172 IR KAIN\u0172 MODIFIKAVIMAS<\/strong><\/p>\n\n\n\n<p>M\u016bs\u0173 produkt\u0173 kainos gali keistis be i\u0161ankstinio \u012fsp\u0117jimo.<\/p>\n\n\n\n<p>Pasiliekame teis\u0119 bet kuriuo metu keisti arba nutraukti Paslaug\u0105 (arba bet kuri\u0105 jos dal\u012f ar turin\u012f) be \u012fsp\u0117jimo bet kuriuo metu.<\/p>\n\n\n\n<p>Mes neb\u016bsime atsakingi jums ar tre\u010diosioms \u0161alims u\u017e bet kokius pakeitimus, kain\u0173 poky\u010dius, paslaugos sustabdym\u0105 ar nutraukim\u0105.<\/p>\n\n\n\n<p><strong>5 SKYRIUS &#8211; PRODUKTAI AR PASLAUGOS (jei taikoma)<\/strong><\/p>\n\n\n\n<p>Tam tikri produktai ar paslaugos gali b\u016bti prieinami tik internetu per svetain\u0119. \u0160ie produktai ar paslaugos gali b\u016bti riboto kiekio ir gr\u0105\u017einami ar kei\u010diami tik pagal m\u016bs\u0173 Gr\u0105\u017einimo politik\u0105.<\/p>\n\n\n\n<p>Mes padar\u0117me visk\u0105, kad kuo tiksliau atspind\u0117tume m\u016bs\u0173 produkt\u0173 spalvas ir vaizdus, rodomus parduotuv\u0117je. Negalime garantuoti, kad j\u016bs\u0173 kompiuterio monitoriaus spalv\u0173 rodymas bus tikslus.<\/p>\n\n\n\n<p>Pasiliekame teis\u0119, bet nesame \u012fpareigoti, apriboti m\u016bs\u0173 produkt\u0173 ar paslaug\u0173 pardavim\u0105 bet kuriai asmeniui, geografinei teritorijai ar jurisdikcijai. \u0160i\u0105 teis\u0119 galime taikyti atskirais atvejais. Pasiliekame teis\u0119 riboti bet koki\u0173 produkt\u0173 ar paslaug\u0173 kiek\u012f, kur\u012f si\u016blome. Visi produkt\u0173 ar produkt\u0173 kain\u0173 apra\u0161ymai gali keistis bet kuriuo metu be \u012fsp\u0117jimo, m\u016bs\u0173 i\u0161imtinai sprendimu. Pasiliekame teis\u0119 bet kuriuo metu nutraukti bet kur\u012f produkt\u0105. Bet koks pasi\u016blymas d\u0117l bet kurio produkto ar paslaugos, pateiktas \u0161ioje svetain\u0117je, yra negaliojantis ten, kur tai draud\u017eiama.<\/p>\n\n\n\n<p>Mes negarantuojame, kad bet kokios produkt\u0173, paslaug\u0173, informacijos ar kit\u0173 med\u017eiag\u0173, kurias \u012fsigyjate ar gaunate i\u0161 m\u016bs\u0173, kokyb\u0117 atitiks j\u016bs\u0173 l\u016bkes\u010dius, arba kad paslaug\u0173 klaidos bus i\u0161taisytos.<\/p>\n\n\n\n<p><strong>6 SKYRIUS &#8211; S\u0104SKAITOS IR BILLINGO INFORMACIJOS TIKSLUMAS<\/strong><\/p>\n\n\n\n<p>Pasiliekame teis\u0119 atsisakyti bet kurio j\u016bs\u0173 pateikto u\u017esakymo. Mes galime, savo nuo\u017ei\u016bra, riboti arba at\u0161aukti kiek\u012f, kur\u012f pirko kiekvienas asmuo, nam\u0173 \u016bkis ar u\u017esakymas. \u0160ios ribojimo s\u0105lygos gali apimti u\u017esakymus, pateiktus pagal t\u0105 pa\u010di\u0105 klient\u0173 paskyr\u0105, t\u0105 pa\u010di\u0105 kredito kortel\u0119 ir\/arba u\u017esakymus, kuriuose naudojamas tas pats billing ir\/arba pristatymo adresas. Jei mes atliksime pakeitimus ar at\u0161auksime u\u017esakym\u0105, galime bandyti prane\u0161ti jums, susisiekdami su elektroninio pa\u0161to ir\/arba billing adresu\/telefonu, pateiktu u\u017esakymo pateikimo metu. Pasiliekame teis\u0119 riboti ar drausti u\u017esakymus, kurie, m\u016bs\u0173 nuomone, atrodo, buvo pateikti prekiautoj\u0173, perpardav\u0117j\u0173 ar distributori\u0173.<\/p>\n\n\n\n<p>Sutinkate pateikti tiksli\u0105, i\u0161sami\u0105 ir tiksl\u0173 pirkimo ir paskyros informacij\u0105 u\u017e visus pirkimus m\u016bs\u0173 parduotuv\u0117je. Sutinkate nedelsdami atnaujinti savo paskyr\u0105 ir kit\u0105 informacij\u0105, \u012fskaitant savo elektroninio pa\u0161to adres\u0105 ir kredito kortel\u0117s numerius bei galiojimo datas, kad gal\u0117tume u\u017ebaigti j\u016bs\u0173 sandorius ir, jei reikia, susisiekti su jumis.<\/p>\n\n\n\n<p>Daugiau informacijos rasite m\u016bs\u0173 Gr\u0105\u017einimo politikoje.<\/p>\n\n\n\n<p><strong>7 SKYRIUS &#8211; PASIRINKTINIAI \u012eRANKIAI<\/strong><\/p>\n\n\n\n<p>Galime suteikti jums prieig\u0105 prie tre\u010di\u0173j\u0173 \u0161ali\u0173 \u012franki\u0173, kuri\u0173 nepri\u017ei\u016brime ir neturime jokios kontrol\u0117s ar \u012ftakos.<\/p>\n\n\n\n<p>J\u016bs pripa\u017e\u012fstate ir sutinkate, kad mes suteikiame prieig\u0105 prie toki\u0173 \u012franki\u0173 \u201ekaip yra\u201c ir \u201ekaip prieinama\u201c, be joki\u0173 garantij\u0173, atstovybi\u0173 ar s\u0105lyg\u0173 ir be jokio pritarimo. Mes nesame atsakingi u\u017e jokias pasekmes, susijusias su j\u016bs\u0173 pasirinktinio tre\u010di\u0173j\u0173 \u0161ali\u0173 \u012franki\u0173 naudojimu.<\/p>\n\n\n\n<p>Bet koks j\u016bs\u0173 naudojimasis pasirinktiniais \u012frankiais, si\u016blomais svetain\u0117je, yra visi\u0161kai j\u016bs\u0173 rizika ir nuo\u017ei\u016bra, ir tur\u0117tum\u0117te \u012fsitikinti, kad esate susipa\u017ein\u0119 ir sutinkate su s\u0105lygomis, pagal kurias \u012frankius teikia atitinkamas tre\u010di\u0173j\u0173 \u0161ali\u0173 tiek\u0117jas.<\/p>\n\n\n\n<p>Mes taip pat galime ateityje pasi\u016blyti naujas paslaugas ir\/arba funkcijas per svetain\u0119 (\u012fskaitant nauj\u0173 \u012franki\u0173 ir i\u0161tekli\u0173 i\u0161leidim\u0105). Tokios naujos funkcijos ir\/ar paslaugos taip pat bus taikomos \u0161iems Paslaug\u0173 teikimo s\u0105lygoms.<\/p>\n\n\n\n<p><strong>8 SKYRIUS &#8211; TRE\u010cI\u0172J\u0172 \u0160ALI\u0172 NUORODOS<\/strong><\/p>\n\n\n\n<p>Tam tikras turinys, produktai ir paslaugos, prieinami per m\u016bs\u0173 Paslaug\u0105, gali apimti med\u017eiag\u0105 i\u0161 tre\u010di\u0173j\u0173 \u0161ali\u0173.<\/p>\n\n\n\n<p>Tre\u010di\u0173j\u0173 \u0161ali\u0173 nuorodos \u0161ioje svetain\u0117je gali nukreipti jus \u012f tre\u010di\u0173j\u0173 \u0161ali\u0173 svetaines, kurios n\u0117ra susijusios su mumis. Mes nesame atsakingi u\u017e tre\u010di\u0173j\u0173 \u0161ali\u0173 turinio ar tikslumo vertinim\u0105 ir negarantuojame bei nesame atsakingi u\u017e tre\u010di\u0173j\u0173 \u0161ali\u0173 med\u017eiag\u0105 ar svetaines, arba bet koki\u0105 kit\u0105 tre\u010di\u0173j\u0173 \u0161ali\u0173 med\u017eiag\u0105, produktus ar paslaugas.<\/p>\n\n\n\n<p>Mes nesame atsakingi u\u017e bet kokius nuostolius ar \u017eal\u0105, susijusi\u0105 su preki\u0173, paslaug\u0173, i\u0161tekli\u0173, turinio ar bet koki\u0173 kit\u0173 sandori\u0173, atlikt\u0173 susijusiose su tre\u010di\u0173j\u0173 \u0161ali\u0173 svetain\u0117mis. Pra\u0161ome atid\u017eiai per\u017ei\u016br\u0117ti tre\u010di\u0173j\u0173 \u0161ali\u0173 politik\u0105 ir praktik\u0105 ir \u012fsitikinti, kad jas suprantate prie\u0161 prad\u0117dami bet kok\u012f sandor\u012f. Skundus, reikalavimus, r\u016bpes\u010dius ar klausimus d\u0117l tre\u010di\u0173j\u0173 \u0161ali\u0173 produkt\u0173 tur\u0117tum\u0117te si\u0173sti tre\u010diosioms \u0161alims.<\/p>\n\n\n\n<p><strong>9 SKYRIUS &#8211; VARTOTOJO KOMENTARAI, ATSILIEPIMAI IR KITI PATEIKIMAI<\/strong><\/p>\n\n\n\n<p>Jei, m\u016bs\u0173 pra\u0161ymu, pateikiate tam tikras konkre\u010dias pateikimus (pavyzd\u017eiui, konkurso \u012fra\u0161us) arba be m\u016bs\u0173 pra\u0161ymo siun\u010diate k\u016brybinius id\u0117jas, pasi\u016blymus, planus ar kitus med\u017eiagos, interneto, elektroninio pa\u0161to, pa\u0161tu ar kitu b\u016bdu (kolektyviai \u201ekomentarai\u201c), sutinkate, kad mes galime bet kuriuo metu, be apribojim\u0173, redaguoti, kopijuoti, skelbti, platinti, versti ir kitaip naudoti bet kokius komentarus, kuriuos siun\u010diate mums. Mes neturime joki\u0173 \u012fsipareigojim\u0173 (1) laikyti bet kokius komentarus konfidencialiais; (2) mok\u0117ti kompensacijos u\u017e bet kokius komentarus; arba (3) atsakyti \u012f bet kokius komentarus.<\/p>\n\n\n\n<p>Mes galime, bet neturime \u012fsipareigojimo, steb\u0117ti, redaguoti ar pa\u0161alinti turin\u012f, kur\u012f, m\u016bs\u0173 nuomone, yra neteis\u0117tas, \u012f\u017eeid\u017eiantis, grasinantis, \u0161mei\u017eiki\u0161kas, nepagarbus ar kitaip nepriimtinas, arba pa\u017eeid\u017eia bet kokios \u0161alies intelektin\u0119 nuosavyb\u0119 ar \u0161ias Paslaug\u0173 teikimo s\u0105lygas.<\/p>\n\n\n\n<p>Sutinkate, kad j\u016bs\u0173 komentarai nepa\u017eeis joki\u0173 tre\u010di\u0173j\u0173 \u0161ali\u0173 teisi\u0173, \u012fskaitant autori\u0173 teises, preki\u0173 \u017eenklus, privatumo, asmeninius ar kitus asmeninius ar nuosavyb\u0117s teises. Be to, sutinkate, kad j\u016bs\u0173 komentarai netur\u0117s \u0161mei\u017eiki\u0161ko ar kitaip neteis\u0117to, \u012f\u017eeid\u017eian\u010dio ar nepadoraus turinio, arba tur\u0117s kompiuterio virus\u0173 ar kit\u0173 kenk\u0117ji\u0161k\u0173 program\u0173, galin\u010di\u0173 paveikti Paslaugos ar bet kurios susijusios svetain\u0117s veikim\u0105. Negalite naudoti klaidingo elektroninio pa\u0161to adreso, apsimesti kitu asmeniu arba kitaip klaidinti mus ar tre\u010di\u0105sias \u0161alis d\u0117l komentar\u0173 kilm\u0117s. J\u016bs visi\u0161kai atsakote u\u017e bet kokius savo komentarus ir j\u0173 tikslum\u0105. Mes neprisiimame atsakomyb\u0117s ir nesame atsakingi u\u017e bet kokius j\u016bs\u0173 ar tre\u010di\u0173j\u0173 \u0161ali\u0173 komentarus.<\/p>\n\n\n\n<p><strong>10 SKYRIUS &#8211; ASMENIN\u0116 INFORMACIJA<\/strong><\/p>\n\n\n\n<p>J\u016bs\u0173 pateikta asmenin\u0117 informacija per parduotuv\u0119 yra tvarkoma pagal m\u016bs\u0173 Privatumo politik\u0105. Nor\u0117dami per\u017ei\u016br\u0117ti m\u016bs\u0173 Privatumo politik\u0105.<\/p>\n\n\n\n<p><strong>11 SKYRIUS &#8211; KLAIDOS, NETIKSLUMAI IR TR\u016aKUMAI<\/strong><\/p>\n\n\n\n<p>Kartais m\u016bs\u0173 svetain\u0117je ar Paslaugoje gali b\u016bti informacijos, kuri\u0105 apima tipografin\u0117s klaidos, netikslumai ar tr\u016bkumai, kurie gali b\u016bti susij\u0119 su produkt\u0173 apra\u0161ymais, kainomis, akcijomis, pasi\u016blymais, preki\u0173 siuntimo mokes\u010diais, tranzito laikais ir prieinamumu. Pasiliekame teis\u0119 i\u0161taisyti bet kokias klaidas, netikslumus ar tr\u016bkumus, taip pat keisti ar atnaujinti informacij\u0105 arba at\u0161aukti u\u017esakymus, jei bet kokia informacija Paslaugoje arba bet kurioje susijusioje svetain\u0117je yra netiksli bet kuriuo metu be i\u0161ankstinio \u012fsp\u0117jimo (\u012fskaitant po j\u016bs\u0173 u\u017esakymo pateikimo).<\/p>\n\n\n\n<p>Mes neturime jokios prievol\u0117s atnaujinti, pataisyti ar paai\u0161kinti informacij\u0105 Paslaugoje arba bet kurioje susijusioje svetain\u0117je, \u012fskaitant, bet neapsiribojant, kain\u0173 informacij\u0105, nebent tai reikalaujama pagal \u012fstatymus. N\u0117ra nurodyto atnaujinimo ar atnaujinimo datos, taikomos Paslaugai arba bet kuriai susijusiai svetainei, netur\u0117t\u0173 b\u016bti suprantama kaip rodan\u010dios, kad visa informacija Paslaugoje arba bet kurioje susijusioje svetain\u0117je buvo pakeista ar atnaujinta.<\/p>\n\n\n\n<p><strong>12 SKYRIUS &#8211; DRAUD\u017dIAMI NAUDOJIMAI<\/strong><\/p>\n\n\n\n<p>Be kit\u0173 draudim\u0173, nurodyt\u0173 Paslaug\u0173 teikimo s\u0105lygose, draud\u017eiama naudoti svetain\u0119 ar jos turin\u012f: (a) bet kokiu neteis\u0117tu tikslu; (b) kvietimui atlikti ar dalyvauti bet kokiuose neteis\u0117tuose veiksmuose; (c) pa\u017eeisti bet kokius tarptautinius, federalinius, provincinius ar valstijos reglamentus, taisykles, \u012fstatymus ar vietos teis\u0117s aktus; (d) pa\u017eeisti m\u016bs\u0173 intelektin\u0119 nuosavyb\u0119 ar kit\u0173 intelektin\u0119 nuosavyb\u0119; (e) persekiojim\u0105, priekabiavim\u0105, \u012f\u017eeidim\u0105, \u017eal\u0105, \u0161mei\u017eim\u0105, kalb\u0105, \u017eeminim\u0105, bauginim\u0105 ar diskriminacij\u0105 pagal lyt\u012f, seksualin\u0119 orientacij\u0105, religij\u0105, tautyb\u0119, ras\u0119, am\u017ei\u0173, kilm\u0119 ar negali\u0105; (f) pateikti klaiding\u0105 ar klaidinant\u012f informacij\u0105; (g) \u012fkelti ar perduoti virusus ar kitokio pob\u016bd\u017eio kenk\u0117ji\u0161k\u0105 kod\u0105, kuris gali b\u016bti naudojamas bet kokiu b\u016bdu, galin\u010diu paveikti Paslaugos ar bet kurios susijusios svetain\u0117s, kit\u0173 svetaini\u0173 ar interneto veikim\u0105; (h) rinkti ar sekti kit\u0173 asmen\u0173 asmenin\u0119 informacij\u0105; (i) si\u0173sti nepageidaujam\u0105 pa\u0161t\u0105, apgaudin\u0117ti, pharm, apgaudin\u0117ti, spider, crawl ar scrape; (j) bet kokiu nepadoriu ar amoraliu tikslu; arba (k) trukdyti arba apeiti Paslaugos ar bet kurios susijusios svetain\u0117s, kit\u0173 svetaini\u0173 ar interneto saugumo funkcijas. Pasiliekame teis\u0119 nutraukti j\u016bs\u0173 naudojim\u0105si Paslauga arba bet kuria susijusia svetaine, jei pa\u017eeid\u017eiate bet kokius draud\u017eiamus naudojimus.<\/p>\n\n\n\n<p><strong>13 SKYRIUS &#8211; GARANTIJ\u0172 ATSISAKYMAS; ATSKAI\u010cIAVIMO APRIBOJIMAS<\/strong><\/p>\n\n\n\n<p>Mes negarantuojame, atstovaujame ar u\u017etikriname, kad j\u016bs\u0173 naudojimasis m\u016bs\u0173 paslauga bus nenutr\u016bkstamas, laiku, saugus ar be klaid\u0173.<\/p>\n\n\n\n<p>Mes negarantuojame, kad rezultatai, kuriuos gali gauti naudojant paslaug\u0105, bus tiksl\u016bs ar patikimi.<\/p>\n\n\n\n<p>Sutinkate, kad kartais galime pa\u0161alinti paslaug\u0105 neribotam laikotarpiui arba at\u0161aukti paslaug\u0105 bet kuriuo metu, neprane\u0161dami jums.<\/p>\n\n\n\n<p>J\u016bs ai\u0161kiai sutinkate, kad j\u016bs\u0173 naudojimasis arba negal\u0117jimas naudotis paslauga yra j\u016bs\u0173 visi\u0161ka rizika. Paslauga ir visi produktai ir paslaugos, pristatyti jums per paslaug\u0105, yra (i\u0161skyrus atvejus, kai ai\u0161kiai nurodyta m\u016bs\u0173) teikiami \u201ekaip yra\u201c ir \u201ekaip prieinama\u201c, be jokio atstovavimo, garantij\u0173 ar s\u0105lyg\u0173, joki\u0173 ai\u0161ki\u0173 ar netiesiogini\u0173, \u012fskaitant visas netiesiogines garantijas ar s\u0105lygas, preki\u0173 kokyb\u0119, tinkamum\u0105 konkre\u010diam tikslui, patvarum\u0105, teis\u0119 ir nepa\u017eeidim\u0105.<\/p>\n\n\n\n<p>Jokiomis aplinkyb\u0117mis m\u016bs\u0173 vadovai, pareig\u016bnai, darbuotojai, partneriai, agentai, rangovai, praktikantai, tiek\u0117jai, paslaug\u0173 teik\u0117jai ar licencijuotojai nebus atsakingi u\u017e bet kokius su\u017eeidimus, nuostolius, reikalavimus ar bet kokius tiesioginius, netiesioginius, atsitiktinius, bausminius, specialius ar pasekminius nuostolius, \u012fskaitant, bet neapsiribojant, prarastas pajamas, prarastas pajamas, prarastas taupymo, duomen\u0173 praradim\u0105, pakeitimo i\u0161laidas ar kitus pana\u0161ius nuostolius, nesvarbu, ar jie pagr\u012fsti sutartimi, deliktu (\u012fskaitant neatsargum\u0105), grie\u017eta atsakomybe ar kitaip, kil\u0119 i\u0161 j\u016bs\u0173 naudojimosi bet kuria paslauga ar bet kokiais produktais, gautais naudojant paslaug\u0105, arba bet kokiu kitu reikalavimu, susijusiu su j\u016bs\u0173 naudojimusi paslauga ar bet kokiu produktu, \u012fskaitant, bet neapsiribojant, bet kokias klaidas ar tr\u016bkumus turinyje, ar bet kokius nuostolius ar \u017eal\u0105, patirt\u0105 naudojant paslaug\u0105 ar bet kok\u012f turin\u012f (ar produkt\u0105), kuris buvo paskelbtas, perduotas arba kitaip pateiktas per paslaug\u0105, net jei buvo prane\u0161ta apie galimus nuostolius. Kadangi kai kurios valstijos ar jurisdikcijos neleid\u017eia atsakomyb\u0117s u\u017e pasekminius ar atsitiktinius nuostolius, tokiose valstijose ar jurisdikcijose m\u016bs\u0173 atsakomyb\u0117 bus ribojama iki did\u017eiausio \u012fstatymu leistino masto.<\/p>\n\n\n\n<p><strong>14 SKYRIUS &#8211; ATSAKOMYB\u0116<\/strong><\/p>\n\n\n\n<p>Sutinkate atlyginti ir ginti m\u016bs\u0173 dukterines \u012fmones, partnerius, vadovus, direktorius, agentus, rangovus, licencijuotojus, paslaug\u0173 teik\u0117jus, subrangovus, tiek\u0117jus, praktikantus ir darbuotojus nuo bet koki\u0173 tre\u010di\u0173j\u0173 \u0161ali\u0173 reikalavim\u0173 ar pretenzij\u0173, \u012fskaitant pagr\u012fstas advokato honorar\u0173 i\u0161laidas, d\u0117l j\u016bs\u0173 \u0161i\u0173 Paslaug\u0173 teikimo s\u0105lyg\u0173 pa\u017eeidimo ar dokument\u0173, \u012ftraukt\u0173 \u012f \u0161ias s\u0105lygas, pa\u017eeidimo arba d\u0117l j\u016bs\u0173 \u012fstatymo ar tre\u010diosios \u0161alies teisi\u0173 pa\u017eeidimo.<\/p>\n\n\n\n<p><strong>15 SKYRIUS &#8211; SKIRTINGUMAS<\/strong><\/p>\n\n\n\n<p>Jei bet kuri \u0161i\u0173 Paslaug\u0173 teikimo s\u0105lyg\u0173 nuostata bus laikoma neteis\u0117ta, negaliojan\u010dia ar nei\u0161pildoma, tokia nuostata vis tiek bus vykdoma iki did\u017eiausio leid\u017eiamo masto pagal taikomus \u012fstatymus, o nei\u0161pildoma dalis bus laikoma atskirta nuo \u0161i\u0173 s\u0105lyg\u0173, ta\u010diau toks nustatymas nepaveiks kit\u0173 likusi\u0173 nuostat\u0173 galiojimo ir vykdytinumo.<\/p>\n\n\n\n<p><strong>16 SKYRIUS &#8211; NUTRAUKIMAS<\/strong><\/p>\n\n\n\n<p>\u0160ali\u0173 \u012fsipareigojimai ir atsakomyb\u0117, atsirad\u0119 iki nutraukimo datos, i\u0161lieka galiojantys visais tikslais po \u0161ios sutarties nutraukimo.<\/p>\n\n\n\n<p>\u0160ios Paslaug\u0173 teikimo s\u0105lygos galioja, kol j\u016bs arba mes jas nutrauksite. J\u016bs galite nutraukti \u0161ias Paslaug\u0173 teikimo s\u0105lygas bet kuriuo metu, prane\u0161dami mums, kad nebenorite naudotis m\u016bs\u0173 Paslaugomis, arba kai nustojate naudotis m\u016bs\u0173 svetaine.<\/p>\n\n\n\n<p>Jei, m\u016bs\u0173 nuomone, nesilaikote bet kokios \u0161i\u0173 Paslaug\u0173 teikimo s\u0105lyg\u0173 nuostatos, arba mes \u012ftariame, kad nesilaikote, mes taip pat galime nutraukti \u0161i\u0105 sutart\u012f bet kuriuo metu be \u012fsp\u0117jimo, o j\u016bs liksite atsakingi u\u017e visus sumok\u0117tinas sumas iki ir \u012fskaitant nutraukimo dat\u0105; ir\/arba galime u\u017edrausti jums prieig\u0105 prie m\u016bs\u0173 Paslaug\u0173 (ar bet kurios j\u0173 dalies).<\/p>\n\n\n\n<p><strong>17 SKYRIUS &#8211; VISAS SUSITARIMAS<\/strong><\/p>\n\n\n\n<p>M\u016bs\u0173 nesugeb\u0117jimas \u012fgyvendinti ar priversti vykdyti bet kokios teis\u0117s ar nuostatos \u0161i\u0173 Paslaug\u0173 teikimo s\u0105lyg\u0173 nesukuria atsisakymo nuo tokios teis\u0117s ar nuostatos.<\/p>\n\n\n\n<p>\u0160ios Paslaug\u0173 teikimo s\u0105lygos ir bet kokios politikos ar veiklos taisykl\u0117s, kurias mes paskelbiame \u0161ioje svetain\u0117je arba d\u0117l Paslaugos, sudaro vis\u0105 susitarim\u0105 ir supratim\u0105 tarp j\u016bs\u0173 ir m\u016bs\u0173 ir reglamentuoja j\u016bs\u0173 naudojim\u0105si Paslauga, pakeisdamos bet kokius ankstesnius ar tuo pa\u010diu metu galiojan\u010dius susitarimus, komunikacijas ir pasi\u016blymus, tiek \u017eodinius, tiek ra\u0161ytinius, tarp j\u016bs\u0173 ir m\u016bs\u0173 (\u012fskaitant, bet neapsiribojant, bet kokias ankstesnes Paslaug\u0173 teikimo s\u0105lyg\u0173 versijas).<\/p>\n\n\n\n<p>Bet kokios neai\u0161kumai \u0161i\u0173 Paslaug\u0173 teikimo s\u0105lyg\u0173 ai\u0161kinime netur\u0117t\u0173 b\u016bti ai\u0161kinami prie\u0161 rengiant\u012f \u0161ias s\u0105lygas.<\/p>\n\n\n\n<p><strong>18 SKYRIUS &#8211; PASLAUG\u0172 TEIKIMO S\u0104LYG\u0172 PAKEITIMAI<\/strong><\/p>\n\n\n\n<p>Galite bet kuriuo metu per\u017ei\u016br\u0117ti naujausi\u0105 Paslaug\u0173 teikimo s\u0105lyg\u0173 versij\u0105 \u0161ioje puslapyje.<\/p>\n\n\n\n<p>Pasiliekame teis\u0119, savo nuo\u017ei\u016bra, atnaujinti, keisti ar pakeisti bet kuri\u0105 \u0161i\u0173 Paslaug\u0173 teikimo s\u0105lyg\u0173 dal\u012f paskelbdami atnaujinimus ir\/arba pakeitimus m\u016bs\u0173 svetain\u0117je. J\u016bs\u0173 atsakomyb\u0117 yra periodi\u0161kai tikrinti m\u016bs\u0173 svetain\u0119 d\u0117l pakeitim\u0173. J\u016bs\u0173 nuolatinis naudojimasis arba prieiga prie m\u016bs\u0173 svetain\u0117s arba Paslaugos po bet koki\u0173 toki\u0173 pakeitim\u0173 rei\u0161kia, kad sutinkate su tais pakeitimais.<\/p>\n","protected":false},"excerpt":{"rendered":"<p>AP\u017dVALGA \u0160i svetain\u0117 yra valdomos Abrasive. Visame svetain\u0117s turinyje terminai \u201emes\u201c, \u201emums\u201c ir \u201em\u016bs\u0173\u201c rei\u0161kia Abrasive komand\u0105. Si\u016blome \u0161i\u0105 svetain\u0119, \u012fskaitant vis\u0105 informacij\u0105, \u012frankius ir paslaugas, prieinamas i\u0161 \u0161ios svetain\u0117s jums, vartotojui, pagal j\u016bs\u0173 sutikim\u0105 su visomis s\u0105lygomis, taisykl\u0117mis, politikomis ir prane\u0161imais, nurodytais \u010dia. Apsilankydami m\u016bs\u0173 svetain\u0117je ir\/arba \u012fsigydami k\u0105 nors i\u0161 m\u016bs\u0173, j\u016bs \u012fsitraukiate \u012f m\u016bs\u0173 \u201ePaslaug\u0105\u201c ir sutinkate\u2026<\/p>\n","protected":false},"author":1,"featured_media":0,"parent":0,"menu_order":0,"comment_status":"closed","ping_status":"closed","template":"","meta":{"_acf_changed":false,"footnotes":""},"acf":[],"_links":{"self":[{"href":"https:\/\/baltics.buysteelgrit.com\/lt\/wp-json\/wp\/v2\/pages\/10327"}],"collection":[{"href":"https:\/\/baltics.buysteelgrit.com\/lt\/wp-json\/wp\/v2\/pages"}],"about":[{"href":"https:\/\/baltics.buysteelgrit.com\/lt\/wp-json\/wp\/v2\/types\/page"}],"author":[{"embeddable":true,"href":"https:\/\/baltics.buysteelgrit.com\/lt\/wp-json\/wp\/v2\/users\/1"}],"replies":[{"embeddable":true,"href":"https:\/\/baltics.buysteelgrit.com\/lt\/wp-json\/wp\/v2\/comments?post=10327"}],"version-history":[{"count":0,"href":"https:\/\/baltics.buysteelgrit.com\/lt\/wp-json\/wp\/v2\/pages\/10327\/revisions"}],"wp:attachment":[{"href":"https:\/\/baltics.buysteelgrit.com\/lt\/wp-json\/wp\/v2\/media?parent=10327"}],"curies":[{"name":"wp","href":"https:\/\/api.w.org\/{rel}","templated":true}]}}