{"id":10305,"date":"2024-05-23T09:33:43","date_gmt":"2024-05-23T09:33:43","guid":{"rendered":"https:\/\/baltics.buysteelgrit.com\/privacy-policy\/"},"modified":"2024-08-20T21:01:06","modified_gmt":"2024-08-20T21:01:06","slug":"privacy-policy","status":"publish","type":"page","link":"https:\/\/baltics.buysteelgrit.com\/lt\/privacy-policy\/","title":{"rendered":"Privatumo politika"},"content":{"rendered":"\n<p>Paskutin\u012f kart\u0105 atnaujinta:&nbsp;26.06.2024<\/p>\n\n\n\n<p>\u0160i Privatumo politika apra\u0161o, kaip Abrasive Technology (\u201eSvetain\u0117\u201c, \u201emes\u201c, \u201em\u016bs\u0173\u201c) renka, naudoja ir atskleid\u017eia j\u016bs\u0173 asmenin\u0119 informacij\u0105, kai lankot\u0117s, naudojate m\u016bs\u0173 paslaugas arba atliekate pirkimus svetain\u0117je abrasive.com (\u201eSvetain\u0117\u201c) arba kitaip bendraujate su mumis (kolektyviai \u201ePaslaugos\u201c). \u0160ios Privatumo politikos tikslais \u201ej\u016bs\u201c ir \u201ej\u016bs\u0173\u201c rei\u0161kia j\u016bs kaip Paslaug\u0173 vartotoj\u0105, nepriklausomai nuo to, ar esate klientas, svetain\u0117s lankytojas, ar kitas asmuo, kurio informacija buvo surinkta pagal \u0161i\u0105 Privatumo politik\u0105.<\/p>\n\n\n\n<p>Pra\u0161ome atid\u017eiai perskaityti \u0161i\u0105 Privatumo politik\u0105. Naudodamiesi ir prisijungdami prie bet kurios i\u0161 Paslaug\u0173, sutinkate su j\u016bs\u0173 informacijos rinkimu, naudojimu ir atskleidimu, kaip apra\u0161yta \u0161ioje Privatumo politikoje. Jei nesutinkate su \u0161ia Privatumo politika, pra\u0161ome nenaudoti ir neprisijungti prie joki\u0173 Paslaug\u0173.<\/p>\n\n\n\n<h2 class=\"wp-block-heading\">PAKEITIMAI \u0160IOJE PRIVATUMO POLITIKOJE<\/h2>\n\n\n\n<p>Mes galime atnaujinti \u0161i\u0105 Privatumo politik\u0105 laikui b\u0117gant, \u012fskaitant praktikos pakeitimus ar kitus operacinius, teisinius ar reguliavimo prie\u017eastis. Per\u017ei\u016br\u0117t\u0105 Privatumo politik\u0105 paskelbsime Svetain\u0117je, atnaujinsime \u201ePaskutin\u012f kart\u0105 atnaujinta\u201c dat\u0105 ir atliksime kitus reikiamus veiksmus pagal galiojan\u010dius \u012fstatymus.<\/p>\n\n\n\n<h2 class=\"wp-block-heading\">KAIP RENKAME IR NAUDOJAME J\u016aS\u0172 ASMENS INFORMACIJ\u0104<\/h2>\n\n\n\n<p>Nor\u0117dami suteikti Paslaugas, mes renkam\u0117s ir esame surink\u0119 per pastaruosius 12 m\u0117nesi\u0173 asmenin\u0119 informacij\u0105 apie jus i\u0161 \u012fvairi\u0173 \u0161altini\u0173, kaip nurodyta \u017eemiau. Surinkta ir naudojama informacija priklauso nuo to, kaip su mumis bendraujate.<\/p>\n\n\n\n<p>Be \u017eemiau pateikt\u0173 konkre\u010di\u0173 naudojimo b\u016bd\u0173, mes galime naudoti surinkt\u0105 informacij\u0105 apie jus komunikacijai, Paslaug\u0173 teikimui, teisini\u0173 \u012fsipareigojim\u0173 laikymuisi, bet koki\u0173 galiojan\u010di\u0173 paslaug\u0173 s\u0105lyg\u0173 vykdymui ir Paslaug\u0173, m\u016bs\u0173 teisi\u0173 bei vartotoj\u0173 ar kit\u0173 asmen\u0173 teisi\u0173 apsaugai ar gynimui.<\/p>\n\n\n\n<h3 class=\"wp-block-heading\">KOKI\u0104 ASMENS INFORMACIJ\u0104 RENKAME<\/h3>\n\n\n\n<p>Renkamos asmenin\u0117s informacijos tipai priklauso nuo to, kaip s\u0105veikaujate su m\u016bs\u0173 Svetain\u0119 ir naudojate m\u016bs\u0173 Paslaugas. Kai vartojame termin\u0105 \u201easmens informacija\u201c, mes turime omenyje informacij\u0105, kuri identifikuoja, susijusi su, apib\u016bdina ar gali b\u016bti susijusi su jumis. \u017demiau pateikiamos kategorijos ir specifiniai asmenin\u0117s informacijos tipai, kuriuos renkam\u0117s.<\/p>\n\n\n\n<h3 class=\"wp-block-heading\">INFORMACIJA, KURI\u0104 RENKAME TIESIOGIAI I\u0160 J\u016aS\u0172<\/h3>\n\n\n\n<p>Informacija, kuri\u0105 tiesiogiai pateikiate mums per m\u016bs\u0173 Paslaugas, gali apimti:<\/p>\n\n\n\n<ul class=\"wp-block-list\">\n<li>Pagrindiniai kontaktiniai duomenys, \u012fskaitant j\u016bs\u0173 vard\u0105, adres\u0105, telefono numer\u012f, el. pa\u0161t\u0105.<\/li>\n\n\n\n<li>U\u017esakymo informacija, \u012fskaitant j\u016bs\u0173 vard\u0105, mok\u0117jimo adres\u0105, pristatymo adres\u0105, mok\u0117jimo patvirtinim\u0105, el. pa\u0161to adres\u0105, telefono numer\u012f.<\/li>\n\n\n\n<li>Paskyros informacija, \u012fskaitant j\u016bs\u0173 vartotojo vard\u0105, slapta\u017eod\u012f, saugumo klausimus.<\/li>\n\n\n\n<li>Pirkini\u0173 informacija, \u012fskaitant prekes, kurias \u017ei\u016brite, dedate \u012f krep\u0161el\u012f ar pridedate \u012f nor\u0173 s\u0105ra\u0161\u0105.<\/li>\n\n\n\n<li>Klient\u0173 aptarnavimo informacija, \u012fskaitant informacij\u0105, kuri\u0105 pasirinkote \u012ftraukti \u012f komunikacij\u0105 su mumis, pavyzd\u017eiui, siun\u010diant \u017einut\u0119 per Paslaugas.<\/li>\n<\/ul>\n\n\n\n<p>Kai kurios Paslaug\u0173 funkcijos gali reikalauti, kad tiesiogiai pateiktum\u0117te tam tikr\u0105 informacij\u0105 apie save. Galite pasirinkti nesuteikti \u0161ios informacijos, ta\u010diau tai gali neleisti naudotis ar pasiekti \u0161ias funkcijas.<\/p>\n\n\n\n<h3 class=\"wp-block-heading\">INFORMACIJA, KURI\u0104 RENKAME PER SLAPUKUS<\/h3>\n\n\n\n<p>Mes taip pat automati\u0161kai renkam\u0117s tam tikr\u0105 informacij\u0105 apie j\u016bs\u0173 s\u0105veik\u0105 su Paslaugomis (\u201eNaudojimo duomenys\u201c). Tam galime naudoti slapukus, pikselius ir pana\u0161ias technologijas (\u201eSlapukai\u201c). Naudojimo duomenys gali apimti informacij\u0105 apie tai, kaip prisijungiate ir naudojate m\u016bs\u0173 Svetain\u0119 ir paskyr\u0105, \u012fskaitant \u012frenginio informacij\u0105, nar\u0161ykl\u0117s informacij\u0105, tinklo ry\u0161io informacij\u0105, j\u016bs\u0173 IP adres\u0105 ir kit\u0105 informacij\u0105 apie j\u016bs\u0173 s\u0105veik\u0105 su Paslaugomis.<\/p>\n\n\n\n<h3 class=\"wp-block-heading\">INFORMACIJA, KURI\u0104 GAUNAME I\u0160 TRE\u010cI\u0172J\u0172 \u0160ALI\u0172<\/h3>\n\n\n\n<p>Galiausiai, mes galime gauti informacij\u0105 apie jus i\u0161 tre\u010di\u0173j\u0173 \u0161ali\u0173, \u012fskaitant tiek\u0117jus ir paslaug\u0173 teik\u0117jus, kurie gali rinkti informacij\u0105 m\u016bs\u0173 vardu, pavyzd\u017eiui:<\/p>\n\n\n\n<ul class=\"wp-block-list\">\n<li>M\u016bs\u0173 mok\u0117jim\u0173 apdorotojai, kurie renka mok\u0117jimo informacij\u0105 (pvz., banko s\u0105skaitos, kredito ar debeto kortel\u0117s informacij\u0105, apmok\u0117jimo adres\u0105) j\u016bs\u0173 u\u017esakymams vykdyti ir jums pateikti u\u017esakytus produktus ar paslaugas, siekiant vykdyti m\u016bs\u0173 sutart\u012f su jumis.<\/li>\n\n\n\n<li>Kai lankot\u0117s m\u016bs\u0173 Svetain\u0117je, atidarote arba spustelite m\u016bs\u0173 siun\u010diamus el. lai\u0161kus, arba s\u0105veikaujate su m\u016bs\u0173 Paslaugomis ar reklamomis, mes arba tre\u010diosios \u0161alys, su kuriomis dirbame, automati\u0161kai renka tam tikr\u0105 informacij\u0105 naudodami internetinio sekimo technologijas, tokias kaip pikseliai, interneto beaconai, programin\u0117s \u012frangos k\u016br\u0117j\u0173 rinkiniai, tre\u010di\u0173j\u0173 \u0161ali\u0173 bibliotekos ir slapukai.<\/li>\n<\/ul>\n\n\n\n<p>Bet kokia informacija, kuri\u0105 gauname i\u0161 tre\u010di\u0173j\u0173 \u0161ali\u0173, bus tvarkoma pagal \u0161i\u0105 Privatumo politik\u0105. Mes nesame atsakingi u\u017e tre\u010di\u0173j\u0173 \u0161ali\u0173 pateiktos informacijos tikslum\u0105 ir nesame atsakingi u\u017e tre\u010di\u0173j\u0173 \u0161ali\u0173 politik\u0105 ar praktik\u0105. Daugiau informacijos \u017er. skyriuje \u201eTre\u010di\u0173j\u0173 \u0161ali\u0173 svetain\u0117s ir nuorodos\u201c.<\/p>\n\n\n\n<h3 class=\"wp-block-heading\">KAIP NAUDOJAME J\u016aS\u0172 ASMENS INFORMACIJ\u0104<\/h3>\n\n\n\n<ul class=\"wp-block-list\">\n<li>Produkt\u0173 ir paslaug\u0173 teikimas. Mes naudojame j\u016bs\u0173 asmenin\u0119 informacij\u0105, kad suteiktume jums Paslaugas ir vykdytume m\u016bs\u0173 sutart\u012f su jumis, \u012fskaitant mok\u0117jim\u0173 apdorojim\u0105, u\u017esakym\u0173 vykdym\u0105, prane\u0161im\u0173 siuntim\u0105 apie j\u016bs\u0173 paskyr\u0105, pirkimus, gr\u0105\u017einimus, keitimus ar kitas operacijas, paskyros k\u016brim\u0105, palaikym\u0105 ir valdym\u0105, pristatymo organizavim\u0105, gr\u0105\u017einim\u0173 ir keitim\u0173 palengvinim\u0105 ir leidim\u0105 jums skelbti atsiliepimus.<\/li>\n\n\n\n<li>Rinkodara ir reklama. Mes naudojame j\u016bs\u0173 asmenin\u0119 informacij\u0105 rinkodaros ir reklamos tikslais, pavyzd\u017eiui, si\u0173sdami marketingo, reklamos ir reklamin\u0119 komunikacij\u0105 el. pa\u0161tu, tekstin\u0117mis \u017einut\u0117mis ar pa\u0161tu, ir rodyti jums produkt\u0173 ar paslaug\u0173 reklam\u0105. Tai gali apimti j\u016bs\u0173 asmenin\u0117s informacijos naudojim\u0105, siekiant geriau pritaikyti Paslaugas ir reklam\u0105 m\u016bs\u0173 Svetain\u0117je ir kitose svetain\u0117se.<\/li>\n\n\n\n<li>Saugumas ir suk\u010diavimo prevencija. Mes naudojame j\u016bs\u0173 asmenin\u0119 informacij\u0105 aptikti, tirti ar imtis veiksm\u0173 d\u0117l galim\u0173 suk\u010diavimo, neteis\u0117t\u0173 ar kenksming\u0173 veikl\u0173. Jei pasirinksite naudotis Paslaugomis ir registruosite paskyr\u0105, esate atsakingi u\u017e savo paskyros duomen\u0173 saugum\u0105. Mes rekomenduojame nesidalinti savo vartotojo vardu, slapta\u017eod\u017eiu ar kitais prieigos duomenimis su kitais. Jei manote, kad j\u016bs\u0173 paskyra buvo pa\u017eeista, nedelsdami susisiekite su mumis.<\/li>\n\n\n\n<li>Komunikacija su jumis. Mes naudojame j\u016bs\u0173 asmenin\u0119 informacij\u0105 teikti klient\u0173 palaikym\u0105 ir gerinti m\u016bs\u0173 Paslaugas. Tai yra m\u016bs\u0173 teis\u0117ti interesai, siekiant b\u016bti reagavusiems \u012f j\u016bs\u0173 poreikius, teikti efektyvias paslaugas ir i\u0161laikyti m\u016bs\u0173 verslo santykius su jumis.<\/li>\n<\/ul>\n\n\n\n<h2 class=\"wp-block-heading\">SLAPUKAI<\/h2>\n\n\n\n<p>Kaip ir daugelis svetaini\u0173, mes naudojame Slapukus m\u016bs\u0173 Svetain\u0117je. Nor\u0117dami su\u017einoti daugiau apie naudojamus Slapukus, apsilankykite <a href=\"https:\/\/www.shopify.com\/legal\/cookies\">https:\/\/www.shopify.com\/legal\/cookies<\/a>. Mes naudojame Slapukus, kad valdytume ir gerintume m\u016bs\u0173 Svetain\u0119 ir Paslaugas (\u012fskaitant prisiminti j\u016bs\u0173 veiksmus ir pageidavimus), vykdyti analiz\u0119 ir geriau suprasti vartotoj\u0173 s\u0105veik\u0105 su Paslaugomis (m\u016bs\u0173 teis\u0117tiems interesams administruoti, gerinti ir optimizuoti Paslaugas). Taip pat galime leisti tre\u010diosioms \u0161alims ir paslaug\u0173 teik\u0117jams naudoti Slapukus m\u016bs\u0173 Svetain\u0117je, kad geriau pritaikyt\u0173 paslaugas, produktus ir reklam\u0105 m\u016bs\u0173 Svetain\u0117je ir kitose svetain\u0117se.<\/p>\n\n\n\n<p>Dauguma nar\u0161ykli\u0173 automati\u0161kai priima Slapukus pagal numatytuosius nustatymus, ta\u010diau galite pasirinkti nustatyti savo nar\u0161ykl\u0119 pa\u0161alinti ar atmesti Slapukus per nar\u0161ykl\u0117s valdymo funkcijas. Pra\u0161ome atkreipti d\u0117mes\u012f, kad Slapuk\u0173 pa\u0161alinimas arba blokavimas gali neigiamai paveikti j\u016bs\u0173 vartotojo patirt\u012f ir gali sukelti kai kuri\u0173 Paslaug\u0173 funkcij\u0173 ir bendros funkcionalumo veikimo problemas ar j\u0173 nebuvim\u0105. Be to, Slapuk\u0173 blokavimas gali visi\u0161kai neapsaugoti j\u016bs\u0173 informacijos dalijimosi su tre\u010diosiomis \u0161alimis, tokiomis kaip m\u016bs\u0173 reklamos partneriai.<\/p>\n\n\n\n<h2 class=\"wp-block-heading\">KAIP ATSKLEID\u017dIAME ASMENS INFORMACIJ\u0104<\/h2>\n\n\n\n<p>Tam tikromis aplinkyb\u0117mis galime atskleisti j\u016bs\u0173 asmenin\u0119 informacij\u0105 tre\u010diosioms \u0161alims teis\u0117tiems tikslams pagal \u0161i\u0105 Privatumo politik\u0105. Tokios aplinkyb\u0117s gali b\u016bti:<\/p>\n\n\n\n<ul class=\"wp-block-list\">\n<li>Su tiek\u0117jais ar kitomis tre\u010diosiomis \u0161alimis, kurios vykdo paslaugas m\u016bs\u0173 vardu (pvz., IT valdymas, mok\u0117jim\u0173 apdorojimas, duomen\u0173 analiz\u0117, klient\u0173 palaikymas, debes\u0173 saugykla, \u012fvykdymas ir pristatymas).<\/li>\n\n\n\n<li>Su verslo ir rinkodaros partneriais, siekiant teikti paslaugas ir reklamuoti jums. M\u016bs\u0173 verslo ir rinkodaros partneriai naudos j\u016bs\u0173 informacij\u0105 pagal savo privatumo prane\u0161imus.<\/li>\n\n\n\n<li>Kai j\u016bs nurodote, pra\u0161ote ar kitaip sutiksite, kad mes atskleistume tam tikr\u0105 informacij\u0105 tre\u010diosioms \u0161alims, pavyzd\u017eiui, siun\u010diant jums produktus arba per socialini\u0173 tinkl\u0173 funkcijas ar prisijungimo integracijas, su j\u016bs\u0173 sutikimu.<\/li>\n\n\n\n<li>Su m\u016bs\u0173 dukterin\u0117mis \u012fmon\u0117mis ar kitaip m\u016bs\u0173 \u012fmoni\u0173 grup\u0117je, m\u016bs\u0173 teis\u0117tiems interesams vykdyti s\u0117kming\u0105 versl\u0105.<\/li>\n\n\n\n<li>Susijusiose su verslo transakcijomis, tokiomis kaip susijungimas ar bankrotas, laikytis bet koki\u0173 galiojan\u010di\u0173 teisini\u0173 \u012fsipareigojim\u0173 (\u012fskaitant atsakymus \u012f \u0161aukimus, paie\u0161kos orderius ir pana\u0161ius pra\u0161ymus), vykdyti bet kokias galiojan\u010dias paslaug\u0173 s\u0105lygas, ir apsaugoti arba ginti Paslaugas, m\u016bs\u0173 teises bei vartotoj\u0173 ar kit\u0173 asmen\u0173 teises.<\/li>\n<\/ul>\n\n\n\n<p>Per pastaruosius 12 m\u0117nesi\u0173 atskleid\u0117me \u0161ias asmenin\u0117s informacijos kategorijas ir jautri\u0105 asmenin\u0119 informacij\u0105 (*) apie vartotojus auk\u0161\u010diau i\u0161vardytoms reikm\u0117ms:<\/p>\n\n\n\n<figure class=\"wp-block-table\"><table class=\"has-fixed-layout\"><tbody><tr><th>Kategorija<\/th><th>Gav\u0117j\u0173 kategorijos<\/th><\/tr><tr><td>Identifikatoriai, tokie kaip pagrindiniai kontaktiniai duomenys ir tam tikra u\u017esakym\u0173 bei paskyr\u0173 informacija<br><br>Komercin\u0117 informacija, tokia kaip u\u017esakymo informacija, pirkini\u0173 informacija ir klient\u0173 palaikymo informacija<br><br>Interneto ar kitos pana\u0161ios tinklo veiklos, tokios kaip naudojimo duomenys<\/td><td>Tiek\u0117jai ir tre\u010diosios \u0161alys, teikian\u010dios paslaugas m\u016bs\u0173 vardu (pvz., interneto paslaug\u0173 teik\u0117jai, mok\u0117jim\u0173 apdorotojai, \u012fvykdymo partneriai, klient\u0173 palaikymo partneriai ir duomen\u0173 analiz\u0117s teik\u0117jai)<br><br>Verslo ir rinkodaros partneriai<br><br>Dukterin\u0117s \u012fmon\u0117s<\/td><\/tr><\/tbody><\/table><\/figure>\n\n\n\n<p>Mes nenaudojame ar neatskleid\u017eiame jautrios asmenin\u0117s informacijos, siekdami daryti i\u0161vadas apie j\u016bs\u0173 savybes.<\/p>\n\n\n\n<h2 class=\"wp-block-heading\">NAUDOTOJ\u0172 SUKURTAS TURINYS<\/h2>\n\n\n\n<p>Paslaugos gali leisti jums skelbti produkt\u0173 ap\u017evalgas ir kit\u0105 naudotoj\u0173 sukurt\u0105 turin\u012f. Jei pasirinksite pateikti naudotoj\u0173 sukurt\u0105 turin\u012f vie\u0161oje Paslaug\u0173 srityje, \u0161is turinys bus vie\u0161as ir prieinamas kiekvienam.<\/p>\n\n\n\n<p>Mes nekontroliuojame, kas tur\u0117s prieig\u0105 prie informacijos, kuri\u0105 pasirinkote padaryti prieinam\u0105 kitiems, ir negalime u\u017etikrinti, kad asmenys, turintys prieig\u0105 prie tokios informacijos, gerbs j\u016bs\u0173 privatum\u0105 ar j\u0105 saugos. Mes nesame atsakingi u\u017e bet kokios vie\u0161ai prieinamos informacijos privatumo ar saugumo aspektus, ar u\u017e bet kokios informacijos, kuri\u0105 atskleid\u017eiate arba gaunate i\u0161 tre\u010di\u0173j\u0173 \u0161ali\u0173, tikslum\u0105, naudojim\u0105 ar netinkam\u0105 naudojim\u0105.<\/p>\n\n\n\n<h2 class=\"wp-block-heading\">TRE\u010cI\u0172J\u0172 \u0160ALI\u0172 SVETAIN\u0116S IR NUORODOS<\/h2>\n\n\n\n<p>M\u016bs\u0173 Svetain\u0117 gali pateikti nuorodas \u012f svetaines ar kitas internetines platformas, kurias valdo tre\u010diosios \u0161alys. Jei sekate nuorodas \u012f svetaines, kurios n\u0117ra susijusios ar kontroliuojamos m\u016bs\u0173, tur\u0117tum\u0117te per\u017ei\u016br\u0117ti j\u0173 privatumo ir saugumo politik\u0105 bei kitus terminus ir s\u0105lygas. Mes negarantuojame ir nesame atsakingi u\u017e toki\u0173 svetaini\u0173 privatumo ar saugumo aspektus, \u012fskaitant informacijos tikslum\u0105, i\u0161samum\u0105 ar patikimum\u0105, esan\u010di\u0105 \u0161iose svetain\u0117se. Informacija, kuri\u0105 pateikiate vie\u0161ose ar pusiau vie\u0161ose vietose, \u012fskaitant informacij\u0105, kuri\u0105 dalijat\u0117s socialiniuose tinkluose, taip pat gali b\u016bti matoma kit\u0173 Paslaug\u0173 naudotoj\u0173 ir\/arba tre\u010di\u0173j\u0173 \u0161ali\u0173 platform\u0173 naudotoj\u0173, nesvarbu, kaip ji naudojama mumis ar tre\u010diosiomis \u0161alimis. M\u016bs\u0173 nuorod\u0173 \u012f tokius i\u0161teklius \u012ftraukimas savaime nerei\u0161kia joki\u0173 rekomendacij\u0173 d\u0117l j\u0173 turinio ar savinink\u0173 ar operatori\u0173, i\u0161skyrus tai, kas yra nurodyta Paslaugose.<\/p>\n\n\n\n<h2 class=\"wp-block-heading\">VAIK\u0172 DUOMENYS<\/h2>\n\n\n\n<p>Paslaugos n\u0117ra skirtos vaikams, ir mes nesirenkame s\u0105moningai joki\u0173 asmenini\u0173 duomen\u0173 apie vaikus. Jei esate vaiko t\u0117vas ar glob\u0117jas, kuris pateik\u0117 mums savo asmeninius duomenis, galite susisiekti su mumis naudodami \u017eemiau pateiktus kontaktinius duomenis ir papra\u0161yti, kad informacija b\u016bt\u0173 i\u0161trinta.<\/p>\n\n\n\n<p>\u0160ios Privatumo politikos galiojimo dien\u0105 neturime tikr\u0173 \u017eini\u0173, kad \u201edalijam\u0117s\u201c ar \u201epardavin\u0117jame\u201c (kaip apibr\u0117\u017eta galiojan\u010diuose \u012fstatymuose) asmenine informacija apie asmenis, jaunesnius nei 16 met\u0173.<\/p>\n\n\n\n<h2 class=\"wp-block-heading\">SAUGUMAS IR J\u016aS\u0172 INFORMACIJOS SULAIKYMAS<\/h2>\n\n\n\n<p>Pra\u0161ome atkreipti d\u0117mes\u012f, kad jokios saugumo priemon\u0117s n\u0117ra tobulos ar neprieinamos, ir mes negalime u\u017etikrinti \u201etobulo saugumo\u201c. Be to, bet kokia informacija, kuri\u0105 mums siun\u010diate, gali b\u016bti nesaugiai perduodama. Mes rekomenduojame nesinaudoti nesaugiais kanalais, norint perduoti mums jautri\u0105 ar konfidenciali\u0105 informacij\u0105.<\/p>\n\n\n\n<p>Kaip ilgai mes laikome j\u016bs\u0173 asmenin\u0119 informacij\u0105 priklauso nuo \u012fvairi\u0173 veiksni\u0173, toki\u0173 kaip ar mums reikia informacijos j\u016bs\u0173 paskyros palaikymui, paslaug\u0173 teikimui, teisini\u0173 \u012fsipareigojim\u0173 laikymuisi, gin\u010d\u0173 sprendimui ar kit\u0173 galiojan\u010di\u0173 sutar\u010di\u0173 ir politik\u0173 vykdymui.<\/p>\n\n\n\n<h2 class=\"wp-block-heading\">J\u016aS\u0172 TEIS\u0116S IR PASIRINKIMAI<\/h2>\n\n\n\n<p>Priklausomai nuo j\u016bs\u0173 gyvenamosios vietos, galite tur\u0117ti kai kurias ar visas \u017eemiau i\u0161vardytas teises, susijusias su j\u016bs\u0173 asmenine informacija. Ta\u010diau \u0161ios teis\u0117s n\u0117ra absoliu\u010dios, gali b\u016bti taikomos tik tam tikromis aplinkyb\u0117mis ir tam tikrais atvejais galime atsisakyti j\u016bs\u0173 pra\u0161ymo, kaip leid\u017eia \u012fstatymas.<\/p>\n\n\n\n<ul class=\"wp-block-list\">\n<li>Teis\u0117 \u012f prieig\u0105 \/ \u017einojim\u0105. Galite tur\u0117ti teis\u0119 pra\u0161yti prieigos prie asmenin\u0117s informacijos, kuri\u0105 turime apie jus, \u012fskaitant detales apie tai, kaip naudojame ir dalijam\u0117s j\u016bs\u0173 informacija.<\/li>\n\n\n\n<li>Teis\u0117 \u012f i\u0161trynim\u0105. Galite tur\u0117ti teis\u0119 pra\u0161yti, kad i\u0161trintume asmenin\u0119 informacij\u0105, kuri\u0105 laikome apie jus.<\/li>\n\n\n\n<li>Teis\u0117 \u012f pataisym\u0105. Galite tur\u0117ti teis\u0119 pra\u0161yti, kad pataisytume netiksli\u0105 asmenin\u0119 informacij\u0105, kuri\u0105 laikome apie jus.<\/li>\n\n\n\n<li>Teis\u0117 \u012f duomen\u0173 perk\u0117lim\u0105. Galite tur\u0117ti teis\u0119 gauti kopij\u0105 asmenin\u0117s informacijos, kuri\u0105 turime apie jus, ir pra\u0161yti, kad j\u0105 perkelti tre\u010diajai \u0161aliai, tam tikromis aplinkyb\u0117mis ir su tam tikromis i\u0161imtimis.<\/li>\n<\/ul>\n\n\n\n<ul class=\"wp-block-list\">\n<li>Apdorojimo apribojimas. Galite tur\u0117ti teis\u0119 pra\u0161yti, kad nustotume arba apribotume m\u016bs\u0173 asmenin\u0117s informacijos apdorojim\u0105.<\/li>\n\n\n\n<li>Sutikimo at\u0161aukimas. Kai mes remiam\u0117s sutikimu j\u016bs\u0173 asmenin\u0117s informacijos apdorojimui, galite tur\u0117ti teis\u0119 at\u0161aukti \u0161\u012f sutikim\u0105.<\/li>\n\n\n\n<li>Apygardos skundas. Galite tur\u0117ti teis\u0119 apsk\u0173sti m\u016bs\u0173 sprendim\u0105, jei atsisakome apdoroti j\u016bs\u0173 pra\u0161ym\u0105. Tai galite padaryti tiesiogiai atsakydami \u012f m\u016bs\u0173 atsisakym\u0105.<\/li>\n\n\n\n<li>Komunikacijos pageidavim\u0173 valdymas. Mes galime si\u0173sti jums reklamos el. lai\u0161kus, ir galite atsisakyti j\u0173 gavimo bet kuriuo metu naudodami atsisakymo parinkt\u012f, kuri rodoma m\u016bs\u0173 el. lai\u0161kuose. Jei atsisakysite, galime vis tiek si\u0173sti jums ne reklamos el. lai\u0161kus, tokius kaip apie j\u016bs\u0173 paskyr\u0105 ar u\u017esakymus, kuriuos atlikote.<\/li>\n<\/ul>\n\n\n\n<p>J\u016bs galite naudotis \u0161iomis teis\u0117mis, kai nurodyta m\u016bs\u0173 Svetain\u0117je arba susisiek\u0119 su mumis naudojant \u017eemiau pateiktus kontaktinius duomenis.<\/p>\n\n\n\n<p>Mes neskelbsime j\u016bs\u0173, jei pasinaudosite \u0161iomis teis\u0117mis. Mums gali tekti rinkti informacij\u0105 i\u0161 j\u016bs\u0173, kad patikrintume j\u016bs\u0173 tapatyb\u0119, pvz., j\u016bs\u0173 el. pa\u0161to adres\u0105 ar paskyros informacij\u0105, prie\u0161 pateikiant i\u0161sam\u0173 atsakym\u0105 \u012f pra\u0161ym\u0105. Atitinkamai pagal galiojan\u010dius \u012fstatymus, galite paskirti \u012fgaliot\u0105 agent\u0105, kad jis pateikt\u0173 pra\u0161ymus j\u016bs\u0173 vardu. Prie\u0161 priimdami tok\u012f pra\u0161ym\u0105 i\u0161 agento, reikalausime \u012frodym\u0173, kad jis buvo \u012fgaliotas veikti j\u016bs\u0173 vardu, ir gali reik\u0117ti, kad patvirtintum\u0117te savo tapatyb\u0119 tiesiogiai su mumis. Mes atsakysime \u012f j\u016bs\u0173 pra\u0161ym\u0105 laiku, kaip reikalaujama pagal galiojan\u010dius \u012fstatymus.<\/p>\n\n\n\n<h2 class=\"wp-block-heading\">SKUND\u0172 TEIKIMAS<\/h2>\n\n\n\n<p>Jei turite skund\u0173 d\u0117l to, kaip mes apdorojame j\u016bs\u0173 asmenin\u0119 informacij\u0105, pra\u0161ome susisiekti su mumis naudojant \u017eemiau pateiktus kontaktinius duomenis. Jei nesate patenkinti m\u016bs\u0173 atsakymu \u012f j\u016bs\u0173 skund\u0105, priklausomai nuo j\u016bs\u0173 gyvenamosios vietos, galite tur\u0117ti teis\u0119 apsk\u0173sti m\u016bs\u0173 sprendim\u0105 susisiekdami su mumis naudojant \u017eemiau pateiktus kontaktinius duomenis arba pateikti skund\u0105 savo vietinei duomen\u0173 apsaugos institucijai.<\/p>\n\n\n\n<h2 class=\"wp-block-heading\">TARPTAUTINIAI NAUDOTOJAI<\/h2>\n\n\n\n<p>Pra\u0161ome atkreipti d\u0117mes\u012f, kad galime perduoti, laikyti ir apdoroti j\u016bs\u0173 asmenin\u0119 informacij\u0105 u\u017e \u0161alies, kurioje gyvenate, rib\u0173, \u012fskaitant Jungtines Amerikos Valstijas. J\u016bs\u0173 asmenin\u0119 informacij\u0105 taip pat apdoroja darbuotojai ir tre\u010di\u0173j\u0173 \u0161ali\u0173 paslaug\u0173 teik\u0117jai bei partneriai \u0161iose \u0161alyse.<\/p>\n\n\n\n<p>Jei mes perduodame j\u016bs\u0173 asmenin\u0119 informacij\u0105 i\u0161 Europos, pasikliausime pripa\u017eintais perdavimo mechanizmais, tokiais kaip Europos Komisijos standartin\u0117s sutartin\u0117s s\u0105lygos, arba bet kokiomis atitinkamomis sutartimis, kurias i\u0161deda atitinkama kompetentinga Jungtin\u0117s Karalyst\u0117s institucija, jei tai taikoma, nebent duomen\u0173 perdavimas b\u016bt\u0173 \u012f \u0161al\u012f, kuri laikoma teikianti pakankam\u0105 apsaugos lyg\u012f.<\/p>\n\n\n\n<h2 class=\"wp-block-heading\">KONTAKTAI<\/h2>\n\n\n\n<p>Jei turite klausim\u0173 apie m\u016bs\u0173 privatumo praktik\u0105 ar \u0161i\u0105 Privatumo politik\u0105, arba jei norite pasinaudoti kokia nors i\u0161 j\u016bs\u0173 teisi\u0173, pra\u0161ome atsi\u0173sti mums el. lai\u0161k\u0105 adresu <a href=\"mailto:salesabrasivetechnology@gmail.com\">salesabrasivetechnology@gmail.com<\/a><\/p>\n","protected":false},"excerpt":{"rendered":"<p>Paskutin\u012f kart\u0105 atnaujinta:&nbsp;26.06.2024 \u0160i Privatumo politika apra\u0161o, kaip Abrasive Technology (\u201eSvetain\u0117\u201c, \u201emes\u201c, \u201em\u016bs\u0173\u201c) renka, naudoja ir atskleid\u017eia j\u016bs\u0173 asmenin\u0119 informacij\u0105, kai lankot\u0117s, naudojate m\u016bs\u0173 paslaugas arba atliekate pirkimus svetain\u0117je abrasive.com (\u201eSvetain\u0117\u201c) arba kitaip bendraujate su mumis (kolektyviai \u201ePaslaugos\u201c). \u0160ios Privatumo politikos tikslais \u201ej\u016bs\u201c ir \u201ej\u016bs\u0173\u201c rei\u0161kia j\u016bs kaip Paslaug\u0173 vartotoj\u0105, nepriklausomai nuo to, ar esate klientas, svetain\u0117s lankytojas, ar kitas\u2026<\/p>\n","protected":false},"author":1,"featured_media":0,"parent":0,"menu_order":0,"comment_status":"closed","ping_status":"open","template":"","meta":{"_acf_changed":false,"footnotes":""},"acf":[],"_links":{"self":[{"href":"https:\/\/baltics.buysteelgrit.com\/lt\/wp-json\/wp\/v2\/pages\/10305"}],"collection":[{"href":"https:\/\/baltics.buysteelgrit.com\/lt\/wp-json\/wp\/v2\/pages"}],"about":[{"href":"https:\/\/baltics.buysteelgrit.com\/lt\/wp-json\/wp\/v2\/types\/page"}],"author":[{"embeddable":true,"href":"https:\/\/baltics.buysteelgrit.com\/lt\/wp-json\/wp\/v2\/users\/1"}],"replies":[{"embeddable":true,"href":"https:\/\/baltics.buysteelgrit.com\/lt\/wp-json\/wp\/v2\/comments?post=10305"}],"version-history":[{"count":0,"href":"https:\/\/baltics.buysteelgrit.com\/lt\/wp-json\/wp\/v2\/pages\/10305\/revisions"}],"wp:attachment":[{"href":"https:\/\/baltics.buysteelgrit.com\/lt\/wp-json\/wp\/v2\/media?parent=10305"}],"curies":[{"name":"wp","href":"https:\/\/api.w.org\/{rel}","templated":true}]}}