{"id":10325,"date":"2024-07-26T07:41:57","date_gmt":"2024-07-26T07:41:57","guid":{"rendered":"https:\/\/baltics.buysteelgrit.com\/terms-of-service\/"},"modified":"2024-07-26T08:16:20","modified_gmt":"2024-07-26T08:16:20","slug":"terms-of-service","status":"publish","type":"page","link":"https:\/\/baltics.buysteelgrit.com\/fi\/terms-of-service\/","title":{"rendered":"Palveluehdot"},"content":{"rendered":"\n<p><strong>Yleiskatsaus<\/strong><\/p>\n\n\n\n<p>T\u00e4t\u00e4 verkkosivustoa yll\u00e4pit\u00e4\u00e4 Abrasive. Sivustolla k\u00e4yt\u00e4mme termej\u00e4 &#8221;me&#8221;, &#8221;meit\u00e4&#8221; ja &#8221;meid\u00e4n&#8221; viittaamaan Abrasive. Tarjoamme t\u00e4m\u00e4n verkkosivuston, mukaan lukien kaikki tiedot, ty\u00f6kalut ja palvelut, sinulle k\u00e4ytt\u00e4j\u00e4n\u00e4, edellytt\u00e4en, ett\u00e4 hyv\u00e4ksyt kaikki t\u00e4ss\u00e4 ilmoitetut ehdot, s\u00e4\u00e4nn\u00f6t, k\u00e4yt\u00e4nn\u00f6t ja ilmoitukset.<\/p>\n\n\n\n<p>Vierailemalla sivustollamme ja\/tai ostamalla meilt\u00e4 jotain, sitoudut k\u00e4ytt\u00e4m\u00e4\u00e4n &#8221;Palveluamme&#8221; ja hyv\u00e4ksym\u00e4\u00e4n seuraavat ehdot ja s\u00e4\u00e4nn\u00f6t (&#8221;Palveluehdot&#8221;, &#8221;Ehdot&#8221;), mukaan lukien ne lis\u00e4ehdot ja k\u00e4yt\u00e4nn\u00f6t, joihin viitataan t\u00e4ss\u00e4 ja\/tai jotka ovat saatavilla hyperlinkin kautta. N\u00e4it\u00e4 Palveluehtoja sovelletaan kaikkiin sivuston k\u00e4ytt\u00e4jiin, mukaan lukien rajoituksetta selaajat, myyj\u00e4t, asiakkaat, kauppiaat ja\/tai sis\u00e4ll\u00f6n tarjoajat.<\/p>\n\n\n\n<p>Lue n\u00e4m\u00e4 Palveluehdot huolellisesti ennen verkkosivuston k\u00e4ytt\u00e4mist\u00e4 tai sen osiin p\u00e4\u00e4sy\u00e4. K\u00e4ytt\u00e4m\u00e4ll\u00e4 tai p\u00e4\u00e4sem\u00e4ll\u00e4 sivuston osiin hyv\u00e4ksyt n\u00e4m\u00e4 Palveluehdot. Jos et hyv\u00e4ksy kaikkia t\u00e4m\u00e4n sopimuksen ehtoja, et voi k\u00e4ytt\u00e4\u00e4 verkkosivustoa tai sen palveluja. Jos n\u00e4m\u00e4 Palveluehdot katsotaan tarjoukseksi, hyv\u00e4ksyminen on nimenomaisesti rajoitettu n\u00e4ihin Palveluehtoihin.<\/p>\n\n\n\n<p>Mik\u00e4li nykyiseen kauppaan lis\u00e4t\u00e4\u00e4n uusia ominaisuuksia tai ty\u00f6kaluja, ne ovat my\u00f6s n\u00e4iden Palveluehtojen alaisia. Voit tarkistaa t\u00e4m\u00e4n sivun kaikista uusimmista Palveluehtojen versioista milloin tahansa. Varaamme oikeuden p\u00e4ivitt\u00e4\u00e4, muuttaa tai korvata osia n\u00e4ist\u00e4 Palveluehdoista julkaisemalla p\u00e4ivityksi\u00e4 ja\/tai muutoksia verkkosivustollamme. On sinun vastuullasi tarkistaa t\u00e4m\u00e4 sivu s\u00e4\u00e4nn\u00f6llisesti muutosten varalta. Jatkamalla verkkosivuston k\u00e4ytt\u00f6\u00e4 tai p\u00e4\u00e4sy\u00e4 sen osiin muutosten julkaisemisen j\u00e4lkeen hyv\u00e4ksyt n\u00e4m\u00e4 muutokset.<\/p>\n\n\n\n<p>Kauppamme on is\u00e4nn\u00f6ity Shopify Inc:ll\u00e4. He tarjoavat meille verkkokauppalavan, jonka avulla voimme myyd\u00e4 tuotteitamme ja palveluitamme sinulle.<\/p>\n\n\n\n<p><strong>Osa 1 &#8211; Verkkokaupan ehdot<\/strong><\/p>\n\n\n\n<p>Hyv\u00e4ksym\u00e4ll\u00e4 n\u00e4m\u00e4 Palveluehdot vakuutat, ett\u00e4 olet v\u00e4hint\u00e4\u00e4n t\u00e4ysi-ik\u00e4inen asuinvaltiossasi tai maakunnassasi, tai ett\u00e4 olet t\u00e4ysi-ik\u00e4inen ja olet antanut meille suostumuksesi sallia alaik\u00e4isten huollettaviesi k\u00e4ytt\u00e4\u00e4 t\u00e4t\u00e4 sivustoa.<\/p>\n\n\n\n<p>Et voi k\u00e4ytt\u00e4\u00e4 tuotteitamme laittomaan tai valtuuttamattomaan tarkoitukseen, etk\u00e4 saa k\u00e4ytt\u00e4\u00e4 Palvelua rikkoaksesi mit\u00e4\u00e4n laink\u00e4ytt\u00f6alueesi lakeja (mukaan lukien mutta ei rajoittuen tekij\u00e4noikeuslakeihin).<\/p>\n\n\n\n<p>Et saa v\u00e4litt\u00e4\u00e4 matoja tai viruksia tai mit\u00e4\u00e4n tuhoisaa koodia.<\/p>\n\n\n\n<p>Mik\u00e4 tahansa Ehtojen rikkominen tai loukkaaminen johtaa v\u00e4litt\u00f6m\u00e4\u00e4n palveluidemme lopettamiseen.<\/p>\n\n\n\n<p><strong>Osa 2 &#8211; Yleiset ehdot<\/strong><\/p>\n\n\n\n<p>Varaamme oikeuden kielt\u00e4yty\u00e4 palvelusta kenelle tahansa milloin tahansa mist\u00e4 tahansa syyst\u00e4.<\/p>\n\n\n\n<p>Ymm\u00e4rr\u00e4t, ett\u00e4 sis\u00e4lt\u00f6si (eiv\u00e4tk\u00e4 luottokorttitiedot) voivat siirty\u00e4 salaamattomina ja sis\u00e4lt\u00e4\u00e4 (a) siirtoja eri verkkojen kautta; ja (b) muutoksia, jotka ovat tarpeen verkkojen tai laitteiden teknisten vaatimusten mukauttamiseksi. Luottokorttitiedot ovat aina salattuja verkkojen siirroissa.<\/p>\n\n\n\n<p>Sitouduit olemaan j\u00e4ljent\u00e4m\u00e4tt\u00e4, kopioimatta, myym\u00e4tt\u00e4, j\u00e4lleenmyym\u00e4tt\u00e4 tai k\u00e4ytt\u00e4m\u00e4tt\u00e4 mit\u00e4\u00e4n osaa Palvelusta, Palvelun k\u00e4ytt\u00f6\u00e4 tai p\u00e4\u00e4sy\u00e4 Palveluun tai verkkosivuston kautta saatua yhteytt\u00e4 ilman meid\u00e4n nimenomaista kirjallista lupaa.<\/p>\n\n\n\n<p>T\u00e4ss\u00e4 sopimuksessa k\u00e4ytetyt otsikot ovat vain k\u00e4tevyytt\u00e4 varten eiv\u00e4tk\u00e4 rajoita tai vaikuta n\u00e4ihin Ehtoihin.<\/p>\n\n\n\n<p><strong>Osa 3 &#8211; Tietojen tarkkuus, t\u00e4ydellisyys ja ajankohtaisuus<\/strong><\/p>\n\n\n\n<p>Emme ole vastuussa, jos verkkosivustolla tarjottu tieto ei ole tarkkaa, t\u00e4ydellist\u00e4 tai ajankohtaista. Sivuston materiaali on tarkoitettu vain yleiseksi tiedoksi eik\u00e4 sit\u00e4 tulisi k\u00e4ytt\u00e4\u00e4 p\u00e4\u00e4t\u00f6ksenteon perustana ilman ensisijaisia, tarkempia, t\u00e4ydellisempi\u00e4 tai ajankohtaisempia tietol\u00e4hteit\u00e4. Luottamus sivuston materiaaliin on omalla vastuullasi.<\/p>\n\n\n\n<p>T\u00e4m\u00e4 sivusto voi sis\u00e4lt\u00e4\u00e4 historiallista tietoa. Historiallinen tieto ei ole ajankohtaista ja on tarkoitettu vain viitteeksi. Varaamme oikeuden muokata sivuston sis\u00e4lt\u00f6\u00e4 milloin tahansa, mutta emme ole velvollisia p\u00e4ivitt\u00e4m\u00e4\u00e4n sivuston tietoja. On sinun vastuullasi seurata muutoksia sivustollamme.<\/p>\n\n\n\n<p><strong>Osa 4 &#8211; Muutokset palveluun ja hintoihin<\/strong><\/p>\n\n\n\n<p>Tuotteidemme hinnat voivat muuttua ilman ennakkoilmoitusta.<\/p>\n\n\n\n<p>Varaamme oikeuden muuttaa tai lopettaa Palvelun (tai sen osan tai sis\u00e4ll\u00f6n) milloin tahansa ilman ennakkoilmoitusta.<\/p>\n\n\n\n<p>Emme ole vastuussa sinulle tai kolmansille osapuolille Palvelun muutoksista, hinnanmuutoksista, keskeytyksist\u00e4 tai lopettamisesta.<\/p>\n\n\n\n<p><strong>Osa 5 &#8211; Tuotteet tai palvelut (jos sovellettavissa)<\/strong><\/p>\n\n\n\n<p>Tietyt tuotteet tai palvelut voivat olla saatavilla vain verkossa verkkosivuston kautta. N\u00e4ill\u00e4 tuotteilla tai palveluilla voi olla rajoitetut m\u00e4\u00e4r\u00e4t ja ne voidaan palauttaa tai vaihtaa vain palautusk\u00e4yt\u00e4nn\u00f6n mukaisesti.<\/p>\n\n\n\n<p>Olemme tehneet parhaamme n\u00e4ytt\u00e4\u00e4ksemme tuotteidemme v\u00e4rit ja kuvat mahdollisimman tarkasti. Emme voi taata, ett\u00e4 tietokoneesi n\u00e4ytt\u00f6 n\u00e4ytt\u00e4\u00e4 v\u00e4rit tarkasti.<\/p>\n\n\n\n<p>Varaamme oikeuden, mutta emme ole velvollisia, rajoittamaan tuotteidemme tai palveluidemme myynti\u00e4 kenelle tahansa, maantieteelliseen alueeseen tai laink\u00e4ytt\u00f6alueeseen. Saatamme k\u00e4ytt\u00e4\u00e4 t\u00e4t\u00e4 oikeutta tapauskohtaisesti. Varaamme oikeuden rajoittaa tarjoamiemme tuotteiden tai palveluiden m\u00e4\u00e4ri\u00e4. Tuotteiden tai hintojen kuvaukset voivat muuttua milloin tahansa ilman ennakkoilmoitusta, meid\u00e4n yksinomaisella p\u00e4\u00e4t\u00f6ksell\u00e4mme. Varaamme oikeuden lopettaa tuotteen myynnin milloin tahansa. Mik\u00e4 tahansa tuotteen tai palvelun tarjous verkkosivustolla on mit\u00e4t\u00f6n, jos se on kielletty.<\/p>\n\n\n\n<p>Emme takaa, ett\u00e4 tuotteiden, palveluiden, tietojen tai muiden hankkimaasi materiaalien laatu t\u00e4ytt\u00e4\u00e4 odotuksesi tai ett\u00e4 Palvelun virheit\u00e4 korjataan.<\/p>\n\n\n\n<p><strong>Osa 6 &#8211; Laskutuksen ja tilitietojen tarkkuus<\/strong><\/p>\n\n\n\n<p>Varaamme oikeuden kielt\u00e4yty\u00e4 mist\u00e4 tahansa tilauksesta, jonka teet kanssamme. Voimme oman harkintamme mukaan rajoittaa tai peruuttaa ostettujen m\u00e4\u00e4rien per henkil\u00f6, talous tai tilaus. N\u00e4ihin rajoituksiin voivat kuulua tilaukset, jotka on tehty saman asiakastilin, saman luottokortin tai saman laskutus- ja\/tai toimitusosoitteen kautta. Mik\u00e4li teemme muutoksia tai peruutamme tilauksen, voimme yritt\u00e4\u00e4 ilmoittaa sinulle ottamalla yhteytt\u00e4 s\u00e4hk\u00f6postiin ja\/tai laskutusosoitteeseen\/puhelinnumeroon, joka annettiin tilauksen yhteydess\u00e4. Varaamme oikeuden rajoittaa tai est\u00e4\u00e4 tilauksia, jotka oman arvion mukaan vaikuttavat olevan tehtyj\u00e4 j\u00e4lleenmyyjilt\u00e4, myyjilt\u00e4 tai jakelijoilta.<\/p>\n\n\n\n<p>Sitouduit tarjoamaan ajankohtaiset, t\u00e4ydelliset ja tarkat osto- ja tilitiedot kaikista kaupassamme tehdyist\u00e4 ostoksista. Sitoudut p\u00e4ivitt\u00e4m\u00e4\u00e4n tilisi ja muut tiedot, mukaan lukien s\u00e4hk\u00f6postiosoitteesi ja luottokorttinumerosi ja vanhenemisp\u00e4iv\u00e4m\u00e4\u00e4r\u00e4t, jotta voimme suorittaa liiketoimesi ja ottaa sinuun yhteytt\u00e4 tarvittaessa.<\/p>\n\n\n\n<p>Katso tarkemmat tiedot palautusk\u00e4yt\u00e4nn\u00f6st\u00e4mme.<\/p>\n\n\n\n<p><strong>Osa 7 &#8211; Valinnaiset ty\u00f6kalut<\/strong><\/p>\n\n\n\n<p>Voimme antaa sinulle p\u00e4\u00e4syn kolmannen osapuolen ty\u00f6kaluihin, joita emme valvo eik\u00e4 meill\u00e4 ole hallintaa tai vaikutusvaltaa.<\/p>\n\n\n\n<p>Tunnustat ja hyv\u00e4ksyt, ett\u00e4 tarjoamme p\u00e4\u00e4syn t\u00e4llaisiin ty\u00f6kaluihin &#8221;sellaisenaan&#8221; ja &#8221;sellaisina kuin ne ovat&#8221; ilman takuita, v\u00e4itt\u00e4mi\u00e4 tai ehtoja mill\u00e4\u00e4n tavoin ja ilman mit\u00e4\u00e4n tukea. Emme ole vastuussa mist\u00e4\u00e4n vahingoista, jotka johtuvat tai liitty<\/p>\n\n\n\n<p>v\u00e4t valinnaisten kolmannen osapuolen ty\u00f6kalujen k\u00e4yt\u00f6st\u00e4.<\/p>\n\n\n\n<p>Valinnaisten ty\u00f6kalujen k\u00e4ytt\u00f6 on t\u00e4ysin oma riskisi ja harkintasi mukaan, ja sinun tulisi varmistaa, ett\u00e4 tunnet ja hyv\u00e4ksyt ty\u00f6kalujen k\u00e4ytt\u00f6ehdot, joita tarjoavat asiaankuuluvat kolmannen osapuolen toimittajat.<\/p>\n\n\n\n<p>Saatamme my\u00f6s tulevaisuudessa tarjota uusia palveluja ja\/tai ominaisuuksia verkkosivuston kautta (mukaan lukien uusien ty\u00f6kalujen ja resurssien julkaisu). T\u00e4llaiset uudet ominaisuudet ja\/tai palvelut ovat my\u00f6s n\u00e4iden Palveluehtojen alaisia.<\/p>\n\n\n\n<p><strong>Osa 8 &#8211; Kolmannen osapuolen linkit<\/strong><\/p>\n\n\n\n<p>Tietyt sis\u00e4ll\u00f6t, tuotteet ja palvelut, jotka ovat saatavilla Palvelumme kautta, voivat sis\u00e4lt\u00e4\u00e4 kolmansien osapuolien materiaaleja.<\/p>\n\n\n\n<p>Kolmannen osapuolen linkit t\u00e4ll\u00e4 sivustolla voivat ohjata sinut kolmannen osapuolen verkkosivustoille, jotka eiv\u00e4t ole meihin liittyvi\u00e4. Emme ole vastuussa kolmannen osapuolen materiaalien tai verkkosivustojen tarkastamisesta tai arvioimisesta, emmek\u00e4 takaa eik\u00e4 meill\u00e4 ole vastuuta kolmannen osapuolen materiaaleista tai verkkosivustoista tai muista kolmansien osapuolten materiaaleista, tuotteista tai palveluista.<\/p>\n\n\n\n<p>Emme ole vastuussa mist\u00e4\u00e4n vahingoista tai menetyksist\u00e4, jotka liittyv\u00e4t tavaroiden, palveluiden, resurssien, sis\u00e4ll\u00f6n tai muiden kolmansien osapuolten verkkosivustoilla tapahtuvien tapahtumien ostamiseen tai k\u00e4ytt\u00f6\u00f6n. Tarkista huolellisesti kolmannen osapuolen k\u00e4yt\u00e4nn\u00f6t ja varmistaa, ett\u00e4 ymm\u00e4rr\u00e4t ne ennen kuin ryhdyt mihink\u00e4\u00e4n tapahtumaan. Valitukset, vaateet, huolet tai kysymykset kolmannen osapuolen tuotteista tulee osoittaa kolmannelle osapuolelle.<\/p>\n\n\n\n<p><strong>Osa 9 &#8211; K\u00e4ytt\u00e4j\u00e4kommentit, palaute ja muut l\u00e4hetykset<\/strong><\/p>\n\n\n\n<p>Jos pyynn\u00f6st\u00e4mme l\u00e4het\u00e4t tiettyj\u00e4 erityisi\u00e4 l\u00e4hetyksi\u00e4 (esimerkiksi kilpailut\u00f6it\u00e4) tai ilman pyynt\u00f6\u00e4mme l\u00e4het\u00e4t luovia ideoita, ehdotuksia, suunnitelmia tai muita materiaaleja verkossa, s\u00e4hk\u00f6postitse, postitse tai muulla tavalla (yhteisesti &#8217;kommentit&#8217;), hyv\u00e4ksyt, ett\u00e4 voimme milloin tahansa ilman rajoituksia muokata, kopioida, julkaista, jakaa, k\u00e4\u00e4nt\u00e4\u00e4 ja muuten k\u00e4ytt\u00e4\u00e4 mit\u00e4 tahansa kommentteja, jotka l\u00e4het\u00e4t meille. Emme ole velvollisia (1) pit\u00e4m\u00e4\u00e4n kommentteja luottamuksellisina; (2) maksamaan korvauksia kommenteista; tai (3) vastaamaan kommentteihin.<\/p>\n\n\n\n<p>Saatamme, mutta emme ole velvollisia, valvomaan, muokkaamaan tai poistamaan sis\u00e4lt\u00f6\u00e4, joka arvioimme omalla harkinnallamme laittomaksi, loukkaavaksi, uhkaavaksi, herjaavaksi, solvaavaksi, alaspainavaksi, pelottavaksi tai syrjiv\u00e4ksi sukupuolen, seksuaalisen suuntautumisen, uskonnon, etnisyyden, rodun, i\u00e4n, kansallisuuden tai vamman perusteella; (f) l\u00e4hett\u00e4m\u00e4\u00e4n v\u00e4\u00e4ri\u00e4 tai harhaanjohtavia tietoja; (g) lataamaan tai siirt\u00e4m\u00e4\u00e4n viruksia tai muita haitallisia koodeja, joita k\u00e4ytet\u00e4\u00e4n mill\u00e4\u00e4n tavoin, joka vaikuttaa Palvelun tai mink\u00e4 tahansa siihen liittyv\u00e4n verkkosivuston, muiden verkkosivustojen tai Internetin toimintaan; (h) ker\u00e4\u00e4m\u00e4\u00e4n tai seuraamaan muiden henkil\u00f6kohtaisia tietoja; (i) l\u00e4hett\u00e4m\u00e4\u00e4n roskapostia, kalastelua, l\u00e4\u00e4kkeit\u00e4, tekaistuja viestej\u00e4, verkkosivustojen indeksointia tai ker\u00e4yst\u00e4; (j) mihink\u00e4\u00e4n s\u00e4\u00e4dyt\u00f6nt\u00e4 tai ep\u00e4eettist\u00e4 tarkoitusta varten; tai (k) puuttumaan tai kiert\u00e4m\u00e4\u00e4n Palvelun tai mink\u00e4 tahansa siihen liittyv\u00e4n verkkosivuston, muiden verkkosivustojen tai Internetin turvaominaisuuksia. Varaamme oikeuden lopettaa Palvelun tai mink\u00e4 tahansa siihen liittyv\u00e4n verkkosivuston k\u00e4yt\u00f6n kiellettyjen k\u00e4yt\u00f6n vuoksi.<\/p>\n\n\n\n<p><strong>Osa 10 &#8211; Henkil\u00f6kohtaiset tiedot<\/strong><\/p>\n\n\n\n<p>Henkil\u00f6kohtaisten tietojen toimittaminen kaupassa on s\u00e4\u00e4delty tietosuojak\u00e4yt\u00e4nn\u00f6ss\u00e4mme. Tarkista tietosuojak\u00e4yt\u00e4nt\u00f6mme.<\/p>\n\n\n\n<p><strong>Osa 11 &#8211; Virheet, ep\u00e4tarkkuudet ja puutteet<\/strong><\/p>\n\n\n\n<p>Verkkosivustollamme tai Palvelussa voi toisinaan olla typografisia virheit\u00e4, ep\u00e4tarkkuuksia tai puutteita, jotka voivat koskea tuotteen kuvauksia, hintoja, kampanjoita, tarjouksia, tuotteen toimituskuluja, kuljetusaikoja ja saatavuutta. Varaamme oikeuden korjata virheit\u00e4, ep\u00e4tarkkuuksia tai puutteita, sek\u00e4 muuttaa tai p\u00e4ivitt\u00e4\u00e4 tietoja tai peruuttaa tilauksia, jos Palvelussa tai mill\u00e4 tahansa siihen liittyv\u00e4ll\u00e4 verkkosivustolla oleva tieto on virheellist\u00e4 milloin tahansa ilman ennakkoilmoitusta (mukaan lukien sen j\u00e4lkeen, kun olet l\u00e4hett\u00e4nyt tilauksesi).<\/p>\n\n\n\n<p>Emme ota velvollisuutta p\u00e4ivitt\u00e4\u00e4, korjata tai selvent\u00e4\u00e4 tietoja Palvelussa tai mill\u00e4\u00e4n siihen liittyv\u00e4ll\u00e4 verkkosivustolla, mukaan lukien ilman rajoituksia hintatiedot, ellei laki niin edellyt\u00e4. Ei ole m\u00e4\u00e4ritetty p\u00e4ivitt\u00e4mis- tai uusimisp\u00e4iv\u00e4m\u00e4\u00e4r\u00e4\u00e4 Palvelussa tai mill\u00e4\u00e4n siihen liittyv\u00e4ll\u00e4 verkkosivustolla, joka osoittaisi, ett\u00e4 kaikki tiedot Palvelussa tai mill\u00e4\u00e4n siihen liittyv\u00e4ll\u00e4 verkkosivustolla on muutettu tai p\u00e4ivitetty.<\/p>\n\n\n\n<p><strong>Osa 12 &#8211; Kielletyt k\u00e4ytt\u00f6tarkoitukset<\/strong><\/p>\n\n\n\n<p>Muiden Palveluehtojen kielt\u00e4mien k\u00e4ytt\u00f6tarkoitusten lis\u00e4ksi sinulla on kielletty\u00e4 k\u00e4ytt\u00e4\u00e4 sivustoa tai sen sis\u00e4lt\u00f6\u00e4: (a) mihink\u00e4\u00e4n laitonta tarkoitusta varten; (b) houkutella muita suorittamaan tai osallistumaan laittomiin tekoihin; (c) rikkomaan kansainv\u00e4lisi\u00e4, liittovaltion, maakunnallisia tai valtiollisia s\u00e4\u00e4nt\u00f6j\u00e4, lakeja tai paikallisia m\u00e4\u00e4r\u00e4yksi\u00e4; (d) loukkaamaan tai rikkomaan meid\u00e4n tai muiden immateriaalioikeuksia; (e) ahdistelemaan, v\u00e4\u00e4rink\u00e4ytt\u00e4m\u00e4\u00e4n, loukkaamaan, vahingoittamaan, herjaamaan, solvaamaan, alaspainamaan, pelottamaan tai syrjim\u00e4\u00e4n sukupuolen, seksuaalisen suuntautumisen, uskonnon, etnisyyden, rodun, i\u00e4n, kansallisuuden tai vamman perusteella; (f) esitt\u00e4m\u00e4\u00e4n v\u00e4\u00e4ri\u00e4 tai harhaanjohtavia tietoja; (g) lataamaan tai siirt\u00e4m\u00e4\u00e4n viruksia tai muita haitallisia koodeja, joita k\u00e4ytet\u00e4\u00e4n mill\u00e4\u00e4n tavoin, joka vaikuttaa Palvelun tai mink\u00e4 tahansa siihen liittyv\u00e4n verkkosivuston, muiden verkkosivustojen tai Internetin toimintaan; (h) ker\u00e4\u00e4m\u00e4\u00e4n tai seuraamaan muiden henkil\u00f6kohtaisia tietoja; (i) l\u00e4hett\u00e4m\u00e4\u00e4n roskapostia, kalastelua, l\u00e4\u00e4kkeit\u00e4, tekaistuja viestej\u00e4, verkkosivustojen indeksointia tai ker\u00e4yst\u00e4; (j) mihink\u00e4\u00e4n s\u00e4\u00e4dyt\u00f6nt\u00e4 tai ep\u00e4eettist\u00e4 tarkoitusta varten; tai (k) puuttumaan tai kiert\u00e4m\u00e4\u00e4n Palvelun tai mink\u00e4 tahansa siihen liittyv\u00e4n verkkosivuston, muiden verkkosivustojen tai Internetin turvaominaisuuksia. Varaamme oikeuden lopettaa Palvelun tai mink\u00e4 tahansa siihen liittyv\u00e4n verkkosivuston k\u00e4yt\u00f6n kiellettyjen k\u00e4ytt\u00f6tarkoitusten vuoksi.<\/p>\n\n\n\n<p><strong>Osa 13 &#8211; Takuun hylk\u00e4\u00e4minen; Vastuun rajoittaminen<\/strong><\/p>\n\n\n\n<p>Emme takaa, edusta tai vakuuta, ett\u00e4 palvelumme k\u00e4ytt\u00f6 olisi keskeytym\u00e4t\u00f6nt\u00e4, ajankohtaista, turvallista tai virheet\u00f6nt\u00e4.<\/p>\n\n\n\n<p>Emme takaa, ett\u00e4 palvelun k\u00e4yt\u00f6st\u00e4 saadut tulokset olisivat tarkkoja tai luotettavia.<\/p>\n\n\n\n<p>Hyv\u00e4ksyt, ett\u00e4 aika ajoin voimme poistaa palvelun m\u00e4\u00e4r\u00e4\u00e4m\u00e4tt\u00f6miksi ajanjaksoiksi tai peruuttaa palvelun milloin tahansa ilman ennakkoilmoitusta.<\/p>\n\n\n\n<p>Hyv\u00e4ksyt nimenomaisesti, ett\u00e4 palvelun k\u00e4ytt\u00f6si tai kyvytt\u00f6myytesi k\u00e4ytt\u00e4\u00e4 palvelua on omalla riskill\u00e4si. Palvelu ja kaikki tuotteet ja palvelut, jotka toimitamme sinulle palvelun kautta, ovat (ellei me nimenomaisesti ilmoita toisin) &#8221;sellaisenaan&#8221; ja &#8221;sellaisena kuin ne ovat&#8221; ilman mit\u00e4\u00e4n edustuksia, takuita tai ehtoja, joko nimenomaisia tai implisiittisi\u00e4, mukaan lukien kaikki implisiittiset takuut tai ehdot kauppakelpoisuudesta, kauppakelpoisesta laadusta, tiettyyn tarkoitukseen soveltuvuudesta, kest\u00e4vyydest\u00e4, omistusoike<\/p>\n\n\n\n<p>udesta ja loukkaamattomuudesta.<\/p>\n\n\n\n<p>Mink\u00e4\u00e4nlaista vastuuta ei voida kohdistaa johdollemme, virkamiehillemme, ty\u00f6ntekij\u00f6illemme, tyt\u00e4ryhti\u00f6illemme, agenteillemme, urakoitsijoillemme, harjoittelijoillemme, toimittajillemme, palveluntarjoajillemme tai lisensioijillemme mist\u00e4\u00e4n vahingosta, menetyksist\u00e4, vaateista tai mist\u00e4\u00e4n suorista, ep\u00e4suorista, satunnaisista, rangaistuksellisista, erityisist\u00e4 tai seurannaisvahingoista, mukaan lukien, mutta ei rajoittuen, menetettyjen voittojen, menetetyn liikevaihdon, menetettyjen s\u00e4\u00e4st\u00f6jen, tietojen menetyksen, korvauskustannusten tai muiden vastaavien vahinkojen vuoksi, olipa se sitten sopimukseen, vahingonkorvaukseen (mukaan lukien huolimattomuus), tiukkaan vastuuseen tai muuhun perustuva, joka johtuu palvelun k\u00e4yt\u00f6st\u00e4 tai mist\u00e4\u00e4n palvelun kautta hankituista tuotteista, tai mist\u00e4\u00e4n muusta vaateesta, joka liittyy mill\u00e4\u00e4n tavoin palvelun tai mink\u00e4 tahansa tuotteen k\u00e4ytt\u00f6\u00f6n, mukaan lukien, mutta ei rajoittuen, sis\u00e4ll\u00f6n virheisiin tai puutteisiin tai mihink\u00e4\u00e4n tyyppiseen menetykseen tai vahinkoon, joka on aiheutunut palvelun tai mink\u00e4 tahansa sis\u00e4ll\u00f6n (tai tuotteen) k\u00e4yt\u00f6st\u00e4, jopa, jos meille on ilmoitettu niiden mahdollisuudesta. Koska jotkin osavaltiot tai laink\u00e4ytt\u00f6alueet eiv\u00e4t salli seuraamusten tai satunnaisten vahinkojen vastuun rajoittamista, n\u00e4iss\u00e4 osavaltioissa tai laink\u00e4ytt\u00f6alueilla vastuumme rajoittuu lain sallimaan enimm\u00e4ism\u00e4\u00e4r\u00e4\u00e4n.<\/p>\n\n\n\n<p><strong>Osa 14 &#8211; Hyvitysvelvollisuus<\/strong><\/p>\n\n\n\n<p>Hyv\u00e4ksyt, ett\u00e4 hyvit\u00e4t ja puolustat tyt\u00e4ryhti\u00f6it\u00e4mme, kumppaneitamme, virkamiehi\u00e4mme, johtajiamme, agentejamme, urakoitsijoitamme, lisensioijiamme, palveluntarjoajiamme, alihankkijoitamme, toimittajiamme, harjoittelijoitamme ja ty\u00f6ntekij\u00f6it\u00e4mme vapaiksi kaikista vaateista tai vaatimuksista, mukaan lukien kohtuulliset asianajopalkkiot, jotka kolmas osapuoli esitt\u00e4\u00e4 tai jotka johtuvat tai ovat seurausta Palveluehtojen rikkomisestasi tai niihin viittaavien asiakirjojen rikkomisesta tai lain tai kolmannen osapuolen oikeuksien rikkomisesta.<\/p>\n\n\n\n<p><strong>Osa 15 &#8211; Erityisen toimeenpanon erottaminen<\/strong><\/p>\n\n\n\n<p>Jos mik\u00e4\u00e4n n\u00e4iden Palveluehtojen kohta katsotaan laittomaksi, mit\u00e4tt\u00f6m\u00e4ksi tai t\u00e4yt\u00e4nt\u00f6\u00f6npanokelvottomaksi, kyseinen kohta on kuitenkin t\u00e4yt\u00e4nt\u00f6\u00f6npanokelpoinen sovellettavan lain sallimassa laajuudessa, ja t\u00e4yt\u00e4nt\u00f6\u00f6npanokelvottomaksi katsottu osa katsotaan eristetyksi n\u00e4ist\u00e4 Palveluehdoista, ja t\u00e4llainen m\u00e4\u00e4ritys ei vaikuta muiden j\u00e4ljell\u00e4 olevien ehtojen voimassaoloon tai t\u00e4yt\u00e4nt\u00f6\u00f6npantavuuteen.<\/p>\n\n\n\n<p><strong>Osa 16 &#8211; Sopimuksen p\u00e4\u00e4tt\u00e4minen<\/strong><\/p>\n\n\n\n<p>Osapuolten velvoitteet ja vastuut, jotka ovat syntyneet ennen p\u00e4\u00e4ttymisp\u00e4iv\u00e4\u00e4, s\u00e4ilyv\u00e4t sopimuksen p\u00e4\u00e4ttymisen j\u00e4lkeen kaikilta osin.<\/p>\n\n\n\n<p>N\u00e4m\u00e4 Palveluehdot ovat voimassa, ellet tai me p\u00e4\u00e4tt\u00e4\u00e4 niit\u00e4. Voit p\u00e4\u00e4tt\u00e4\u00e4 n\u00e4m\u00e4 Palveluehdot milloin tahansa ilmoittamalla meille, ett\u00e4 et en\u00e4\u00e4 halua k\u00e4ytt\u00e4\u00e4 palvelujamme, tai kun lopetat verkkosivuston k\u00e4ytt\u00e4misen.<\/p>\n\n\n\n<p>Jos arvioimme, ett\u00e4 et ole noudattanut tai ep\u00e4ilemme, ett\u00e4 et ole noudattanut mit\u00e4\u00e4n n\u00e4iden Palveluehtojen ehtoa tai m\u00e4\u00e4r\u00e4yst\u00e4, voimme my\u00f6s p\u00e4\u00e4tt\u00e4\u00e4 t\u00e4m\u00e4n sopimuksen milloin tahansa ilman ennakkoilmoitusta ja olet vastuussa kaikista maksamatta olevista summista p\u00e4\u00e4ttymisp\u00e4iv\u00e4\u00e4n asti; ja\/tai voimme ev\u00e4t\u00e4 p\u00e4\u00e4syn palveluihimme (tai mihin tahansa niiden osaan).<\/p>\n\n\n\n<p><strong>Osa 17 &#8211; Kokonaisuudessaan sopimus<\/strong><\/p>\n\n\n\n<p>Meid\u00e4n oikeuden tai m\u00e4\u00e4r\u00e4yksen k\u00e4ytt\u00e4m\u00e4tt\u00f6myys tai t\u00e4yt\u00e4nt\u00f6\u00f6npanemattomuus ei tarkoita t\u00e4llaisen oikeuden tai m\u00e4\u00e4r\u00e4yksen luopumista.<\/p>\n\n\n\n<p>N\u00e4m\u00e4 Palveluehdot ja kaikki meilt\u00e4 verkkosivustolla tai Palvelun osalta julkaistut politiikat tai toimintas\u00e4\u00e4nn\u00f6t muodostavat koko sopimuksen ja ymm\u00e4rryksen sinun ja meid\u00e4n v\u00e4lill\u00e4 ja s\u00e4\u00e4telev\u00e4t palvelun k\u00e4ytt\u00f6\u00e4si, syrj\u00e4ytt\u00e4en kaikki aikaisemmat tai samanaikaiset sopimukset, viestit ja ehdotukset, olipa ne suullisia tai kirjallisia, sinun ja meid\u00e4n v\u00e4lill\u00e4 (mukaan lukien, mutta ei rajoittuen, kaikki aikaisemmat versiot Palveluehdoista).<\/p>\n\n\n\n<p>Mik\u00e4 tahansa ep\u00e4selvyys n\u00e4iden Palveluehtojen tulkinnassa ei saa olla laatijan vahingoksi.<\/p>\n\n\n\n<p><strong>Osa 18 &#8211; Muutokset Palveluehtoihin<\/strong><\/p>\n\n\n\n<p>Voit tarkistaa t\u00e4m\u00e4n sivun milloin tahansa saadaksesi ajankohtaisimman version Palveluehdoista.<\/p>\n\n\n\n<p>Varaamme oikeuden, yksinomaisella harkinnallamme, p\u00e4ivitt\u00e4\u00e4, muuttaa tai korvata osan n\u00e4ist\u00e4 Palveluehdoista julkaisemalla p\u00e4ivityksi\u00e4 ja muutoksia verkkosivustollemme. On sinun vastuullasi tarkistaa verkkosivustomme s\u00e4\u00e4nn\u00f6llisesti muutosten varalta. Jatkamalla verkkosivuston tai Palvelun k\u00e4ytt\u00f6\u00e4 muutosten julkaisemisen j\u00e4lkeen hyv\u00e4ksyt n\u00e4m\u00e4 muutokset.<\/p>\n","protected":false},"excerpt":{"rendered":"<p>Yleiskatsaus T\u00e4t\u00e4 verkkosivustoa yll\u00e4pit\u00e4\u00e4 Abrasive. Sivustolla k\u00e4yt\u00e4mme termej\u00e4 &#8221;me&#8221;, &#8221;meit\u00e4&#8221; ja &#8221;meid\u00e4n&#8221; viittaamaan Abrasive. Tarjoamme t\u00e4m\u00e4n verkkosivuston, mukaan lukien kaikki tiedot, ty\u00f6kalut ja palvelut, sinulle k\u00e4ytt\u00e4j\u00e4n\u00e4, edellytt\u00e4en, ett\u00e4 hyv\u00e4ksyt kaikki t\u00e4ss\u00e4 ilmoitetut ehdot, s\u00e4\u00e4nn\u00f6t, k\u00e4yt\u00e4nn\u00f6t ja ilmoitukset. Vierailemalla sivustollamme ja\/tai ostamalla meilt\u00e4 jotain, sitoudut k\u00e4ytt\u00e4m\u00e4\u00e4n &#8221;Palveluamme&#8221; ja hyv\u00e4ksym\u00e4\u00e4n seuraavat ehdot ja s\u00e4\u00e4nn\u00f6t (&#8221;Palveluehdot&#8221;, &#8221;Ehdot&#8221;), mukaan lukien ne lis\u00e4ehdot ja k\u00e4yt\u00e4nn\u00f6t,\u2026<\/p>\n","protected":false},"author":1,"featured_media":0,"parent":0,"menu_order":0,"comment_status":"closed","ping_status":"closed","template":"","meta":{"_acf_changed":false,"footnotes":""},"acf":[],"_links":{"self":[{"href":"https:\/\/baltics.buysteelgrit.com\/fi\/wp-json\/wp\/v2\/pages\/10325"}],"collection":[{"href":"https:\/\/baltics.buysteelgrit.com\/fi\/wp-json\/wp\/v2\/pages"}],"about":[{"href":"https:\/\/baltics.buysteelgrit.com\/fi\/wp-json\/wp\/v2\/types\/page"}],"author":[{"embeddable":true,"href":"https:\/\/baltics.buysteelgrit.com\/fi\/wp-json\/wp\/v2\/users\/1"}],"replies":[{"embeddable":true,"href":"https:\/\/baltics.buysteelgrit.com\/fi\/wp-json\/wp\/v2\/comments?post=10325"}],"version-history":[{"count":0,"href":"https:\/\/baltics.buysteelgrit.com\/fi\/wp-json\/wp\/v2\/pages\/10325\/revisions"}],"wp:attachment":[{"href":"https:\/\/baltics.buysteelgrit.com\/fi\/wp-json\/wp\/v2\/media?parent=10325"}],"curies":[{"name":"wp","href":"https:\/\/api.w.org\/{rel}","templated":true}]}}