{"id":10303,"date":"2024-05-23T09:33:43","date_gmt":"2024-05-23T09:33:43","guid":{"rendered":"https:\/\/baltics.buysteelgrit.com\/privacy-policy\/"},"modified":"2024-08-20T21:00:36","modified_gmt":"2024-08-20T21:00:36","slug":"privacy-policy","status":"publish","type":"page","link":"https:\/\/baltics.buysteelgrit.com\/fi\/privacy-policy\/","title":{"rendered":"Tietosuojak\u00e4yt\u00e4nt\u00f6"},"content":{"rendered":"\n<p>Viimeksi p\u00e4ivitetty:&nbsp;26.06.2024<\/p>\n\n\n\n<p>T\u00e4m\u00e4 tietosuojak\u00e4yt\u00e4nt\u00f6 kuvaa, kuinka Abrasive Technology (sivusto, &#8221;me&#8221;, &#8221;meid\u00e4n&#8221; tai &#8221;meit\u00e4&#8221;) ker\u00e4\u00e4, k\u00e4ytt\u00e4\u00e4 ja paljastaa henkil\u00f6kohtaisia tietojasi vieraillessasi, k\u00e4ytt\u00e4ess\u00e4si palvelujamme tai ostaessasi jotain abrasive.com-sivustolta (sivusto) tai muulla tavoin kommunikoidessasi kanssamme (yhteisesti &#8221;palvelut&#8221;). T\u00e4m\u00e4n tietosuojak\u00e4yt\u00e4nn\u00f6n tarkoituksessa &#8221;sin\u00e4&#8221; ja &#8221;sinun&#8221; tarkoittaa sinua palvelujen k\u00e4ytt\u00e4j\u00e4n\u00e4, olitpa sitten asiakas, verkkosivuston k\u00e4vij\u00e4 tai muu henkil\u00f6, jonka tietoja olemme ker\u00e4nneet t\u00e4m\u00e4n tietosuojak\u00e4yt\u00e4nn\u00f6n mukaisesti.<\/p>\n\n\n\n<p>Lue t\u00e4m\u00e4 tietosuojak\u00e4yt\u00e4nt\u00f6 huolellisesti. K\u00e4ytt\u00e4m\u00e4ll\u00e4 ja p\u00e4\u00e4sem\u00e4ll\u00e4 k\u00e4siksi mihink\u00e4\u00e4n palveluistamme hyv\u00e4ksyt tietojesi ker\u00e4\u00e4misen, k\u00e4yt\u00f6n ja paljastamisen t\u00e4m\u00e4n tietosuojak\u00e4yt\u00e4nn\u00f6n mukaisesti. Jos et hyv\u00e4ksy t\u00e4t\u00e4 tietosuojak\u00e4yt\u00e4nt\u00f6\u00e4, \u00e4l\u00e4 k\u00e4yt\u00e4 tai p\u00e4\u00e4se k\u00e4siksi mihink\u00e4\u00e4n palveluistamme.<\/p>\n\n\n\n<h2 class=\"wp-block-heading\">MUUTOKSET T\u00c4H\u00c4N TIETOSUOJAK\u00c4YT\u00c4NT\u00d6\u00d6N<\/h2>\n\n\n\n<p>Saatamme p\u00e4ivitt\u00e4\u00e4 t\u00e4t\u00e4 tietosuojak\u00e4yt\u00e4nt\u00f6\u00e4 aika ajoin, esimerkiksi heijastamaan k\u00e4yt\u00e4nt\u00f6jemme muutoksia tai muihin operatiivisiin, oikeudellisiin tai s\u00e4\u00e4ntelysyihin. Julkaisemme p\u00e4ivitetyn tietosuojak\u00e4yt\u00e4nn\u00f6n sivustolla, p\u00e4ivitet\u00e4\u00e4n &#8221;Viimeksi p\u00e4ivitetty&#8221; -p\u00e4iv\u00e4m\u00e4\u00e4r\u00e4\u00e4 ja teemme muut tarvittavat toimet sovellettavan lain mukaan.<\/p>\n\n\n\n<h2 class=\"wp-block-heading\">KUINKA KER\u00c4\u00c4MME JA K\u00c4YT\u00c4MME HENKIL\u00d6KOHTAISIA TIETOJA<\/h2>\n\n\n\n<p>Tarjoaksemme palveluja, ker\u00e4\u00e4mme ja olemme ker\u00e4nneet viimeisen 12 kuukauden aikana henkil\u00f6kohtaisia tietoja sinusta useista eri l\u00e4hteist\u00e4, kuten alla on kuvattu. Ker\u00e4\u00e4m\u00e4mme ja k\u00e4ytt\u00e4m\u00e4mme tiedot vaihtelevat sen mukaan, miten vuorovaikutat kanssamme.<\/p>\n\n\n\n<p>Yksityiskohtaisista k\u00e4yt\u00f6ist\u00e4 riippumatta, voimme k\u00e4ytt\u00e4\u00e4 ker\u00e4\u00e4mi\u00e4mme tietoja kommunikoidaksemme kanssasi, tarjotaksemme palveluja, t\u00e4ytt\u00e4\u00e4ksemme mahdollisia oikeudellisia velvoitteita, valvoaksemme sovellettavia palveluehtoja sek\u00e4 suojataksemme tai puolustaaksemme palveluja, oikeuksiamme ja k\u00e4ytt\u00e4jiemme tai muiden oikeuksia.<\/p>\n\n\n\n<h3 class=\"wp-block-heading\">MIT\u00c4 HENKIL\u00d6KOHTAISIA TIETOJA KER\u00c4\u00c4MME<\/h3>\n\n\n\n<p>Ker\u00e4\u00e4m\u00e4mme henkil\u00f6kohtaisten tietojen tyypit riippuvat siit\u00e4, miten vuorovaikutat sivustomme kanssa ja k\u00e4yt\u00e4t palvelujamme. Kun k\u00e4yt\u00e4mme termi\u00e4 &#8221;henkil\u00f6kohtaiset tiedot&#8221;, viittaamme tietoihin, jotka tunnistavat, liittyv\u00e4t, kuvaavat tai voivat olla yhteydess\u00e4 sinuun. Seuraavat osiot kuvaavat kategoriat ja erityiset tyypit henkil\u00f6kohtaisia tietoja, joita ker\u00e4\u00e4mme.<\/p>\n\n\n\n<h3 class=\"wp-block-heading\">TIETOJEN KER\u00c4\u00c4MINEN SUORAAN SINULTA<\/h3>\n\n\n\n<p>Tietoja, jotka toimit suoraan meille palvelujemme kautta, voivat sis\u00e4lt\u00e4\u00e4:<\/p>\n\n\n\n<ul class=\"wp-block-list\">\n<li>Perustiedot, kuten nimi, osoite, puhelinnumero, s\u00e4hk\u00f6posti.<\/li>\n\n\n\n<li>Tilauksen tiedot, kuten nimi, laskutusosoite, toimitusosoite, maksuvahvistus, s\u00e4hk\u00f6postiosoite, puhelinnumero.<\/li>\n\n\n\n<li>Tili tiedot, kuten k\u00e4ytt\u00e4j\u00e4tunnus, salasana, turvakysymykset.<\/li>\n\n\n\n<li>Ostotiedot, kuten katsomasi tuotteet, ostoskorissasi olevat tuotteet tai toivelistalle lis\u00e4\u00e4m\u00e4si tuotteet.<\/li>\n\n\n\n<li>Asiakastukitiedot, kuten viestinn\u00e4ss\u00e4 kanssamme valitsemasi tiedot, esimerkiksi l\u00e4hett\u00e4ess\u00e4si viestin palvelujen kautta.<\/li>\n<\/ul>\n\n\n\n<p>Jotkut palvelujen ominaisuudet saattavat vaatia, ett\u00e4 toimitat meille tiettyj\u00e4 tietoja itsest\u00e4si. Voit p\u00e4\u00e4tt\u00e4\u00e4 olla toimittamatta n\u00e4it\u00e4 tietoja, mutta t\u00e4m\u00e4 voi est\u00e4\u00e4 sinua k\u00e4ytt\u00e4m\u00e4st\u00e4 tai p\u00e4\u00e4sem\u00e4st\u00e4 k\u00e4siksi n\u00e4ihin ominaisuuksiin.<\/p>\n\n\n\n<h3 class=\"wp-block-heading\">TIETOJEN KER\u00c4\u00c4MINEN EV\u00c4STEIDEN KAUTTA<\/h3>\n\n\n\n<p>Ker\u00e4\u00e4mme my\u00f6s automaattisesti tiettyj\u00e4 tietoja vuorovaikutuksestasi palvelujen kanssa (&#8221;K\u00e4ytt\u00f6tiedot&#8221;). T\u00e4t\u00e4 varten saatamme k\u00e4ytt\u00e4\u00e4 ev\u00e4steit\u00e4, pikseleit\u00e4 ja vastaavia tekniikoita (&#8221;Ev\u00e4steet&#8221;). K\u00e4ytt\u00f6tiedot voivat sis\u00e4lt\u00e4\u00e4 tietoja siit\u00e4, miten p\u00e4\u00e4set k\u00e4siksi ja k\u00e4yt\u00e4t sivustoamme ja tili\u00e4si, mukaan lukien laitetiedot, selaintiedot, tiedot verkkoyhteydest\u00e4si, IP-osoitteesi ja muita tietoja vuorovaikutuksestasi palvelujen kanssa.<\/p>\n\n\n\n<h3 class=\"wp-block-heading\">TIETOJEN HANKKIMINEN KOLMANNELTA OSAPUOLELTA<\/h3>\n\n\n\n<p>Lopuksi saatamme hankkia tietoja sinusta kolmansilta osapuolilta, mukaan lukien toimittajilta ja palveluntarjoajilta, jotka voivat ker\u00e4t\u00e4 tietoja meid\u00e4n puolestamme, kuten:<\/p>\n\n\n\n<ul class=\"wp-block-list\">\n<li>Maksuprosessorimme, jotka ker\u00e4\u00e4v\u00e4t maksutiedot (esim. pankkitili, luotto- tai maksukortin tiedot, laskutusosoite) k\u00e4sitell\u00e4kseen maksusi t\u00e4ytt\u00e4\u00e4kseen tilauksesi ja tarjotakseen pyyt\u00e4m\u00e4si tuotteet tai palvelut sopimuksemme t\u00e4ytt\u00e4miseksi.<\/li>\n\n\n\n<li>Kun vierailet sivustollamme, avaat tai napsautat l\u00e4hett\u00e4mi\u00e4mme s\u00e4hk\u00f6posteja tai vuorovaikutat palvelujemme tai mainostemme kanssa, voimme tai kolmannet osapuolet, joiden kanssa ty\u00f6skentelemme, ker\u00e4t\u00e4 automaattisesti tiettyj\u00e4 tietoja k\u00e4ytt\u00e4en verkon seurantatekniikoita, kuten pikseleit\u00e4, verkkovaloja, ohjelmistokehitt\u00e4j\u00e4paketteja, kolmannen osapuolen kirjastoja ja ev\u00e4steit\u00e4.<\/li>\n<\/ul>\n\n\n\n<p>Mit\u00e4 tahansa tietoja saamme kolmansilta osapuolilta, k\u00e4sitell\u00e4\u00e4n t\u00e4m\u00e4n tietosuojak\u00e4yt\u00e4nn\u00f6n mukaisesti. Emme ole vastuussa kolmansilta osapuolilta saamiemme tietojen tarkkuudesta emmek\u00e4 kolmannen osapuolen k\u00e4yt\u00e4nn\u00f6ist\u00e4. Lis\u00e4tietoja saat alla olevasta osiosta &#8221;Kolmannen osapuolen verkkosivustot ja linkit&#8221;.<\/p>\n\n\n\n<h3 class=\"wp-block-heading\">KUINKA K\u00c4YT\u00c4MME HENKIL\u00d6KOHTAISIA TIETOJA<\/h3>\n\n\n\n<ul class=\"wp-block-list\">\n<li>Tuotteiden ja palvelujen tarjoaminen: K\u00e4yt\u00e4mme henkil\u00f6kohtaisia tietojasi tarjotaksemme palveluja sinulle, jotta voimme t\u00e4ytt\u00e4\u00e4 sopimuksemme kanssasi, mukaan lukien maksujen k\u00e4sittelyn, tilausten t\u00e4ytt\u00e4misen, tilisi, ostojen, palautusten, vaihtojen tai muiden tapahtumien liittyvien ilmoitusten l\u00e4hett\u00e4misen, tilisi luomisen, yll\u00e4pit\u00e4misen ja muuhun hallintaan, toimituksen j\u00e4rjest\u00e4miseen, palautusten ja vaihtojen helpottamiseen ja arvostelujen julkaisemisen mahdollistamiseen.<\/li>\n\n\n\n<li>Markkinointi ja mainonta: K\u00e4yt\u00e4mme henkil\u00f6kohtaisia tietojasi markkinointi- ja mainostustarkoituksiin, kuten markkinointi-, mainonta- ja promootioviestien l\u00e4hett\u00e4miseen s\u00e4hk\u00f6postitse, tekstiviestill\u00e4 tai postitse, ja n\u00e4ytt\u00e4\u00e4ksemme mainoksia tuotteista tai palveluista. T\u00e4m\u00e4 voi sis\u00e4lt\u00e4\u00e4 henkil\u00f6kohtaisten tietojen k\u00e4ytt\u00e4mist\u00e4 palvelujen ja mainonnan paremman kohdentamisen tueksi sivustollamme ja muilla verkkosivustoilla.<\/li>\n\n\n\n<li>Turvallisuus ja petosten ehk\u00e4isy: K\u00e4yt\u00e4mme henkil\u00f6kohtaisia tietojasi havaita, tutkia tai ryhty\u00e4 toimenpiteisiin mahdollisten petollisten, laittomien tai haitallisten toimintojen suhteen. Jos p\u00e4\u00e4t\u00e4t k\u00e4ytt\u00e4\u00e4 palveluja ja rekister\u00f6ity\u00e4 tilille, olet vastuussa tilitietojesi turvaamisesta. Suosittelemme voimakkaasti, ett\u00e4 et jaa k\u00e4ytt\u00e4j\u00e4tunnustasi, salasanaasi tai muita p\u00e4\u00e4sy-tietojasi kenenk\u00e4\u00e4n kanssa. Jos uskot, ett\u00e4 tilisi on vaarantunut, ota meihin v\u00e4litt\u00f6m\u00e4sti yhteytt\u00e4.<\/li>\n\n\n\n<li>Kommunikointi kanssasi: K\u00e4yt\u00e4mme henkil\u00f6kohtaisia tietojasi asiakastuen tarjoamiseen ja palvelujemme parantamiseen. T\u00e4m\u00e4 on meid\u00e4n oikeutettu etumme olla vastuullinen sinulle, tarjota tehokkaita palveluja ja yll\u00e4pit\u00e4\u00e4 liiketoimintasuhteitamme kanssasi.<\/li>\n<\/ul>\n\n\n\n<h2 class=\"wp-block-heading\">EV\u00c4STEET<\/h2>\n\n\n\n<p>Kuten monet verkkosivustot, k\u00e4yt\u00e4mme ev\u00e4steit\u00e4 sivustollamme. Tarkempia tietoja k\u00e4ytt\u00e4mist\u00e4mme ev\u00e4steist\u00e4, katso <a href=\"https:\/\/www.shopify.com\/legal\/cookies\">https:\/\/www.shopify.com\/legal\/cookies<\/a>. K\u00e4yt\u00e4mme ev\u00e4steit\u00e4 sivuston ja palvelujen toiminnan ja parantamisen tueksi (mukaan lukien toimien ja preferenssien muistaminen), analytiikan suorittamiseen ja k\u00e4ytt\u00e4j\u00e4vuorovaikutuksen paremman ymm\u00e4rt\u00e4misen tueksi (oikeutettujen etujemme mukaisesti palvelujen hallinnoimiseksi, parantamiseksi ja optimoimiseksi). Voimme my\u00f6s sallia kolmansien osapuolien ja palveluntarjoajien k\u00e4ytt\u00e4\u00e4 ev\u00e4steit\u00e4 sivustollamme palvelujen, tuotteiden ja mainonnan paremman kohdentamisen tueksi.<\/p>\n\n\n\n<p>Useimmat selaimet hyv\u00e4ksyv\u00e4t ev\u00e4steet automaattisesti oletuksena, mutta voit valita selaimen asetuksista poistaa tai hyl\u00e4t\u00e4 ev\u00e4steet. Muista, ett\u00e4 ev\u00e4steiden poistaminen tai est\u00e4minen voi vaikuttaa negatiivisesti k\u00e4ytt\u00e4j\u00e4kokemukseesi ja saattaa aiheuttaa joidenkin palvelujen, mukaan lukien tietyt ominaisuudet ja yleinen toiminnallisuus, toimivan virheellisesti tai olevan k\u00e4ytett\u00e4viss\u00e4. Lis\u00e4ksi ev\u00e4steiden est\u00e4minen ei v\u00e4ltt\u00e4m\u00e4tt\u00e4 t\u00e4ysin est\u00e4 tietojen jakamista kolmansien osapuolien kanssa, kuten mainoskumppaneidemme kanssa.<\/p>\n\n\n\n<h2 class=\"wp-block-heading\">KUINKA PALJASTAMME HENKIL\u00d6KOHTAISIA TIETOJA<\/h2>\n\n\n\n<p>Tietyiss\u00e4 olosuhteissa saatamme paljastaa henkil\u00f6kohtaisia tietojasi kolmansille osapuolille oikeutetuista syist\u00e4 t\u00e4m\u00e4n tietosuojak\u00e4yt\u00e4nn\u00f6n mukaisesti. T\u00e4llaisia olosuhteita voivat olla:<\/p>\n\n\n\n<ul class=\"wp-block-list\">\n<li>Toimittajille tai muille kolmansille osapuolille, jotka suorittavat palveluja puolestamme (esim. IT-hallinta, maksujen k\u00e4sittely, tietoanalytiikka, asiakastuki, pilvitallennus, t\u00e4ytt\u00f6 ja toimitus).<\/li>\n\n\n\n<li>Liiketoiminta- ja markkinointikumppaneille, palvelujen tarjoamiseksi ja mainostamiseksi sinulle. Liiketoiminta- ja markkinointikumppanimme k\u00e4ytt\u00e4v\u00e4t tietojasi omien tietosuojailmoitustensa mukaisesti.<\/li>\n\n\n\n<li>Kun ohjaat, pyyd\u00e4t meit\u00e4 tai muuten suostut paljastamaan tiettyj\u00e4 tietoja kolmansille osapuolille, kuten tuotteiden toimittamiseksi tai sosiaalisen median widgetien tai kirjautumisen integrointien kautta, suostumuksellasi.<\/li>\n\n\n\n<li>Tyt\u00e4ryhti\u00f6illemme tai muuten yritysryhm\u00e4mme sis\u00e4ll\u00e4, oikeutetuista syist\u00e4 liiketoiminnan onnistumiseksi.<\/li>\n\n\n\n<li>Liiketoimintatapahtumien yhteydess\u00e4, kuten yritysfuusioiden tai konkurssin yhteydess\u00e4, sovellettavien oikeudellisten velvoitteiden t\u00e4ytt\u00e4miseksi (mukaan lukien vastaaminen kutsuntakyselyihin, etsint\u00e4kuulutuksiin ja vastaaviin pyynt\u00f6ihin), sovellettavien palveluehtojen valvomiseksi ja palvelujen, oikeuksiemme ja k\u00e4ytt\u00e4jiemme tai muiden oikeuksien suojaamiseksi tai puolustamiseksi.<\/li>\n<\/ul>\n\n\n\n<p>Olemme viimeisten 12 kuukauden aikana paljastaneet seuraavat kategoriat henkil\u00f6kohtaisia tietoja ja arkaluontoisia henkil\u00f6kohtaisia tietoja (*) k\u00e4ytt\u00e4jist\u00e4 yll\u00e4 olevien &#8221;Kuinka ker\u00e4\u00e4mme ja k\u00e4yt\u00e4mme henkil\u00f6kohtaisia tietoja&#8221; ja &#8221;Kuinka paljastamme henkil\u00f6kohtaisia tietoja&#8221; -kohtien mukaisiin tarkoituksiin:<\/p>\n\n\n\n<figure class=\"wp-block-table\"><table class=\"has-fixed-layout\"><tbody><tr><th>Kategoria<\/th><th>Saajakatagoriat<\/th><\/tr><tr><td>Tunnistimet, kuten perustiedot ja tietyt tilaus- ja tili tiedot<br><br>Internet- tai muut vastaavat verkkotoiminnat, kuten K\u00e4ytt\u00f6tiedot<\/td><td>Kaupalliset tiedot, kuten tilauksen tiedot, ostotiedot ja asiakastukitiedot<br><br>Toimittajat ja kolmannet osapuolet, jotka suorittavat palveluja puolestamme (esim. internet-palveluntarjoajat, maksuprosessorit, t\u00e4ytt\u00f6kumppanit, asiakastukikumppanit ja tietoanalytiikkapalvelujen tarjoajat), liiketoiminta- ja markkinointikumppanit, tyt\u00e4ryhti\u00f6t<\/td><\/tr><\/tbody><\/table><\/figure>\n\n\n\n<p>Emme k\u00e4yt\u00e4 tai paljasta arkaluontoisia henkil\u00f6kohtaisia tietoja ominaisuuksien p\u00e4\u00e4ttelemiseen sinusta.<\/p>\n\n\n\n<h2 class=\"wp-block-heading\">K\u00c4YTT\u00c4J\u00c4N LUOMA SIS\u00c4LT\u00d6<\/h2>\n\n\n\n<p>Palvelut voivat mahdollistaa sinulle tuotearvostelujen ja muun k\u00e4ytt\u00e4jien luoman sis\u00e4ll\u00f6n julkaisemisen. Jos p\u00e4\u00e4t\u00e4t l\u00e4hett\u00e4\u00e4 k\u00e4ytt\u00e4jien luomaa sis\u00e4lt\u00f6\u00e4 palveluiden julkiseen alueeseen, t\u00e4m\u00e4 sis\u00e4lt\u00f6 on julkista ja kaikkien saatavilla.<\/p>\n\n\n\n<p>Emme hallitse sit\u00e4, kuka p\u00e4\u00e4see k\u00e4siksi niihin tietoihin, jotka p\u00e4\u00e4t\u00e4t tehd\u00e4 muiden saataville, emmek\u00e4 voi varmistaa, ett\u00e4 tiedot p\u00e4\u00e4sevill\u00e4 osapuolilla on kunnioitus yksityisyytt\u00e4si tai ett\u00e4 ne pit\u00e4v\u00e4t tiedot turvassa. Emme ole vastuussa mist\u00e4\u00e4n tiedoista, jotka teet julkisesti saataville, tai niiden tietojen tarkkuudesta, k\u00e4yt\u00f6st\u00e4 tai v\u00e4\u00e4rink\u00e4yt\u00f6st\u00e4, jotka paljastat tai saat kolmansilta osapuolilta.<\/p>\n\n\n\n<h2 class=\"wp-block-heading\">KOLMANSIEN OSAPUOLTEN VERKKOSIVUSTOT JA LINKIT<\/h2>\n\n\n\n<p>Sivustomme voi sis\u00e4lt\u00e4\u00e4 linkkej\u00e4 kolmansien osapuolten yll\u00e4pit\u00e4miin verkkosivustoihin tai muihin verkkoalustoihin. Jos seuraat linkkej\u00e4 sivustoille, jotka eiv\u00e4t ole meid\u00e4n hallinnassamme, tarkista niiden tietosuojak\u00e4yt\u00e4nn\u00f6t ja muut ehdot. Emme takaa emmek\u00e4 ole vastuussa t\u00e4llaisten sivustojen yksityisyydest\u00e4 tai turvallisuudesta, mukaan lukien n\u00e4ill\u00e4 sivustoilla l\u00f6ytyvien tietojen tarkkuudesta, t\u00e4ydellisyydest\u00e4 tai luotettavuudesta. Tiedot, joita jaat julkisilla tai puolijulkisilla alustoilla, mukaan lukien kolmannen osapuolen sosiaalisen median alustoilla, voivat my\u00f6s olla muiden palvelujen k\u00e4ytt\u00e4jien ja\/tai n\u00e4iden kolmansien osapuolten alustojen k\u00e4ytt\u00e4jien n\u00e4ht\u00e4vill\u00e4 ilman rajoituksia meilt\u00e4 tai kolmanneltakaan osapuolelta. Linkkiemme sis\u00e4llytt\u00e4minen ei itsess\u00e4\u00e4n tarkoita, ett\u00e4 tuemme t\u00e4llaisten alustojen sis\u00e4lt\u00f6\u00e4 tai niiden omistajia tai yll\u00e4pit\u00e4ji\u00e4, paitsi palveluissa ilmoitetuissa tapauksissa.<\/p>\n\n\n\n<h2 class=\"wp-block-heading\">LASTEN TIETOJEN KER\u00c4\u00c4MINEN<\/h2>\n\n\n\n<p>Palvelut eiv\u00e4t ole tarkoitettu lasten k\u00e4ytett\u00e4v\u00e4ksi, emmek\u00e4 tietoisesti ker\u00e4\u00e4 lasten henkil\u00f6kohtaisia tietoja. Jos olet lapsen vanhempi tai huoltaja, joka on antanut meille henkil\u00f6kohtaisia tietojaan, voit ottaa meihin yhteytt\u00e4 alla olevilla yhteystiedoilla pyyt\u00e4\u00e4ksesi niiden poistamista.<\/p>\n\n\n\n<p>T\u00e4m\u00e4n tietosuojak\u00e4yt\u00e4nn\u00f6n voimaantulop\u00e4iv\u00e4n\u00e4 emme tied\u00e4, ett\u00e4 &#8221;jaamme&#8221; tai &#8221;myymme&#8221; (kuten n\u00e4m\u00e4 termit on m\u00e4\u00e4ritelty sovellettavassa laissa) henkil\u00f6kohtaisia tietoja alle 16-vuotiaista.<\/p>\n\n\n\n<h2 class=\"wp-block-heading\">TIETOJESI TURVALLISUUS JA S\u00c4ILYTYS<\/h2>\n\n\n\n<p>Ole tietoinen siit\u00e4, ett\u00e4 mik\u00e4\u00e4n turvallisuustoimenpide ei ole t\u00e4ydellinen tai l\u00e4p\u00e4isem\u00e4t\u00f6n, emmek\u00e4 voi taata &#8221;t\u00e4ydellist\u00e4 turvallisuutta&#8221;. Lis\u00e4ksi kaikki meille l\u00e4hett\u00e4m\u00e4si tiedot eiv\u00e4t v\u00e4ltt\u00e4m\u00e4tt\u00e4 ole turvallisia siirron aikana. Suosittelemme, ettet k\u00e4yt\u00e4 turvattomia kanavia arkaluontoisten tai luottamuksellisten tietojen v\u00e4litt\u00e4miseen meille.<\/p>\n\n\n\n<p>Kuinka kauan s\u00e4ilyt\u00e4mme henkil\u00f6kohtaisia tietojasi riippuu eri tekij\u00f6ist\u00e4, kuten siit\u00e4, tarvitsemme tietoja tilisi yll\u00e4pit\u00e4miseen, palvelujen tarjoamiseen, oikeudellisten velvoitteiden t\u00e4ytt\u00e4miseen, erimielisyyksien ratkaisemiseen tai muiden sovellettavien sopimusten ja politiikkojen t\u00e4ytt\u00e4miseen.<\/p>\n\n\n\n<h2 class=\"wp-block-heading\">OIKEUDET JA VALINNAT<\/h2>\n\n\n\n<p>Asuinpaikastasi riippuen sinulla saattaa olla joitakin tai kaikkia alla lueteltuja oikeuksia henkil\u00f6kohtaisiin tietoihisi liittyen. N\u00e4it\u00e4 oikeuksia ei kuitenkaan ole absoluuttisia, ne voivat koskea vain tietyiss\u00e4 olosuhteissa ja joissakin tapauksissa voimme kielt\u00e4yty\u00e4 pyynt\u00f6si t\u00e4ytt\u00e4misest\u00e4 lain sallimissa rajoissa.<\/p>\n\n\n\n<ul class=\"wp-block-list\">\n<li>Oikeus tarkastaa \/ tiet\u00e4\u00e4: Sinulla voi olla oikeus pyyt\u00e4\u00e4 p\u00e4\u00e4sy\u00e4 henkil\u00f6kohtaisiin tietoihin, joita meill\u00e4 on sinusta, mukaan lukien tiedot siit\u00e4, miten k\u00e4yt\u00e4mme ja jaamme tietojasi.<\/li>\n\n\n\n<li>Oikeus poistaa: Sinulla voi olla oikeus pyyt\u00e4\u00e4 henkil\u00f6kohtaisten tietojen poistamista, joita yll\u00e4pid\u00e4mme sinusta.<\/li>\n\n\n\n<li>Oikeus korjata: Sinulla voi olla oikeus pyyt\u00e4\u00e4 virheellisten henkil\u00f6kohtaisten tietojen korjaamista, joita yll\u00e4pid\u00e4mme sinusta.<\/li>\n\n\n\n<li>Oikeus siirt\u00e4\u00e4 tiedot: Sinulla voi olla oikeus saada kopio henkil\u00f6kohtaisista tiedoista, joita meill\u00e4 on sinusta ja pyyt\u00e4\u00e4 niiden siirt\u00e4mist\u00e4 kolmannelle osapuolelle, tietyiss\u00e4 olosuhteissa ja tietyin poikkeuksin.<\/li>\n<\/ul>\n\n\n\n<ul class=\"wp-block-list\">\n<li>K\u00e4sittelyn rajoittaminen: Sinulla voi olla oikeus pyyt\u00e4\u00e4 meit\u00e4 lopettamaan tai rajoittamaan henkil\u00f6kohtaisten tietojen k\u00e4sittely\u00e4.<\/li>\n\n\n\n<li>Suostumuksen peruuttaminen: Kun luotamme suostumukseen henkil\u00f6kohtaisten tietojen k\u00e4sittelyss\u00e4, sinulla voi olla oikeus peruuttaa t\u00e4m\u00e4 suostumus.<\/li>\n\n\n\n<li>Valitus: Sinulla voi olla oikeus valittaa p\u00e4\u00e4t\u00f6ksest\u00e4mme, jos kielt\u00e4ydymme k\u00e4sittelem\u00e4st\u00e4 pyynt\u00f6\u00e4si. Voit tehd\u00e4 sen vastaamalla suoraan kielt\u00e4miseemme.<\/li>\n\n\n\n<li>Viestint\u00e4asetusten hallinta: Saatamme l\u00e4hett\u00e4\u00e4 sinulle markkinointis\u00e4hk\u00f6posteja, ja voit kielt\u00e4yty\u00e4 n\u00e4iden vastaanottamisesta milloin tahansa k\u00e4ytt\u00e4m\u00e4ll\u00e4 s\u00e4hk\u00f6posteissamme n\u00e4kyv\u00e4\u00e4 peruutusvaihtoehtoa. Jos kielt\u00e4ydyt, voimme silti l\u00e4hett\u00e4\u00e4 sinulle ei-markkinointis\u00e4hk\u00f6posteja, kuten tilisi tai tekem\u00e4si tilaukset koskevia s\u00e4hk\u00f6posteja.<\/li>\n<\/ul>\n\n\n\n<p>Voit k\u00e4ytt\u00e4\u00e4 n\u00e4it\u00e4 oikeuksia, joissa se on ilmoitettu sivustollamme tai ottamalla meihin yhteytt\u00e4 alla annettujen yhteystietojen avulla.<\/p>\n\n\n\n<p>Emme syrji sinua k\u00e4ytt\u00e4miesi oikeuksien perusteella. Saatamme tarvita tietoja varmistaaksemme henkil\u00f6llisyytesi, kuten s\u00e4hk\u00f6postiosoitteesi tai tilitietosi, ennen kuin tarjoamme substanssia koskevan vastauksen pyynt\u00f6\u00f6n. Sovellettavien lakien mukaisesti voit nimitt\u00e4\u00e4 valtuutetun edustajan tekem\u00e4\u00e4n pyynt\u00f6j\u00e4 puolestasi oikeuksiesi k\u00e4ytt\u00e4miseksi. Ennen kuin hyv\u00e4ksymme t\u00e4llaisen pyynn\u00f6n edustajalta, vaadimme, ett\u00e4 edustaja esitt\u00e4\u00e4 todisteet siit\u00e4, ett\u00e4 olet valtuuttanut h\u00e4net toimimaan puolestasi, ja saatamme tarvita sinulta suoraan henkil\u00f6llisyytesi vahvistamisen. Vastaamme pyynt\u00f6\u00f6si ajallaan sovellettavan lain mukaan.<\/p>\n\n\n\n<h2 class=\"wp-block-heading\">VALITUKSET<\/h2>\n\n\n\n<p>Jos sinulla on valituksia siit\u00e4, kuinka k\u00e4sittelemme henkil\u00f6kohtaisia tietojasi, ota meihin yhteytt\u00e4 alla olevilla yhteystiedoilla. Jos et ole tyytyv\u00e4inen vastaukseemme valitukseesi, asuinpaikastasi riippuen voit mahdollisesti valittaa p\u00e4\u00e4t\u00f6ksest\u00e4mme ottamalla meihin yhteytt\u00e4 alla annetuilla yhteystiedoilla tai j\u00e4tt\u00e4m\u00e4ll\u00e4 valituksen paikalliselle tietosuojaviranomaiselle.<\/p>\n\n\n\n<h2 class=\"wp-block-heading\">KANSAINV\u00c4LISET K\u00c4YTT\u00c4J\u00c4T<\/h2>\n\n\n\n<p>Huomaa, ett\u00e4 voimme siirt\u00e4\u00e4, tallentaa ja k\u00e4sitell\u00e4 henkil\u00f6kohtaisia tietojasi maasi ulkopuolella, mukaan lukien Yhdysvalloissa. Henkil\u00f6kohtaisia tietojasi k\u00e4sittelev\u00e4t my\u00f6s henkil\u00f6kunta ja kolmannen osapuolen palveluntarjoajat ja kumppanit n\u00e4iss\u00e4 maissa.<\/p>\n\n\n\n<p>Jos siirr\u00e4mme henkil\u00f6kohtaisia tietojasi Euroopan ulkopuolelle, nojaamme tunnustettuihin siirtomekanismeihin, kuten Euroopan komission vakiomallin sopimusehtoihin, tai vastaaviin sopimuksiin, joita asiaankuuluva UKviranomainen on antanut, mik\u00e4li siirto ei ole maahan, jota on m\u00e4\u00e4r\u00e4tty tarjoavan riitt\u00e4v\u00e4n suojan tason.<\/p>\n\n\n\n<h2 class=\"wp-block-heading\">YHTEYSTIEDOT<\/h2>\n\n\n\n<p>Jos sinulla on kysytt\u00e4v\u00e4\u00e4 tietosuojak\u00e4yt\u00e4nn\u00f6ist\u00e4mme tai t\u00e4st\u00e4 tietosuojak\u00e4yt\u00e4nn\u00f6st\u00e4, tai jos haluat k\u00e4ytt\u00e4\u00e4 oikeuksia, jotka ovat sinulle saatavilla, l\u00e4het\u00e4 meille s\u00e4hk\u00f6postia osoitteeseen <a href=\"mailto:salesabrasivetechnology@gmail.com\">salesabrasivetechnology@gmail.com<\/a><\/p>\n","protected":false},"excerpt":{"rendered":"<p>Viimeksi p\u00e4ivitetty:&nbsp;26.06.2024 T\u00e4m\u00e4 tietosuojak\u00e4yt\u00e4nt\u00f6 kuvaa, kuinka Abrasive Technology (sivusto, &#8221;me&#8221;, &#8221;meid\u00e4n&#8221; tai &#8221;meit\u00e4&#8221;) ker\u00e4\u00e4, k\u00e4ytt\u00e4\u00e4 ja paljastaa henkil\u00f6kohtaisia tietojasi vieraillessasi, k\u00e4ytt\u00e4ess\u00e4si palvelujamme tai ostaessasi jotain abrasive.com-sivustolta (sivusto) tai muulla tavoin kommunikoidessasi kanssamme (yhteisesti &#8221;palvelut&#8221;). T\u00e4m\u00e4n tietosuojak\u00e4yt\u00e4nn\u00f6n tarkoituksessa &#8221;sin\u00e4&#8221; ja &#8221;sinun&#8221; tarkoittaa sinua palvelujen k\u00e4ytt\u00e4j\u00e4n\u00e4, olitpa sitten asiakas, verkkosivuston k\u00e4vij\u00e4 tai muu henkil\u00f6, jonka tietoja olemme ker\u00e4nneet t\u00e4m\u00e4n tietosuojak\u00e4yt\u00e4nn\u00f6n mukaisesti. Lue\u2026<\/p>\n","protected":false},"author":1,"featured_media":0,"parent":0,"menu_order":0,"comment_status":"closed","ping_status":"open","template":"","meta":{"_acf_changed":false,"footnotes":""},"acf":[],"_links":{"self":[{"href":"https:\/\/baltics.buysteelgrit.com\/fi\/wp-json\/wp\/v2\/pages\/10303"}],"collection":[{"href":"https:\/\/baltics.buysteelgrit.com\/fi\/wp-json\/wp\/v2\/pages"}],"about":[{"href":"https:\/\/baltics.buysteelgrit.com\/fi\/wp-json\/wp\/v2\/types\/page"}],"author":[{"embeddable":true,"href":"https:\/\/baltics.buysteelgrit.com\/fi\/wp-json\/wp\/v2\/users\/1"}],"replies":[{"embeddable":true,"href":"https:\/\/baltics.buysteelgrit.com\/fi\/wp-json\/wp\/v2\/comments?post=10303"}],"version-history":[{"count":0,"href":"https:\/\/baltics.buysteelgrit.com\/fi\/wp-json\/wp\/v2\/pages\/10303\/revisions"}],"wp:attachment":[{"href":"https:\/\/baltics.buysteelgrit.com\/fi\/wp-json\/wp\/v2\/media?parent=10303"}],"curies":[{"name":"wp","href":"https:\/\/api.w.org\/{rel}","templated":true}]}}