{"id":10324,"date":"2024-07-26T07:41:57","date_gmt":"2024-07-26T07:41:57","guid":{"rendered":"https:\/\/baltics.buysteelgrit.com\/terms-of-service\/"},"modified":"2024-07-26T08:39:01","modified_gmt":"2024-07-26T08:39:01","slug":"terms-of-service","status":"publish","type":"page","link":"https:\/\/baltics.buysteelgrit.com\/et\/terms-of-service\/","title":{"rendered":"Teenuse Tingimused"},"content":{"rendered":"\n<p><strong>Teenuse Tingimused<\/strong><\/p>\n\n\n\n<p><strong>\u00dclevaade<\/strong><\/p>\n\n\n\n<p>Seda veebisaiti haldab Abrasive. Kogu saidil viidatakse &#8220;meie&#8221;, &#8220;meile&#8221; ja &#8220;meie&#8221; kaudu Abrasive meeskonnale. Pakume seda veebisaiti koos kogu teabe, t\u00f6\u00f6riistade ja teenustega, mis on saidil saadaval, teile, kasutajale, tingimusel, et n\u00f5ustute k\u00f5igi siin esitatud tingimuste, poliitikate ja teadetega.<\/p>\n\n\n\n<p>K\u00fclastades meie saidi ja\/v\u00f5i ostes meilt midagi, osalete meie &#8220;Teenuses&#8221; ja n\u00f5ustute j\u00e4rgima j\u00e4rgmisi tingimusi (&#8220;Teenuse Tingimused&#8221;, &#8220;Tingimused&#8221;), sealhulgas lisatingimusi ja poliitikaid, mis on siin viidatud ja\/v\u00f5i saadaval h\u00fcperlinkide kaudu. Need Teenuse Tingimused kehtivad k\u00f5igile saidi kasutajatele, sealhulgas ilma piiranguteta brauseritele, m\u00fc\u00fcjatele, klientidele, kaupmeestele ja\/v\u00f5i sisuteenijatele.<\/p>\n\n\n\n<p>Palun lugege need Teenuse Tingimused hoolikalt l\u00e4bi enne meie veebisaidi kasutamist. Veebisaidi mis tahes osa juurde p\u00e4\u00e4semise v\u00f5i kasutamisega n\u00f5ustute nende Teenuse Tingimustega. Kui te ei n\u00f5ustu k\u00f5igi selle lepingu tingimustega, ei saa te veebisaidile juurde p\u00e4\u00e4seda ega teenuseid kasutada. Kui need Teenuse Tingimused on pakkumus, on vastuv\u00f5tt selges\u00f5naliselt piiratud nende Teenuse Tingimustega.<\/p>\n\n\n\n<p>K\u00f5ik uued funktsioonid v\u00f5i t\u00f6\u00f6riistad, mis lisatakse praegusele poodile, alluvad samuti Teenuse Tingimustele. V\u00f5ite igal ajal \u00fcle vaadata Teenuse Tingimuste k\u00f5ige v\u00e4rskema versiooni sellel lehel. J\u00e4tame endale \u00f5iguse v\u00e4rskendada, muuta v\u00f5i asendada Teenuse Tingimuste mis tahes osa, postitades uuendusi ja\/v\u00f5i muudatusi meie veebisaidile. On teie vastutus kontrollida seda lehte perioodiliselt muudatuste osas. Teie j\u00e4tkuv veebisaidi kasutamine v\u00f5i juurde p\u00e4\u00e4semine p\u00e4rast muudatuste postitamist t\u00e4hendab nende muudatuste aktsepteerimist.<\/p>\n\n\n\n<p>Meie pood on majutatud Shopify Inc. poolt. Nad pakuvad meile veebip\u00f5hist e-kaubanduse platvormi, mis v\u00f5imaldab meil m\u00fc\u00fca meie tooteid ja teenuseid teile.<\/p>\n\n\n\n<p><strong>JAOTIS 1 &#8211; VEEBIPOO TINGIMUSED<\/strong><\/p>\n\n\n\n<p>N\u00f5ustudes nende Teenuse Tingimustega, kinnitate, et olete v\u00e4hemalt oma osariigi v\u00f5i provintsi t\u00e4isealine v\u00f5i et olete t\u00e4isealine ja olete andnud meile n\u00f5usoleku, et lubate oma alaealiste s\u00f5ltlaste kasutada seda saiti.<\/p>\n\n\n\n<p>Te ei tohi kasutada meie tooteid ebaseaduslikel v\u00f5i volitamata eesm\u00e4rkidel, ega tohi Teenuse kasutamise k\u00e4igus rikkuda oma jurisdiktsiooni seadusi (sealhulgas, kuid mitte ainult autori\u00f5iguse seadusi).<\/p>\n\n\n\n<p>Te ei tohi edastada \u00fchtegi ussik\u00e4sku ega viirust v\u00f5i mis tahes h\u00e4vitava loomuga koodi.<\/p>\n\n\n\n<p>Mis tahes Tingimuste rikkumine v\u00f5i rikkumine viib teie Teenuste kohese l\u00f5petamiseni.<\/p>\n\n\n\n<p><strong>JAOTIS 2 &#8211; \u00dcLDINE TEAVE<\/strong><\/p>\n\n\n\n<p>J\u00e4tame endale \u00f5iguse keelduda teenuse osutamisest k\u00f5igile, igal ajal ja igasugustel p\u00f5hjustel.<\/p>\n\n\n\n<p>M\u00f5istate, et teie sisu (v\u00e4lja arvatud krediitkaardi info) v\u00f5ib edastamise ajal olla kr\u00fcpteerimata ja sisaldada (a) edastusi \u00fcle erinevate v\u00f5rkude; ja (b) muudatusi, mis on vajalikud tehniliste n\u00f5udmiste kohandamiseks \u00fchenduvate v\u00f5rkude v\u00f5i seadmete jaoks. Krediitkaardi info on alati kr\u00fcpteeritud edastamise ajal.<\/p>\n\n\n\n<p>N\u00f5ustute mitte korrama, kopeerima, m\u00fc\u00fcma, edasim\u00fc\u00fcma ega kasutama Teenuse mingit osa, Teenuse kasutamist v\u00f5i Teenusele juurdep\u00e4\u00e4su ilma meie selges\u00f5nalise kirjaliku loata.<\/p>\n\n\n\n<p>Selle lepingu jaotised on lisatud mugavuse huvides ning need ei piira ega m\u00f5juta neid Tingimusi.<\/p>\n\n\n\n<p><strong>JAOTIS 3 &#8211; TEABE T\u00c4PSUS, T\u00c4IELIKKUS JA AJAKOHASTAMINE<\/strong><\/p>\n\n\n\n<p>Me ei vastuta, kui sellel saidil olev teave ei ole t\u00e4pne, t\u00e4ielik v\u00f5i ajakohane. Sellel saidil olev materjal on antud ainult \u00fcldiseks teabeks ja seda ei tohiks kasutada ainusalt otsuste tegemise aluseks, ilma et oleks konsulteeritud peamiste, t\u00e4psemate, t\u00e4ielikumate v\u00f5i ajakohasemate teabeallikatega. Mis tahes s\u00f5ltumine sellel saidil olevast materjalist on teie enda risk.<\/p>\n\n\n\n<p>Sait v\u00f5ib sisaldada teatud ajaloolist teavet. Ajalooline teave ei ole tingimata ajakohane ja on antud ainult teie viitamiseks. J\u00e4tame endale \u00f5iguse muuta saidi sisu igal ajal, kuid meil ei ole kohustust ajakohastada saidil olevaid andmeid. Te n\u00f5ustute, et teie vastutus on j\u00e4lgida saidi muudatusi.<\/p>\n\n\n\n<p><strong>JAOTIS 4 &#8211; TEENUDE JA HINDADE MUUDATUSED<\/strong><\/p>\n\n\n\n<p>Meie toodete hinnad v\u00f5ivad muutuda ette teatamata.<\/p>\n\n\n\n<p>J\u00e4tame endale \u00f5iguse igal ajal muuta v\u00f5i l\u00f5petada Teenuse (v\u00f5i selle osa v\u00f5i sisu) ilma ette teatamata.<\/p>\n\n\n\n<p>Me ei vastuta teie ega kolmanda osapoole ees Teenuse muudatuste, hinnamuudatuste, peatamise v\u00f5i l\u00f5petamise eest.<\/p>\n\n\n\n<p><strong>JAOTIS 5 &#8211; TOOTED V\u00d5I TEENUSED (kui kohaldatav)<\/strong><\/p>\n\n\n\n<p>M\u00f5ned tooted v\u00f5i teenused v\u00f5ivad olla saadaval ainult veebis l\u00e4bi meie saidi. Need tooted v\u00f5i teenused v\u00f5ivad olla piiratud kogustes ja nende tagastamine v\u00f5i vahetamine toimub ainult vastavalt meie Tagastamisreeglitele.<\/p>\n\n\n\n<p>Oleme teinud k\u00f5ik endast oleneva, et kuvada t\u00e4pselt meie toodete v\u00e4rve ja pilte, mis ilmuvad poes. Me ei saa garanteerida, et teie arvuti monitori v\u00e4rvi kuvamine on t\u00e4pne.<\/p>\n\n\n\n<p>J\u00e4tame endale \u00f5iguse, kuid mitte kohustuse, piirata meie toodete v\u00f5i teenuste m\u00fc\u00fcki \u00fcksikisikutele, geograafilistele piirkondadele v\u00f5i jurisdiktsioonidele. V\u00f5ime seda \u00f5igust rakendada juhtumi kaupa. J\u00e4tame endale \u00f5iguse piirata mis tahes toodete v\u00f5i teenuste koguseid, mida pakume. K\u00f5ik tootekirjeldused v\u00f5i tootehinnad v\u00f5ivad igal ajal muutuda ilma ette teatamata, meie ainuotsustuse j\u00e4rgi. J\u00e4tame endale \u00f5iguse l\u00f5petada mis tahes toote m\u00fc\u00fck igal ajal. Igasugune pakkumine mis tahes toote v\u00f5i teenuse kohta sellel saidil on kehtetu, kui seda on keelatud.<\/p>\n\n\n\n<p>Me ei garanteeri, et mis tahes toodete, teenuste, teabe v\u00f5i muude materjalide kvaliteet, mis on ostetud v\u00f5i saadud teie poolt, vastab teie ootustele, v\u00f5i et Teenuse vigade parandamine toimub.<\/p>\n\n\n\n<p><strong>JAOTIS 6 &#8211; KONTODE JA K\u00dcMNISINFODE T\u00c4PSUS<\/strong><\/p>\n\n\n\n<p>J\u00e4tame endale \u00f5iguse keelduda igast teie poolt esitatud tellimusest. V\u00f5ime oma \u00e4ran\u00e4gemisel piirata v\u00f5i t\u00fchistada koguseid, mida ostetakse inimese, leibkonna v\u00f5i tellimuse kohta. Need piirangud v\u00f5ivad h\u00f5lmata tellimusi, mis on tehtud sama kliendikonto, sama krediitkaardi all, ja\/v\u00f5i tellimusi, mis kasutavad sama arveldus- ja\/v\u00f5i kohaletoimetamisadresse. Kui me muudame v\u00f5i t\u00fchistame tellimuse, v\u00f5ime p\u00fc\u00fcda teid teavitada, v\u00f5ttes \u00fchendust e-posti ja\/v\u00f5i arveldus- ja\/v\u00f5i telefoninumbri kaudu, mis on antud tellimuse tegemise ajal. J\u00e4tame endale \u00f5iguse piirata v\u00f5i keelata tellimusi, mis meie arvates v\u00f5ivad olla tehtud edasim\u00fc\u00fcjate, jaotajate v\u00f5i jaotajate poolt.<\/p>\n\n\n\n<p>Te n\u00f5ustute esitama ajakohase, t\u00e4ieliku ja t\u00e4pse ostu- ja konto teabe k\u00f5ikide teie poolt poe kaudu tehtud ostude jaoks. Te n\u00f5ustute viivitamatult v\u00e4rskendama oma kontot ja muid andmeid, sealhulgas oma e-posti aadressi ja krediitkaardi numbreid ja aegumiskuup\u00e4evi, et saaksime teie tehingud l\u00f5petada ja vajadusel teiega \u00fchendust v\u00f5tta.<\/p>\n\n\n\n<p>Lisainformatsiooni saamiseks vaadake meie Tagastamisreegleid.<\/p>\n\n\n\n<p><strong>JAOTIS 7 &#8211; VALIKULISED T\u00d6\u00d6RIISTAD<\/strong><\/p>\n\n\n\n<p>Me v\u00f5ime anda teile juurdep\u00e4\u00e4su kolmandate osapoolte t\u00f6\u00f6riistadele, mille \u00fcle me ei j\u00e4relevalvet ega kontrolli ega sisendit.<\/p>\n\n\n\n<p>Te tunnustate ja n\u00f5ustute, et pakume juurdep\u00e4\u00e4su sellistele<\/p>\n\n\n\n<p>t\u00f6\u00f6riistadele &#8220;nagu on&#8221; ja &#8220;nagu saadaval&#8221; ilma igasuguste garantiide, esitluste v\u00f5i tingimusteta ning ilma igasuguse heakskiiduta. Me ei vastuta mingil moel teie valikuliste kolmanda osapoole t\u00f6\u00f6riistade kasutamisest tulenevate kahjude eest.<\/p>\n\n\n\n<p>Mis tahes valikuliste t\u00f6\u00f6riistade kasutamine saidil on t\u00e4iesti teie enda risk ja arvestus, ning peate veenduma, et olete tuttav ja n\u00f5ustute t\u00f6\u00f6riistade tingimustega, mida pakuvad vastavad kolmanda osapoole teenusepakkujad.<\/p>\n\n\n\n<p>Me v\u00f5ime tulevikus pakkuda uusi teenuseid ja\/v\u00f5i funktsioone veebisaidi kaudu (sealhulgas uute t\u00f6\u00f6riistade ja ressursside vabastamine). Sellised uued funktsioonid ja\/v\u00f5i teenused alluvad samuti nendele Teenuse Tingimustele.<\/p>\n\n\n\n<p><strong>JAOTIS 8 &#8211; KOLMANDATE OSAPOOLTE LINKID<\/strong><\/p>\n\n\n\n<p>M\u00f5ni sisu, tooted ja teenused, mis on saadaval meie Teenuse kaudu, v\u00f5ivad sisaldada kolmandate osapoolte materjale.<\/p>\n\n\n\n<p>Kolmandate osapoolte lingid saidil v\u00f5ivad suunata teid kolmandate osapoolte veebisaitidele, mis ei ole meiega seotud. Me ei ole vastutavad kolmandate osapoolte sisu v\u00f5i t\u00e4psuse hindamise eest ning ei garanteeri ega vastuta kolmandate osapoolte materjalide v\u00f5i veebisaitide, v\u00f5i muude kolmandate osapoolte materjalide, toodete v\u00f5i teenuste eest.<\/p>\n\n\n\n<p>Me ei vastuta mis tahes kahju v\u00f5i kahjustuste eest, mis on seotud kaupade, teenuste, ressursside, sisu v\u00f5i muude tehingutega, mis on tehtud kolmandate osapoolte veebisaitide kaudu. Palun vaadake hoolikalt kolmanda osapoole poliitikaid ja praktikaid ning veenduge, et m\u00f5istate neid enne tehingu tegemist. Kaebused, n\u00f5uded, mured v\u00f5i k\u00fcsimused kolmandate osapoolte toodete kohta tuleks suunata kolmandale osapoolele.<\/p>\n\n\n\n<p><strong>JAOTIS 9 &#8211; KASUTAJA KOMMENTAARID, TAGASISIDED JA MUUD ESITUSED<\/strong><\/p>\n\n\n\n<p>Kui meie soovi korral saadate teatud konkreetseid esitusi (n\u00e4iteks konkursi osalused) v\u00f5i ilma meie palveita saadate loovaid ideid, ettepanekuid, plaane v\u00f5i muid materjale, olgu need veebis, e-posti, posti v\u00f5i muul viisil (koos, &#8216;kommentaarid&#8217;), n\u00f5ustute, et v\u00f5ime igal ajal, piiranguteta, redigeerida, kopeerida, avaldada, levitada, t\u00f5lkida ja muul viisil kasutada k\u00f5iki kommentaare, mida meile edastate. Me ei ole ja ei ole kohustatud (1) hoidma kommentaare konfidentsiaalsetena; (2) maksma kommentaaride eest tasu; v\u00f5i (3) vastama kommentaaridele.<\/p>\n\n\n\n<p>Me v\u00f5ime, kuid ei ole kohustatud, j\u00e4lgima, redigeerima v\u00f5i eemaldama sisu, mida meie \u00e4ran\u00e4gemisel peame ebaseaduslikuks, solvavaks, \u00e4hvardavaks, laimavaks, alandavaks, pornograafiliseks, obsc\u00e4\u00e4nseks v\u00f5i muul viisil vastuv\u00f5etamatuks v\u00f5i mis rikub mis tahes isiku intellektuaalomandi \u00f5igusi v\u00f5i neid Teenuse Tingimusi.<\/p>\n\n\n\n<p>Te n\u00f5ustute, et teie kommentaarid ei riku kolmanda osapoole \u00f5igusi, sealhulgas autori\u00f5igusi, kaubam\u00e4rki, privaatsust, isiklikke v\u00f5i muid isiklikke v\u00f5i omandi\u00f5igusi. Te n\u00f5ustute ka, et teie kommentaarid ei sisalda laimavaid v\u00f5i muul moel ebaseaduslikke, solvavaid v\u00f5i obsc\u00e4\u00e4nseid materjale ega viirusi v\u00f5i muud pahavara, mis v\u00f5ib m\u00f5jutada Teenuse v\u00f5i seotud veebisaidi toimimist. Te ei tohi kasutada vale e-posti aadressi, teeselda, et olete keegi teine, ega muul viisil petta meid v\u00f5i kolmandaid osapooli kommentaaride p\u00e4ritolu osas. Te olete ainuisikuliselt vastutav oma kommentaaride eest ja nende t\u00e4psuse eest. Me ei v\u00f5ta vastutust ega vastuta teie v\u00f5i kolmandate osapoolte postitatud kommentaaride eest.<\/p>\n\n\n\n<p><strong>JAOTIS 10 &#8211; ISIKLIKUD ANDMED<\/strong><\/p>\n\n\n\n<p>Teie isiklike andmete esitamine poe kaudu reguleeritakse meie Privaatsuspoliitikaga. Privaatsuspoliitika vaatamiseks.<\/p>\n\n\n\n<p><strong>JAOTIS 11 &#8211; VIGAD, EBAK\u00d5IKSED JA V\u00c4LJALANGEMISED<\/strong><\/p>\n\n\n\n<p>Aeg-ajalt v\u00f5ib meie saidil v\u00f5i Teenuses esineda tr\u00fckivigu, ebat\u00e4psusi v\u00f5i puuduj\u00e4\u00e4ke, mis v\u00f5ivad puudutada tootekirjeldusi, hinnakujundust, soodustusi, pakkumisi, toote kohaletoimetamise tasusid, tarneaegu ja saadavust. J\u00e4tame endale \u00f5iguse parandada vigu, ebat\u00e4psusi v\u00f5i puuduj\u00e4\u00e4ke ning muuta v\u00f5i ajakohastada teavet v\u00f5i t\u00fchistada tellimusi, kui mis tahes Teenuse v\u00f5i seotud veebisaidi teave on ebat\u00e4pne igal ajal ilma ette teatamata (sealhulgas p\u00e4rast teie tellimuse esitamist).<\/p>\n\n\n\n<p>Me ei v\u00f5ta kohustust ajakohastada, muuta v\u00f5i selgitada Teenuse v\u00f5i seotud veebisaidi teavet, sealhulgas, kuid mitte ainult, hinnakujundusteavet, v\u00e4lja arvatud seadusega n\u00f5utud juhul. Ei mingeid kindlaid uuendamise v\u00f5i v\u00e4rskendamise kuup\u00e4evi Teenuses v\u00f5i seotud veebisaidil, ei tohiks t\u00f5lgendada, et kogu Teenuse v\u00f5i seotud veebisaidi teave on muudetud v\u00f5i ajakohastatud.<\/p>\n\n\n\n<p><strong>JAOTIS 12 &#8211; KEELATUD KASUTUSED<\/strong><\/p>\n\n\n\n<p>Lisaks muudele keelatud tegevustele, mis on s\u00e4testatud Teenuse Tingimustes, on keelatud kasutada saiti v\u00f5i selle sisu: (a) ebaseaduslikel eesm\u00e4rkidel; (b) teistele ebaseaduslike tegude sooritamiseks v\u00f5i neis osalemiseks; (c) rahvusvaheliste, f\u00f6deraalse, provintsi v\u00f5i osariigi m\u00e4\u00e4ruste, reeglite, seaduste v\u00f5i kohalike m\u00e4\u00e4ruste rikkumiseks; (d) meie intellektuaalomandi \u00f5iguste v\u00f5i teiste intellektuaalomandi \u00f5iguste rikkumiseks; (e) h\u00e4irida, kuritarvitada, solvata, kahjustada, laimata, s\u00f5imata, halvustada, \u00e4hvardada v\u00f5i diskrimineerida soo, seksuaalse orientatsiooni, religiooni, etnilise kuuluvuse, rassi, vanuse, rahvuse v\u00f5i puude alusel; (f) vale v\u00f5i eksitava teabe esitamiseks; (g) viiruste v\u00f5i muu pahavara \u00fcleslaadimiseks v\u00f5i edastamiseks, mis v\u00f5ivad m\u00f5jutada Teenuse v\u00f5i seotud veebisaidi, teiste veebisaitide v\u00f5i Interneti funktsionaalsust v\u00f5i toimimist; (h) teiste isikliku teabe kogumiseks v\u00f5i j\u00e4lgimiseks; (i) r\u00e4mpsposti, petukirjade, ravimite, valeandmete, robotite v\u00f5i kraapimise jaoks; (j) obsc\u00e4\u00e4nsete v\u00f5i ebaeetiliste eesm\u00e4rkide jaoks; v\u00f5i (k) Teenuse v\u00f5i seotud veebisaidi, teiste veebisaitide v\u00f5i Interneti turvafunktsioonide rikkumiseks v\u00f5i ringideerimiseks. J\u00e4tame endale \u00f5iguse l\u00f5petada teie Teenuse v\u00f5i seotud veebisaidi kasutamine keelatud kasutuste rikkumise eest.<\/p>\n\n\n\n<p><strong>JAOTIS 13 &#8211; GARANTIIDEST TINGIMUSED; VASTUTUSE PIIRAMINE<\/strong><\/p>\n\n\n\n<p>Me ei garanteeri, esinda ega garanteeri, et teie Teenuse kasutamine on katkematu, \u00f5igeaegne, turvaline v\u00f5i vigadeta.<\/p>\n\n\n\n<p>Me ei garanteeri, et Teenuse kasutamisest saadud tulemused on t\u00e4psed v\u00f5i usaldusv\u00e4\u00e4rsed.<\/p>\n\n\n\n<p>Te n\u00f5ustute, et aeg-ajalt v\u00f5ime Teenuse eemaldada m\u00e4\u00e4ramata ajaks v\u00f5i Teenuse igal ajal t\u00fchistada, ilma ette teatamata.<\/p>\n\n\n\n<p>Te n\u00f5ustute, et teie Teenuse kasutamine v\u00f5i v\u00f5imetus seda kasutada on teie ainus risk. Teenus ja k\u00f5ik Teenuse kaudu teile edastatud tooted ja teenused on (v.a juhul, kui me oleme selges\u00f5naliselt \u00f6elnud) antud &#8220;nagu on&#8221; ja &#8220;nagu saadaval&#8221; teie kasutamiseks, ilma igasuguste esitluste, garantii v\u00f5i tingimusteta, olgu need siis otsesed v\u00f5i kaudsed, sealhulgas k\u00f5ik kaudsed garantii v\u00f5i tingimused kaubanduslikkuse, kaubandusliku kvaliteedi, teatud eesm\u00e4rgiks sobivuse, vastupidavuse, tiitli ja mitte-rikkumise osas.<\/p>\n\n\n\n<p>Meie direktorid, ametnikud, t\u00f6\u00f6tajad, sidusettev\u00f5tted, agentuurid, t\u00f6\u00f6v\u00f5tjad, praktik<\/p>\n\n\n\n<p>andid, tarnijad, teenusepakkujad v\u00f5i litsentsiandjad ei vastuta mis tahes vigastuste, kahjude, n\u00f5uete v\u00f5i otse-, kaudsete, juhuslike, karistavate, eriliste v\u00f5i tagaj\u00e4rgede eest, sealhulgas, kuid mitte ainult, kadunud kasumite, kadunud tulude, kadunud s\u00e4\u00e4stude, andmekao, asenduskulude v\u00f5i muude sarnaste kahjude eest, olgu need siis lepingulised, delikti\u00f5iguslikud (sealhulgas hooletus), rangelt vastutavad v\u00f5i muul moel, mis tulenevad Teenuse v\u00f5i Teenuse kaudu hangitud toodete kasutamisest, v\u00f5i muude n\u00f5uete osas, mis on seotud Teenuse v\u00f5i toote kasutamisega, sealhulgas, kuid mitte ainult, sisu vigu v\u00f5i puuduj\u00e4\u00e4ke, v\u00f5i mis tahes t\u00fc\u00fcpi kahju v\u00f5i kaotus, mis tekib Teenuse v\u00f5i sisu (v\u00f5i toote) kasutamisest, isegi kui oleme teadlikud nende v\u00f5imalikkusest. Kuna m\u00f5ned osariigid v\u00f5i jurisdiktsioonid ei luba tagaj\u00e4rgede v\u00f5i juhuslike kahjude v\u00e4listamist v\u00f5i piiramist, siis nende osariikide v\u00f5i jurisdiktsioonide puhul on meie vastutus piiratud seadusega lubatud maksimumini.<\/p>\n\n\n\n<p><strong>JAOTIS 14 &#8211; H\u00dcVITAMINE<\/strong><\/p>\n\n\n\n<p>Te n\u00f5ustute h\u00fcvitama ja kaitsma meie t\u00fctarettev\u00f5tteid, sidusettev\u00f5tteid, partnereid, ametnikke, juhte, agente, t\u00f6\u00f6v\u00f5tjaid, litsentsiandjaid, teenusepakkujaid, allt\u00f6\u00f6v\u00f5tjaid, tarnijaid, praktikante ja t\u00f6\u00f6tajaid kahjude eest, mis tulenevad mis tahes kolmanda osapoole n\u00f5udest, sealhulgas m\u00f5istlikud advokaaditasud, mis on esitatud teie Teenuse Tingimuste v\u00f5i nende dokumentide rikkumise t\u00f5ttu v\u00f5i kolmanda osapoole \u00f5iguste rikkumise t\u00f5ttu.<\/p>\n\n\n\n<p><strong>JAOTIS 15 &#8211; ERISTAMINE<\/strong><\/p>\n\n\n\n<p>Kui m\u00f5ni Tingimuste s\u00e4te m\u00e4\u00e4ratakse ebaseaduslikuks, t\u00fchiseks v\u00f5i t\u00e4itmata j\u00e4\u00e4vaks, j\u00e4\u00e4b see s\u00e4te kehtima seadusega lubatud ulatuses ja t\u00e4itmata j\u00e4\u00e4v osa loetakse nendest Tingimustest eraldatuks, mis ei m\u00f5juta teiste s\u00e4te kehtivust ja t\u00e4idetavust.<\/p>\n\n\n\n<p><strong>JAOTIS 16 &#8211; L\u00d5PETAMINE<\/strong><\/p>\n\n\n\n<p>Osapoolte kohustused ja vastutused, mis tekkisid enne l\u00f5petamise kuup\u00e4eva, j\u00e4\u00e4vad kehtima k\u00f5igi eesm\u00e4rkide jaoks p\u00e4rast kokkuleppe l\u00f5petamist.<\/p>\n\n\n\n<p>Need Teenuse Tingimused on kehtivad, kuni need l\u00f5petatakse kas teie v\u00f5i meie poolt. Te v\u00f5ite l\u00f5petada need Teenuse Tingimused igal ajal, teavitades meid, et te ei soovi enam meie Teenuseid kasutada, v\u00f5i kui l\u00f5petate meie saidi kasutamise.<\/p>\n\n\n\n<p>Kui meie arvates te ei t\u00e4ida v\u00f5i me kahtlustame, et te ei t\u00e4ida m\u00f5nda Tingimuste s\u00e4tet, v\u00f5ime ka l\u00f5petada lepingu igal ajal ilma etteteatamata ja te j\u00e4\u00e4te vastutavaks k\u00f5igi summade eest kuni l\u00f5petamise kuup\u00e4evani; ja\/v\u00f5i v\u00f5ime keelduda teie juurdep\u00e4\u00e4sust meie Teenustele (v\u00f5i mis tahes osale neist).<\/p>\n\n\n\n<p><strong>JAOTIS 17 &#8211; KOGU KOKKULEPE<\/strong><\/p>\n\n\n\n<p>Kui me ei kasuta v\u00f5i t\u00e4ida m\u00f5nda \u00f5igust v\u00f5i s\u00e4tet, ei t\u00e4henda see \u00f5iguse v\u00f5i s\u00e4tte loobumist.<\/p>\n\n\n\n<p>Need Teenuse Tingimused ja k\u00f5ik poliitikad v\u00f5i tegevusreeglid, mida oleme saidil v\u00f5i Teenuse osas postitanud, kujutavad endast kogu kokkulepet ja arusaamist teie ja meie vahel ning reguleerivad teie Teenuse kasutamist, asendades k\u00f5ik varasemad v\u00f5i kaasnevad kokkulepped, suhtlused ja ettepanekud, olgu need suulised v\u00f5i kirjalikud, teie ja meie vahel (sealhulgas, kuid mitte ainult, Teenuse Tingimuste varasemad versioonid).<\/p>\n\n\n\n<p>M\u00f5ned t\u00f5lgendamisambiguiteed Teenuse Tingimustes ei tohiks olla t\u00f5lgendatud koostaja vastu.<\/p>\n\n\n\n<p><strong>JAOTIS 18 &#8211; TINGIMUSTE MUUTMISED<\/strong><\/p>\n\n\n\n<p>Te saate igal ajal vaadata k\u00f5ige ajakohasemaid Teenuse Tingimusi sellel lehel.<\/p>\n\n\n\n<p>Me j\u00e4tame endale \u00f5iguse oma \u00e4ran\u00e4gemisel igal ajal uuendada, muuta v\u00f5i asendada Teenuse Tingimuste mis tahes osa, postitades meie veebisaidile uuendusi ja muudatusi. Teie vastutate selle eest, et kontrollite meie veebisaiti perioodiliselt muudatuste osas. Teie j\u00e4tkuv kasutamine v\u00f5i juurdep\u00e4\u00e4s meie veebisaidile v\u00f5i Teenusele p\u00e4rast muutuste postitamist Teenuse Tingimustes, t\u00e4histab nende muudatuste vastuv\u00f5tmist.<\/p>\n","protected":false},"excerpt":{"rendered":"<p>Teenuse Tingimused \u00dclevaade Seda veebisaiti haldab Abrasive. Kogu saidil viidatakse &#8220;meie&#8221;, &#8220;meile&#8221; ja &#8220;meie&#8221; kaudu Abrasive meeskonnale. Pakume seda veebisaiti koos kogu teabe, t\u00f6\u00f6riistade ja teenustega, mis on saidil saadaval, teile, kasutajale, tingimusel, et n\u00f5ustute k\u00f5igi siin esitatud tingimuste, poliitikate ja teadetega. K\u00fclastades meie saidi ja\/v\u00f5i ostes meilt midagi, osalete meie &#8220;Teenuses&#8221; ja n\u00f5ustute j\u00e4rgima j\u00e4rgmisi tingimusi (&#8220;Teenuse Tingimused&#8221;, &#8220;Tingimused&#8221;),\u2026<\/p>\n","protected":false},"author":1,"featured_media":0,"parent":0,"menu_order":0,"comment_status":"closed","ping_status":"closed","template":"","meta":{"_acf_changed":false,"footnotes":""},"acf":[],"_links":{"self":[{"href":"https:\/\/baltics.buysteelgrit.com\/et\/wp-json\/wp\/v2\/pages\/10324"}],"collection":[{"href":"https:\/\/baltics.buysteelgrit.com\/et\/wp-json\/wp\/v2\/pages"}],"about":[{"href":"https:\/\/baltics.buysteelgrit.com\/et\/wp-json\/wp\/v2\/types\/page"}],"author":[{"embeddable":true,"href":"https:\/\/baltics.buysteelgrit.com\/et\/wp-json\/wp\/v2\/users\/1"}],"replies":[{"embeddable":true,"href":"https:\/\/baltics.buysteelgrit.com\/et\/wp-json\/wp\/v2\/comments?post=10324"}],"version-history":[{"count":0,"href":"https:\/\/baltics.buysteelgrit.com\/et\/wp-json\/wp\/v2\/pages\/10324\/revisions"}],"wp:attachment":[{"href":"https:\/\/baltics.buysteelgrit.com\/et\/wp-json\/wp\/v2\/media?parent=10324"}],"curies":[{"name":"wp","href":"https:\/\/api.w.org\/{rel}","templated":true}]}}