{"id":10302,"date":"2024-05-23T09:33:43","date_gmt":"2024-05-23T09:33:43","guid":{"rendered":"https:\/\/baltics.buysteelgrit.com\/privacy-policy\/"},"modified":"2024-08-20T21:00:19","modified_gmt":"2024-08-20T21:00:19","slug":"privacy-policy","status":"publish","type":"page","link":"https:\/\/baltics.buysteelgrit.com\/et\/privacy-policy\/","title":{"rendered":"Privaatsuspoliitika"},"content":{"rendered":"\n<p>Viimati uuendatud:&nbsp;26.06.2024<\/p>\n\n\n\n<p>See privaatsuspoliitika kirjeldab, kuidas Abrasive Technology (edaspidi \u201cveebileht\u201d, \u201cmeie\u201d, \u201cme\u201d v\u00f5i \u201cmeie oma\u201d) kogub, kasutab ja avaldab teie isiklikku teavet, kui k\u00fclastate, kasutate meie teenuseid v\u00f5i sooritate ostu veebilehel abrasive.com (edaspidi \u201cveebileht\u201d) v\u00f5i suhtlete meiega muul viisil (\u00fchiselt, \u201cteenused\u201d). K\u00e4esoleva privaatsuspoliitika m\u00f5istes t\u00e4hendab \u201cteie\u201d ja \u201cteie oma\u201d teid kui teenuste kasutajat, olenemata sellest, kas olete klient, veebisaidi k\u00fclastaja v\u00f5i muu isik, kelle teavet oleme kogunud vastavalt sellele privaatsuspoliitikale.<\/p>\n\n\n\n<p>Palun lugege see privaatsuspoliitika hoolikalt l\u00e4bi. Teenuste kasutamise ja neile juurdep\u00e4\u00e4su kaudu n\u00f5ustute oma teabe kogumise, kasutamise ja avaldamisega vastavalt sellele privaatsuspoliitikale. Kui te ei n\u00f5ustu selle privaatsuspoliitikaga, palun \u00e4rge kasutage ega juurdep\u00e4\u00e4su \u00fchtegi teenust.<\/p>\n\n\n\n<h2 class=\"wp-block-heading\">MUUDATUSED SELLES PRIVAATSUSPOLIITIKAS<\/h2>\n\n\n\n<p>V\u00f5ime seda privaatsuspoliitikat aeg-ajalt uuendada, et kajastada muudatusi meie tavades v\u00f5i muudel operatiivsetel, juriidilistel v\u00f5i regulatiivsetel p\u00f5hjustel. Me postitame muudetud privaatsuspoliitika veebilehele, uuendame \u201cviimati uuendatud\u201d kuup\u00e4eva ja v\u00f5tame k\u00f5ik muud seadusega n\u00f5utavad meetmed.<\/p>\n\n\n\n<h2 class=\"wp-block-heading\">KUIDAS ME KOGUME JA KASUTAME TEIE ISIKLIKKU TEAVET<\/h2>\n\n\n\n<p>Teenuste pakkumiseks kogume ja oleme viimase 12 kuu jooksul kogunud teie kohta isiklikku teavet mitmest allikast, nagu on allpool kirjeldatud. Teave, mida me kogume ja kasutame, varieerub s\u00f5ltuvalt sellest, kuidas te meiega suhtlete.<\/p>\n\n\n\n<p>Lisaks allpool toodud konkreetsetele kasutusviisidele v\u00f5ime kogutud teavet teie kohta kasutada suhtlemiseks teiega, teenuste pakkumiseks, k\u00f5igi kehtivate \u00f5iguslike kohustuste t\u00e4itmiseks, k\u00f5igi kehtivate teenusetingimuste t\u00e4itmiseks ning teenuste, meie \u00f5iguste ja meie kasutajate v\u00f5i teiste \u00f5iguste kaitsmiseks v\u00f5i kaitsmiseks.<\/p>\n\n\n\n<h3 class=\"wp-block-heading\">MILLIST ISIKLIKKU TEAVET ME KOGUME<\/h3>\n\n\n\n<p>Teie kohta saadud isikliku teabe t\u00fc\u00fcbid s\u00f5ltuvad sellest, kuidas te meie veebisaidiga suhtlete ja meie teenuseid kasutate. Kui me kasutame terminit \u201cisiklik teave\u201d, peame silmas teavet, mis tuvastab, on seotud, kirjeldab v\u00f5i v\u00f5ib olla seotud teiega. J\u00e4rgmised jaotised kirjeldavad kategooriaid ja konkreetseid isikliku teabe t\u00fc\u00fcpe, mida me kogume.<\/p>\n\n\n\n<h3 class=\"wp-block-heading\">TEAVE, MIDA KOGUME OTSE TEILT<\/h3>\n\n\n\n<p>Teave, mida te meile otse meie teenuste kaudu edastate, v\u00f5ib sisaldada:<\/p>\n\n\n\n<ul class=\"wp-block-list\">\n<li>P\u00f5hilised kontaktandmed, sealhulgas teie nimi, aadress, telefoninumber, e-post.<\/li>\n\n\n\n<li>Tellimuste teave, sealhulgas teie nimi, arveldusaadress, saatmisaadress, makse kinnitamine, e-posti aadress, telefoninumber.<\/li>\n\n\n\n<li>Konto teave, sealhulgas teie kasutajanimi, parool, turvak\u00fcsimused.<\/li>\n\n\n\n<li>Ostukorvi teave, sealhulgas esemed, mida te vaatate, lisate ostukorvi v\u00f5i soovinimekirja.<\/li>\n\n\n\n<li>Klienditoe teave, sealhulgas teave, mida otsustate meiega suhtlemisel lisada, n\u00e4iteks s\u00f5numi saatmisel teenuste kaudu.<\/li>\n<\/ul>\n\n\n\n<p>M\u00f5ned teenuste funktsioonid v\u00f5ivad n\u00f5uda teilt teatud isikliku teabe otse edastamist. Te v\u00f5ite otsustada seda teavet mitte edastada, kuid see v\u00f5ib takistada teid nende funktsioonide kasutamisel v\u00f5i neile juurdep\u00e4\u00e4sul.<\/p>\n\n\n\n<h3 class=\"wp-block-heading\">TEAVE, MIDA KOGUME K\u00dcPSISTE KAUDU<\/h3>\n\n\n\n<p>Me kogume automaatselt teatud teavet teie suhtlemise kohta teenustega (\u201ckasutusandmed\u201d). Selleks v\u00f5ime kasutada k\u00fcpsiseid, piksleid ja sarnaseid tehnoloogiaid (\u201ck\u00fcpsised\u201d). Kasutusandmed v\u00f5ivad h\u00f5lmata teavet selle kohta, kuidas te p\u00e4\u00e4sete meie veebisaidile ja kasutate oma kontot, sealhulgas seadme teavet, brauseri teavet, teavet teie v\u00f5rgu\u00fchenduse kohta, teie IP-aadressi ja muud teavet teie suhtlemise kohta teenustega.<\/p>\n\n\n\n<h3 class=\"wp-block-heading\">TEAVE, MIDA SAAME KOLMANDATELT OSAPOOLT<\/h3>\n\n\n\n<p>L\u00f5puks v\u00f5ime saada teavet teie kohta kolmandatelt osapooltelt, sealhulgas m\u00fc\u00fcjatelt ja teenusepakkujatelt, kes v\u00f5ivad meie nimel teavet koguda, n\u00e4iteks:<\/p>\n\n\n\n<ul class=\"wp-block-list\">\n<li>Meie makset\u00f6\u00f6tlejad, kes koguvad makseteavet (nt pangakonto, krediit- v\u00f5i deebetkaardi teave, arveldusaadress), et t\u00f6\u00f6tleda teie makseid, t\u00e4ita teie tellimusi ja pakkuda teile tellitud tooteid v\u00f5i teenuseid, et t\u00e4ita meie lepingut teiega.<\/li>\n\n\n\n<li>Kui k\u00fclastate meie veebisaiti, avate v\u00f5i kl\u00f5psate meie saadetud e-kirju v\u00f5i suhtlete meie teenuste v\u00f5i reklaamidega, v\u00f5ime meie v\u00f5i kolmandad osapooled, kellega koost\u00f6\u00f6d teeme, automaatselt koguda teatud teavet veebij\u00e4lgimistehnoloogiate abil, nagu pikslid, veebimajakad, tarkvaraarendajate komplektid, kolmandate osapoolte raamatukogud ja k\u00fcpsised.<\/li>\n<\/ul>\n\n\n\n<p>Kogu teavet, mida saame kolmandatelt osapooltelt, k\u00e4sitletakse vastavalt sellele privaatsuspoliitikale. Me ei vastuta kolmandate osapoolte meile edastatud teabe t\u00e4psuse eest ega vastuta kolmandate osapoolte poliitikate v\u00f5i tavade eest. Lisateabe saamiseks vaadake allolevat jaotist Kolmandate osapoolte veebisaidid ja lingid.<\/p>\n\n\n\n<h3 class=\"wp-block-heading\">KUIDAS ME KASUTAME TEIE ISIKLIKKU TEAVET<\/h3>\n\n\n\n<ul class=\"wp-block-list\">\n<li>Toodete ja teenuste pakkumine. Kasutame teie isiklikku teavet teenuste pakkumiseks, et t\u00e4ita meie lepingut teiega, sealhulgas teie maksete t\u00f6\u00f6tlemiseks, teie tellimuste t\u00e4itmiseks, teile kontoga seotud teadete, ostude, tagastuste, vahetuste v\u00f5i muude tehingute saatmiseks, teie konto loomiseks, hooldamiseks ja muul viisil haldamiseks, saatmise korraldamiseks, tagastuste ja vahetuste h\u00f5lbustamiseks ning v\u00f5imaldamaks teil j\u00e4tta arvustusi.<\/li>\n\n\n\n<li>Turundus ja reklaam. Kasutame teie isiklikku teavet turundus- ja reklaamieesm\u00e4rkidel, n\u00e4iteks turundus-, reklaami- ja promotsiooniteadete saatmiseks e-posti, tekstis\u00f5numi v\u00f5i posti teel ning toodete v\u00f5i teenuste reklaamide kuvamiseks. See v\u00f5ib h\u00f5lmata teie isikliku teabe kasutamist teenuste ja reklaamide paremaks kohandamiseks meie veebisaidil ja teistel veebisaitidel.<\/li>\n\n\n\n<li>Turvalisus ja pettuste ennetamine. Kasutame teie isiklikku teavet v\u00f5imaliku pettuse, ebaseadusliku v\u00f5i pahatahtliku tegevuse tuvastamiseks, uurimiseks v\u00f5i selle vastu tegutsemiseks. Kui otsustate teenuseid kasutada ja konto registreerida, vastutate oma konto andmete turvalisuse eest. Soovitame tungivalt, et te ei jagaks oma kasutajanime, parooli ega muid juurdep\u00e4\u00e4suandmeid kellegagi. Kui arvate, et teie konto on ohustatud, v\u00f5tke meiega viivitamatult \u00fchendust.<\/li>\n\n\n\n<li>Suhtlemine teiega. Kasutame teie isiklikku teavet, et pakkuda teile kliendituge ja parandada meie teenuseid. See on meie \u00f5igustatud huvides, et olla teile vastutulelik, pakkuda teile t\u00f5husaid teenuseid ja s\u00e4ilitada oma \u00e4risuhet teiega.<\/li>\n<\/ul>\n\n\n\n<h2 class=\"wp-block-heading\">K\u00dcPSISED<\/h2>\n\n\n\n<p>Nagu paljud veebisaidid, kasutame ka meie oma veebisaidil k\u00fcpsiseid. Spetsiifilise teabe saamiseks meie kasutatavate k\u00fcpsiste kohta vaadake <a href=\"https:\/\/www.shopify.com\/legal\/cookies\">https:\/\/www.shopify.com\/legal\/cookies<\/a>. Kasutame k\u00fcpsiseid oma veebisaidi ja teenuste t\u00e4iustamiseks ja parandamiseks (sealhulgas teie tegevuste ja eelistuste meeldej\u00e4tmiseks), anal\u00fc\u00fcsi l\u00e4biviimiseks ja teenuste kasutaja suhtlemise paremaks m\u00f5istmiseks (meie \u00f5igustatud huvides teenuste haldamiseks, t\u00e4iustamiseks ja optimeerimiseks). V\u00f5ime lubada ka kolmandatel osapooltel ja teenusepakkujatel kasutada meie veebisaidil k\u00fcpsiseid, et paremini kohandada teenuseid, tooteid ja reklaame meie veebisaidil ja teistel veebisaitidel.<\/p>\n\n\n\n<p>Enamik brausereid aktsepteerib k\u00fcpsiseid automaatselt vaikimisi, kuid saate oma brauseri seadistada k\u00fcpsiseid eemaldama v\u00f5i keelama brauseri juhtseadistuste kaudu. Pidage meeles, et k\u00fcpsiste eemaldamine v\u00f5i blokeerimine v\u00f5ib negatiivselt m\u00f5jutada teie kasutajakogemust ja p\u00f5hjustada teatud teenuste, sealhulgas teatud funktsioonide ja \u00fcldise funktsionaalsuse, mittetoimimist v\u00f5i k\u00e4ttesaadavuse kadumist. Lisaks ei pruugi k\u00fcpsiste blokeerimine t\u00e4ielikult takistada meie teabe jagamist kolmandate osapoolte, n\u00e4iteks meie reklaamipartneritega.<\/p>\n\n\n\n<h2 class=\"wp-block-heading\">KUIDAS ME AVALDAME ISIKLIKKU TEAVET<\/h2>\n\n\n\n<p>Teatud asjaoludel v\u00f5ime avaldada teie isiklikku teavet kolmandatele osapooltele \u00f5igustatud eesm\u00e4rkidel, mis on allutatud sellele privaatsuspoliitikale. Sellisteks asjaoludeks v\u00f5ivad olla:<\/p>\n\n\n\n<ul class=\"wp-block-list\">\n<li>Tarnijate v\u00f5i teiste kolmandate osapooltega, kes pakuvad teenuseid meie nimel (nt IT-haldus, maksete t\u00f6\u00f6tlemine, andmeanal\u00fc\u00fcs, klienditugi, pilvesalvestus, tellimuste t\u00e4itmine ja saatmine).<\/li>\n\n\n\n<li>\u00c4ri- ja turunduspartneritega, et pakkuda teenuseid ja reklaamida teile. Meie \u00e4ri- ja turunduspartnerid kasutavad teie teavet vastavalt omaenda privaatsusteavitustele.<\/li>\n\n\n\n<li>Kui te suunate, palute meid v\u00f5i annate meile n\u00f5usoleku teatud teabe avaldamiseks kolmandatele osapooltele, n\u00e4iteks toodete saatmiseks teile v\u00f5i sotsiaalmeedia vidinate v\u00f5i sisselogimisintegreerimise kasutamisel, teie n\u00f5usolekul.<\/li>\n\n\n\n<li>Meie sidusettev\u00f5tetega v\u00f5i meie korporatiivgrupi sees, meie \u00f5igustatud huvides eduka \u00e4ritegevuse tagamiseks.<\/li>\n\n\n\n<li>\u00c4ritehinguga seoses, n\u00e4iteks \u00fchinemise v\u00f5i pankrotiga, et t\u00e4ita k\u00f5iki kehtivaid \u00f5iguslikke kohustusi (sealhulgas vastata kohtukutsetele, l\u00e4biotsimism\u00e4\u00e4rustele ja sarnastele n\u00f5uetele), t\u00e4ita kehtivaid teenusetingimusi ning kaitsta v\u00f5i kaitsta teenuseid, meie \u00f5igusi ja meie kasutajate v\u00f5i teiste \u00f5igusi.<\/li>\n<\/ul>\n\n\n\n<p>Oleme viimase 12 kuu jooksul avaldanud j\u00e4rgmisi isikliku teabe ja tundliku isikliku teabe (t\u00e4histatud *) kategooriaid kasutajate kohta, et saavutada \u00fclaltoodud eesm\u00e4rgid \u201cKuidas me kogume ja kasutame teie isiklikku teavet\u201d ja \u201cKuidas me avaldame isiklikku teavet\u201d:<\/p>\n\n\n\n<figure class=\"wp-block-table\"><table class=\"has-fixed-layout\"><tbody><tr><th>Kategooria<\/th><th>Saajate kategooriad<\/th><\/tr><tr><td>Identifikaatorid, nagu p\u00f5hilised kontaktandmed ja teatud tellimuste ja konto teave \u00c4riteave, nagu tellimuste teave, ostukorvi teave ja klienditoe teave Interneti v\u00f5i muu sarnase v\u00f5rgu tegevus, nagu kasutusandmed<\/td><td>Tarnijad ja kolmandad osapooled, kes pakuvad teenuseid meie nimel (nt Interneti-teenuse pakkujad, maksete t\u00f6\u00f6tlejad, tellimuste t\u00e4itmise partnerid, klienditoe partnerid ja andmeanal\u00fc\u00fcsi pakkujad) \u00c4ri- ja turunduspartnerid Sidusettev\u00f5tted<\/td><\/tr><\/tbody><\/table><\/figure>\n\n\n\n<p>Me ei kasuta ega avalda tundlikku isiklikku teavet teie iseloomuomaduste tuletamise eesm\u00e4rgil.<\/p>\n\n\n\n<h2 class=\"wp-block-heading\">KASUTAJATE LOODUD SISU<\/h2>\n\n\n\n<p>Teenused v\u00f5ivad v\u00f5imaldada teil postitada toote\u00fclevaateid ja muud kasutajate loodud sisu. Kui otsustate kasutajate loodud sisu avaldada teenuste mis tahes avalikus osas, on see sisu avalik ja k\u00e4ttesaadav k\u00f5igile.<\/p>\n\n\n\n<p>Me ei kontrolli, kellel on juurdep\u00e4\u00e4s teabele, mida otsustate teistele k\u00e4ttesaadavaks teha, ega saa tagada, et osapooled, kellel on juurdep\u00e4\u00e4s sellisele teabele, austavad teie privaatsust v\u00f5i hoiavad seda turvalisena. Me ei vastuta \u00fchegi teabe privaatsuse v\u00f5i turvalisuse eest, mille teete avalikult k\u00e4ttesaadavaks, ega vastuta \u00fchegi teabe t\u00e4psuse, kasutamise v\u00f5i v\u00e4\u00e4rkasutuse eest, mida te avaldate v\u00f5i saate kolmandatelt osapooltelt.<\/p>\n\n\n\n<h2 class=\"wp-block-heading\">KOLMANDATE OSAPOOLTE VEEBISAIDID JA LINGID<\/h2>\n\n\n\n<p>Meie veebisait v\u00f5ib pakkuda linke kolmandate osapoolte poolt opereeritavatele veebisaitidele v\u00f5i muudele veebiplatvormidele. Kui j\u00e4rgite linke saitidele, mis ei ole meiega seotud v\u00f5i meie kontrolli all, peaksite \u00fcle vaatama nende privaatsus- ja turvapoliitikad ning muud tingimused. Me ei garanteeri ega vastuta selliste saitide privaatsuse v\u00f5i turvalisuse eest, sealhulgas nende saitide teabe t\u00e4psuse, t\u00e4ielikkuse v\u00f5i usaldusv\u00e4\u00e4rsuse eest. Teave, mida esitate avalikes v\u00f5i poolavalikes kohtades, sealhulgas teave, mida jagate kolmandate osapoolte sotsiaalmeedia platvormidel, v\u00f5ib olla n\u00e4htav ka teistele teenuste kasutajatele ja\/v\u00f5i nende kolmandate osapoolte platvormide kasutajatele ilma piiranguteta selle kasutamisel meie v\u00f5i kolmanda osapoole poolt. Selliste linkide lisamine ei t\u00e4henda iseenesest sellise sisu v\u00f5i nende omanike v\u00f5i operaatorite heakskiitmist, v\u00e4lja arvatud juhul, kui see on teenustes avaldatud.<\/p>\n\n\n\n<h2 class=\"wp-block-heading\">LASTE ANDMED<\/h2>\n\n\n\n<p>Teenused ei ole m\u00f5eldud laste kasutamiseks ja me ei kogu teadlikult laste isiklikku teavet. Kui olete lapsevanem v\u00f5i eestkostja, kes on andnud meile oma lapse isikliku teabe, v\u00f5ite meiega \u00fchendust v\u00f5tta allpool toodud kontaktandmete kaudu, et paluda selle kustutamist.<\/p>\n\n\n\n<p>K\u00e4esoleva privaatsuspoliitika j\u00f5ustumise kuup\u00e4eva seisuga ei ole meil tegelikku teadmist, et me \u201cjagame\u201d v\u00f5i \u201cm\u00fc\u00fcme\u201d (nagu need m\u00f5isted on m\u00e4\u00e4ratletud kohaldatavas seaduses) alla 16-aastaste isikute isiklikku teavet.<\/p>\n\n\n\n<h2 class=\"wp-block-heading\">TEIE TEABE TURVALISUS JA S\u00c4ILITAMINE<\/h2>\n\n\n\n<p>Olge teadlik, et \u00fckski turvameede ei ole t\u00e4iuslik ega l\u00e4bimatu ja me ei saa garanteerida \u201ct\u00e4iuslikku turvalisust\u201d. Lisaks ei pruugi mis tahes teave, mida meile saadate, olla turvaline edastamise ajal. Soovitame teil mitte kasutada ebausaldusv\u00e4\u00e4rseid kanaleid tundliku v\u00f5i konfidentsiaalse teabe edastamiseks meile.<\/p>\n\n\n\n<p>Kui kaua me teie isiklikku teavet s\u00e4ilitame, s\u00f5ltub erinevatest teguritest, n\u00e4iteks sellest, kas vajame teavet teie konto s\u00e4ilitamiseks, teenuste pakkumiseks, \u00f5iguslike kohustuste t\u00e4itmiseks, vaidluste lahendamiseks v\u00f5i muude kohaldatavate lepingute ja poliitikate j\u00f5ustamiseks.<\/p>\n\n\n\n<h2 class=\"wp-block-heading\">TEIE \u00d5IGUSED JA VALIKUD<\/h2>\n\n\n\n<p>S\u00f5ltuvalt teie elukohast v\u00f5ib teil olla m\u00f5ned v\u00f5i k\u00f5ik allpool loetletud \u00f5igused seoses teie isikliku teabega. Need \u00f5igused ei ole aga absoluutsed, v\u00f5ivad kehtida ainult teatud asjaoludel ja m\u00f5nel juhul v\u00f5ime teie taotluse tagasi l\u00fckata seadusega lubatud ulatuses.<\/p>\n\n\n\n<ul class=\"wp-block-list\">\n<li>\u00d5igus juurdep\u00e4\u00e4sule\/teadmiseks. Teil v\u00f5ib olla \u00f5igus taotleda juurdep\u00e4\u00e4su isiklikule teabele, mida me teie kohta hoiame, sealhulgas \u00fcksikasju selle kohta, kuidas me teie teavet kasutame ja jagame.<\/li>\n\n\n\n<li>\u00d5igus kustutada. Teil v\u00f5ib olla \u00f5igus taotleda, et me kustutaksime teie kohta hoitava isikliku teabe.<\/li>\n\n\n\n<li>\u00d5igus parandada. Teil v\u00f5ib olla \u00f5igus taotleda, et me parandaksime ebat\u00e4pse isikliku teabe, mida me teie kohta hoiame.<\/li>\n\n\n\n<li>\u00d5igus andmete \u00fclekantavusele. Teil v\u00f5ib olla \u00f5igus saada koopia isiklikust teabest, mida me teie kohta hoiame, ja taotleda selle edastamist kolmandale osapoolele, teatud tingimustel ja teatud eranditega.<\/li>\n\n\n\n<li>T\u00f6\u00f6tlemise piiramine. Teil v\u00f5ib olla \u00f5igus paluda, et me l\u00f5petaksime v\u00f5i piiraksime isikliku teabe t\u00f6\u00f6tlemist.<\/li>\n\n\n\n<li>N\u00f5usoleku tagasiv\u00f5tmine. Kui tugineme teie isikliku teabe t\u00f6\u00f6tlemisel n\u00f5usolekule, v\u00f5ib teil olla \u00f5igus see n\u00f5usolek tagasi v\u00f5tta.<\/li>\n\n\n\n<li>Kaebus. Teil v\u00f5ib olla \u00f5igus esitada meie otsuse peale kaebus, kui keeldume teie taotlust t\u00f6\u00f6tlemast. Seda saate teha, vastates otse meie keeldumisele.<\/li>\n\n\n\n<li>Suhtlemise eelistuste haldamine. V\u00f5ime teile saata reklaamkirju ja v\u00f5ite neist loobuda igal ajal, kasutades meie saadetud e-kirjades olevat loobumisvalikut. Kui loobute, v\u00f5ime siiski saata teile mittereeklaamkirju, n\u00e4iteks teie konto v\u00f5i tehtud tellimuste kohta.<\/li>\n<\/ul>\n\n\n\n<p>Neid \u00f5igusi saate kasutada, kui see on n\u00e4idatud meie veebisaidil v\u00f5i v\u00f5tke meiega \u00fchendust allpool toodud kontaktandmete kaudu.<\/p>\n\n\n\n<p>Me ei diskrimineeri teid nende \u00f5iguste kasutamise eest. V\u00f5ime enne teie taotlusele sisulise vastuse andmist koguda teilt teavet teie isiku tuvastamiseks, n\u00e4iteks teie e-posti aadressi v\u00f5i kontoandmeid. Kohaldatavate seaduste kohaselt v\u00f5ite m\u00e4\u00e4rata volitatud esindaja, kes esitab teie nimel taotlusi teie \u00f5iguste kasutamiseks. Enne sellise taotluse vastuv\u00f5tmist esindajalt n\u00f5uame, et esindaja t\u00f5endaks, et olete volitanud teda tegutsema teie nimel, ja v\u00f5ime n\u00f5uda, et te kinnitaksite oma isikut otse meiega. Vastame teie taotlusele \u00f5igeaegselt, nagu on n\u00f5utud kohaldatava seaduse alusel.<\/p>\n\n\n\n<h2 class=\"wp-block-heading\">KAEBUSED<\/h2>\n\n\n\n<p>Kui teil on kaebusi selle kohta, kuidas me teie isiklikku teavet t\u00f6\u00f6tleme, v\u00f5tke meiega \u00fchendust allpool toodud kontaktandmete kaudu. Kui te ei ole rahul meie vastusega teie kaebusele, v\u00f5ib teil s\u00f5ltuvalt elukohast olla \u00f5igus meie otsuse peale kaevata, v\u00f5ttes meiega \u00fchendust allpool toodud kontaktandmete kaudu v\u00f5i esitades kaebuse oma kohaliku andmekaitseasutuse juurde.<\/p>\n\n\n\n<h2 class=\"wp-block-heading\">RAHVUSVAHELISED KASUTAJAD<\/h2>\n\n\n\n<p>Pange t\u00e4hele, et v\u00f5ime edastada, salvestada ja t\u00f6\u00f6delda teie isiklikku teavet v\u00e4ljaspool teie elukohariiki, sealhulgas Ameerika \u00dchendriikides. Teie isiklikku teavet t\u00f6\u00f6tlevad ka t\u00f6\u00f6tajad ja kolmandate osapoolte teenusepakkujad ja partnerid nendes riikides.<\/p>\n\n\n\n<p>Kui edastame teie isikliku teabe Euroopast v\u00e4lja, tugineme tunnustatud edastusmehhanismidele, n\u00e4iteks Euroopa Komisjoni standardsetele lepingutingimustele, v\u00f5i mis tahes samav\u00e4\u00e4rsetele lepingutele, mille on v\u00e4lja andnud \u00dchendkuningriigi p\u00e4dev asutus, kui see on asjakohane, v\u00e4lja arvatud juhul, kui andmeedastus toimub riiki, mis on m\u00e4\u00e4ratud pakkuma piisavat kaitsetaset.<\/p>\n\n\n\n<h2 class=\"wp-block-heading\">KONTAKT<\/h2>\n\n\n\n<p>Kui teil on k\u00fcsimusi meie privaatsustavade v\u00f5i selle privaatsuspoliitika kohta v\u00f5i kui soovite kasutada teile k\u00e4ttesaadavaid \u00f5igusi, saatke meile e-kiri aadressil <a href=\"mailto:salesabrasivetechnology@gmail.com\">salesabrasivetechnology@gmail.com<\/a><\/p>\n","protected":false},"excerpt":{"rendered":"<p>Viimati uuendatud:&nbsp;26.06.2024 See privaatsuspoliitika kirjeldab, kuidas Abrasive Technology (edaspidi \u201cveebileht\u201d, \u201cmeie\u201d, \u201cme\u201d v\u00f5i \u201cmeie oma\u201d) kogub, kasutab ja avaldab teie isiklikku teavet, kui k\u00fclastate, kasutate meie teenuseid v\u00f5i sooritate ostu veebilehel abrasive.com (edaspidi \u201cveebileht\u201d) v\u00f5i suhtlete meiega muul viisil (\u00fchiselt, \u201cteenused\u201d). K\u00e4esoleva privaatsuspoliitika m\u00f5istes t\u00e4hendab \u201cteie\u201d ja \u201cteie oma\u201d teid kui teenuste kasutajat, olenemata sellest, kas olete klient, veebisaidi k\u00fclastaja\u2026<\/p>\n","protected":false},"author":1,"featured_media":0,"parent":0,"menu_order":0,"comment_status":"closed","ping_status":"open","template":"","meta":{"_acf_changed":false,"footnotes":""},"acf":[],"_links":{"self":[{"href":"https:\/\/baltics.buysteelgrit.com\/et\/wp-json\/wp\/v2\/pages\/10302"}],"collection":[{"href":"https:\/\/baltics.buysteelgrit.com\/et\/wp-json\/wp\/v2\/pages"}],"about":[{"href":"https:\/\/baltics.buysteelgrit.com\/et\/wp-json\/wp\/v2\/types\/page"}],"author":[{"embeddable":true,"href":"https:\/\/baltics.buysteelgrit.com\/et\/wp-json\/wp\/v2\/users\/1"}],"replies":[{"embeddable":true,"href":"https:\/\/baltics.buysteelgrit.com\/et\/wp-json\/wp\/v2\/comments?post=10302"}],"version-history":[{"count":0,"href":"https:\/\/baltics.buysteelgrit.com\/et\/wp-json\/wp\/v2\/pages\/10302\/revisions"}],"wp:attachment":[{"href":"https:\/\/baltics.buysteelgrit.com\/et\/wp-json\/wp\/v2\/media?parent=10302"}],"curies":[{"name":"wp","href":"https:\/\/api.w.org\/{rel}","templated":true}]}}